{"id":497264,"date":"2026-01-01T22:49:37","date_gmt":"2026-01-01T21:49:37","guid":{"rendered":"https:\/\/transparentgift.com\/de\/personalisierte-tasse-vereinte-haende-mit-namen\/"},"modified":"2026-01-29T14:00:33","modified_gmt":"2026-01-29T13:00:33","slug":"personalisierte-tasse-vereinte-haende-mit-namen","status":"publish","type":"product","link":"https:\/\/transparentgift.com\/de\/personalisierte-tasse-vereinte-haende-mit-namen\/","title":{"rendered":"Personalisierte Tasse \u201eVereinte H\u00e4nde\u201c mit Namen"},"content":{"rendered":"<p>Zeige deiner Partnerin oder deinem Partner deine ganze Liebe mit dieser <strong>personalisierten Tasse mit euren Namen<\/strong> und mache das originellste Geschenk zum Valentinstag, zu eurem Jahrestag oder zum Geburtstag. Deine Liebe wird nicht mehr mit einer anderen Tasse fr\u00fchst\u00fccken wollen! Sie ist auch perfekt als Geschenk f\u00fcr das Brautpaar am Tag der Hochzeit.<\/p>\n<p>Wie personalisieren? Ganz einfach! Du musst nur deinen Namen zusammen mit dem deines Freundes oder deiner Freundin in das entsprechende Feld schreiben, und sie werden neben dem romantischen Design von zwei vereinten H\u00e4nden eingraviert. Er\/sie wird v\u00f6llig ger\u00fchrt sein!<\/p>\n<p>Sie ist aus hochwertiger Keramik gefertigt und f\u00fcr Mikrowelle und Sp\u00fclmaschine geeignet. Mit Henkel f\u00fcr einen sicheren Halt. Au\u00dferdem kannst du die Tasse gegen einen Aufpreis von 6 Euro mit Kinder-Schokoriegeln f\u00fcllen. W\u00e4hle dazu einfach diese Option bei der Personalisierung aus. Das perfekte originelle Geschenk, damit deine Liebe Fr\u00fchst\u00fcck oder Kaffeepause mit der besten Tasse genie\u00dfen kann.<\/p>\n<p>Ein einzigartiges Geschenk, da es ausschlie\u00dflich f\u00fcr deine Partnerin oder deinen Partner gedacht ist. Z\u00f6gere nicht, diese Tasse zu verschenken und Fr\u00fchst\u00fccke und Nachmittagsimbisse noch besonderer zu machen.<\/p>\n<p><strong>Eigenschaften:<\/strong><\/p>\n<ul>\n<li>Gr\u00f6\u00dfe: 9,5 x 8 cm<\/li>\n<li>Material: Keramik.<\/li>\n<li>Fassungsverm\u00f6gen: 333 ml<\/li>\n<li>Pflege: F\u00fcr Mikrowelle und Sp\u00fclmaschine geeignet.<\/li>\n<li>Extras: Beutel mit Kinder.<\/li>\n<\/ul>\n","protected":false},"excerpt":{"rendered":"<p>Zeige deiner Partnerin oder deinem Partner deine ganze Liebe mit dieser personalisierten Tasse mit e [&#8230;]<\/p>\n","protected":false},"featured_media":497340,"comment_status":"open","ping_status":"closed","template":"","meta":{"_acf_changed":false},"product_brand":[],"product_cat":[1910],"product_tag":[1777],"class_list":{"0":"post-497264","1":"product","2":"type-product","3":"status-publish","4":"has-post-thumbnail","6":"product_cat-personalisierte-tassen","7":"product_tag-paare","9":"first","10":"instock","11":"taxable","12":"shipping-taxable","13":"purchasable","14":"product-type-simple"},"acf":[],"df_price":14.99,"df_sale_price":"","df_regular_price":14.99,"df_image_link":"https:\/\/transparentgift.com\/de\/wp-content\/uploads\/2026\/01\/1-300x300.png","_links":{"self":[{"href":"https:\/\/transparentgift.com\/de\/wp-json\/wp\/v2\/product\/497264","targetHints":{"allow":["GET"]}}],"collection":[{"href":"https:\/\/transparentgift.com\/de\/wp-json\/wp\/v2\/product"}],"about":[{"href":"https:\/\/transparentgift.com\/de\/wp-json\/wp\/v2\/types\/product"}],"replies":[{"embeddable":true,"href":"https:\/\/transparentgift.com\/de\/wp-json\/wp\/v2\/comments?post=497264"}],"wp:featuredmedia":[{"embeddable":true,"href":"https:\/\/transparentgift.com\/de\/wp-json\/wp\/v2\/media\/497340"}],"wp:attachment":[{"href":"https:\/\/transparentgift.com\/de\/wp-json\/wp\/v2\/media?parent=497264"}],"wp:term":[{"taxonomy":"product_brand","embeddable":true,"href":"https:\/\/transparentgift.com\/de\/wp-json\/wp\/v2\/product_brand?post=497264"},{"taxonomy":"product_cat","embeddable":true,"href":"https:\/\/transparentgift.com\/de\/wp-json\/wp\/v2\/product_cat?post=497264"},{"taxonomy":"product_tag","embeddable":true,"href":"https:\/\/transparentgift.com\/de\/wp-json\/wp\/v2\/product_tag?post=497264"}],"curies":[{"name":"wp","href":"https:\/\/api.w.org\/{rel}","templated":true}]}}