{"id":497265,"date":"2026-01-01T22:49:37","date_gmt":"2026-01-01T21:49:37","guid":{"rendered":"https:\/\/transparentgift.com\/de\/personalisierte-kalender-tasse\/"},"modified":"2026-01-29T14:00:25","modified_gmt":"2026-01-29T13:00:25","slug":"personalisierte-kalender-tasse","status":"publish","type":"product","link":"https:\/\/transparentgift.com\/de\/personalisierte-kalender-tasse\/","title":{"rendered":"Personalisierte Kalender-Tasse"},"content":{"rendered":"<p>Zeige deiner Partnerin oder deinem Partner deine ganze Liebe mit dieser <strong>personalisierten Tasse<\/strong> mit eurem romantischsten Foto und euren Namen. Sie ist das <strong>originellste Geschenk zum Valentinstag, zu eurem Jahrestag<\/strong> oder zum Geburtstag. Deine Liebe wird nicht mehr mit einer anderen Tasse fr\u00fchst\u00fccken wollen!<\/p>\n<p>Wie personalisieren? Ganz einfach! Du musst nur <strong>dieses Datum<\/strong> ausw\u00e4hlen, das f\u00fcr euch besonders ist, <strong>euer Lieblingsfoto<\/strong> und <strong>eure Namen eingeben<\/strong>. Das Foto wird in einem Herz auf dem <strong>Kalenderdesign<\/strong> eingerahmt, und die Namen werden vorne auf der Tasse vertikal eingraviert. Deine bessere H\u00e4lfte wird total ger\u00fchrt sein!<\/p>\n<p>Sie ist aus hochwertiger Keramik gefertigt und <strong>mikrowellen- und sp\u00fclmaschinengeeignet<\/strong>. <strong>Mit Henkel<\/strong> f\u00fcr einen sicheren Halt. Au\u00dferdem kannst du die <strong>Tasse gegen einen Aufpreis von 6 Euro mit Kinder-Schokoriegeln f\u00fcllen<\/strong>. Du musst diese Option nur bei der Personalisierung ausw\u00e4hlen. Das perfekte Geschenk, damit deine bessere H\u00e4lfte das <strong>Fr\u00fchst\u00fcck<\/strong> oder die <strong>Kaffeepause<\/strong> mit der besten Tasse genie\u00dfen kann.<\/p>\n<p>Ein einzigartiges Geschenk, da es ausschlie\u00dflich f\u00fcr deine bessere H\u00e4lfte gedacht ist. Z\u00f6gere nicht, diese Tasse zu verschenken, und mache Fr\u00fchst\u00fcck und Nachmittagsimbiss noch besonderer<\/p>\n<p><strong>Eigenschaften:<\/strong><\/p>\n<ul>\n<li>Gr\u00f6\u00dfe: 9,5 x 8 cm<\/li>\n<li>Material: Keramik.<\/li>\n<li>Fassungsverm\u00f6gen: 333 ml.<\/li>\n<li>Pflege: Mikrowellen- und sp\u00fclmaschinengeeignet.<\/li>\n<li>Extras: Beutel mit Kinder.<\/li>\n<\/ul>\n","protected":false},"excerpt":{"rendered":"<p>Zeige deiner Partnerin oder deinem Partner deine ganze Liebe mit dieser personalisierten Tasse mit e [&#8230;]<\/p>\n","protected":false},"featured_media":497584,"comment_status":"open","ping_status":"closed","template":"","meta":{"_acf_changed":false},"product_brand":[],"product_cat":[1910],"product_tag":[1777],"class_list":{"0":"post-497265","1":"product","2":"type-product","3":"status-publish","4":"has-post-thumbnail","6":"product_cat-personalisierte-tassen","7":"product_tag-paare","9":"first","10":"instock","11":"taxable","12":"shipping-taxable","13":"purchasable","14":"product-type-simple"},"acf":[],"df_price":14.99,"df_sale_price":"","df_regular_price":14.99,"df_image_link":"https:\/\/transparentgift.com\/de\/wp-content\/uploads\/2026\/01\/1-portada-300x300.jpg","_links":{"self":[{"href":"https:\/\/transparentgift.com\/de\/wp-json\/wp\/v2\/product\/497265","targetHints":{"allow":["GET"]}}],"collection":[{"href":"https:\/\/transparentgift.com\/de\/wp-json\/wp\/v2\/product"}],"about":[{"href":"https:\/\/transparentgift.com\/de\/wp-json\/wp\/v2\/types\/product"}],"replies":[{"embeddable":true,"href":"https:\/\/transparentgift.com\/de\/wp-json\/wp\/v2\/comments?post=497265"}],"wp:featuredmedia":[{"embeddable":true,"href":"https:\/\/transparentgift.com\/de\/wp-json\/wp\/v2\/media\/497584"}],"wp:attachment":[{"href":"https:\/\/transparentgift.com\/de\/wp-json\/wp\/v2\/media?parent=497265"}],"wp:term":[{"taxonomy":"product_brand","embeddable":true,"href":"https:\/\/transparentgift.com\/de\/wp-json\/wp\/v2\/product_brand?post=497265"},{"taxonomy":"product_cat","embeddable":true,"href":"https:\/\/transparentgift.com\/de\/wp-json\/wp\/v2\/product_cat?post=497265"},{"taxonomy":"product_tag","embeddable":true,"href":"https:\/\/transparentgift.com\/de\/wp-json\/wp\/v2\/product_tag?post=497265"}],"curies":[{"name":"wp","href":"https:\/\/api.w.org\/{rel}","templated":true}]}}