{"id":497266,"date":"2026-01-01T22:49:38","date_gmt":"2026-01-01T21:49:38","guid":{"rendered":"https:\/\/transparentgift.com\/de\/personalisierte-love-tasse-mit-5-fotos\/"},"modified":"2026-01-29T14:00:34","modified_gmt":"2026-01-29T13:00:34","slug":"personalisierte-love-tasse-mit-5-fotos","status":"publish","type":"product","link":"https:\/\/transparentgift.com\/de\/personalisierte-love-tasse-mit-5-fotos\/","title":{"rendered":"Personalisierte Love-Tasse mit 5 Fotos"},"content":{"rendered":"<p>Zeige deiner besseren H\u00e4lfte deine ganze Liebe mit dieser <strong>personalisierten Tasse mit euren romantischsten Fotos<\/strong> und mache das originellste Geschenk zum Valentinstag, zu eurem Jahrestag oder zum Geburtstag. Deine Liebe wird nicht mehr mit einer anderen Tasse fr\u00fchst\u00fccken wollen! Sie ist auch perfekt als Geschenk f\u00fcr das Brautpaar am Hochzeitstag.<\/p>\n<p>Wie personalisieren? Ganz einfach! Du musst nur die f\u00fcnf Fotos ausw\u00e4hlen, die dir mit deiner besseren H\u00e4lfte am besten gefallen, und sie werden auf die Tasse gedruckt \u2013 zusammen mit dem Wort \u201eLOVE\u201c in W\u00fcrfeln. Du kannst die Farbe der W\u00fcrfel zwischen Rosa und Blau w\u00e4hlen. Sowohl das Design als auch die Fotos werden sehr auff\u00e4llig angeordnet. Deine bessere H\u00e4lfte wird total ger\u00fchrt sein!<\/p>\n<p>Sie ist aus hochwertiger Keramik gefertigt und f\u00fcr Mikrowelle und Sp\u00fclmaschine geeignet. Mit Henkel f\u00fcr einen sicheren Halt. Au\u00dferdem kannst du die Tasse gegen einen Aufpreis von 6 Euro mit Kinder-Schokoriegeln f\u00fcllen. W\u00e4hle dazu einfach diese Option bei der Personalisierung aus. Das perfekte originelle Geschenk, damit deine bessere H\u00e4lfte das Fr\u00fchst\u00fcck oder die Kaffeepause mit der besten Tasse genie\u00dfen kann.<\/p>\n<p>Ein einzigartiges Geschenk, das exklusiv f\u00fcr deine bessere H\u00e4lfte gedacht ist. Z\u00f6gere nicht, diese Tasse zu verschenken und Fr\u00fchst\u00fcck und Nachmittagsimbiss noch besonderer zu machen.<\/p>\n<p><strong>Eigenschaften:<\/strong><\/p>\n<ul>\n<li>Gr\u00f6\u00dfe: 9,5 x 8 cm<\/li>\n<li>Material: Keramik.<\/li>\n<li>Fassungsverm\u00f6gen: 333 ml<\/li>\n<li>Pflege: F\u00fcr Mikrowelle und Sp\u00fclmaschine geeignet.<\/li>\n<li>Extras: Beutel mit Kinder.<\/li>\n<\/ul>\n","protected":false},"excerpt":{"rendered":"<p>Zeige deiner besseren H\u00e4lfte deine ganze Liebe mit dieser personalisierten Tasse mit euren romantis [&#8230;]<\/p>\n","protected":false},"featured_media":497335,"comment_status":"open","ping_status":"closed","template":"","meta":{"_acf_changed":false},"product_brand":[],"product_cat":[1910],"product_tag":[1777],"class_list":{"0":"post-497266","1":"product","2":"type-product","3":"status-publish","4":"has-post-thumbnail","6":"product_cat-personalisierte-tassen","7":"product_tag-paare","9":"first","10":"instock","11":"taxable","12":"shipping-taxable","13":"purchasable","14":"product-type-simple"},"acf":[],"df_price":14.99,"df_sale_price":"","df_regular_price":14.99,"df_image_link":"https:\/\/transparentgift.com\/de\/wp-content\/uploads\/2026\/01\/1-5-300x300.jpg","_links":{"self":[{"href":"https:\/\/transparentgift.com\/de\/wp-json\/wp\/v2\/product\/497266","targetHints":{"allow":["GET"]}}],"collection":[{"href":"https:\/\/transparentgift.com\/de\/wp-json\/wp\/v2\/product"}],"about":[{"href":"https:\/\/transparentgift.com\/de\/wp-json\/wp\/v2\/types\/product"}],"replies":[{"embeddable":true,"href":"https:\/\/transparentgift.com\/de\/wp-json\/wp\/v2\/comments?post=497266"}],"wp:featuredmedia":[{"embeddable":true,"href":"https:\/\/transparentgift.com\/de\/wp-json\/wp\/v2\/media\/497335"}],"wp:attachment":[{"href":"https:\/\/transparentgift.com\/de\/wp-json\/wp\/v2\/media?parent=497266"}],"wp:term":[{"taxonomy":"product_brand","embeddable":true,"href":"https:\/\/transparentgift.com\/de\/wp-json\/wp\/v2\/product_brand?post=497266"},{"taxonomy":"product_cat","embeddable":true,"href":"https:\/\/transparentgift.com\/de\/wp-json\/wp\/v2\/product_cat?post=497266"},{"taxonomy":"product_tag","embeddable":true,"href":"https:\/\/transparentgift.com\/de\/wp-json\/wp\/v2\/product_tag?post=497266"}],"curies":[{"name":"wp","href":"https:\/\/api.w.org\/{rel}","templated":true}]}}