{"id":497267,"date":"2026-01-01T22:49:39","date_gmt":"2026-01-01T21:49:39","guid":{"rendered":"https:\/\/transparentgift.com\/de\/personalisierte-suessigkeitenbox-mit-texten\/"},"modified":"2026-03-11T20:00:53","modified_gmt":"2026-03-11T19:00:53","slug":"personalisierte-suessigkeitenbox-mit-texten","status":"publish","type":"product","link":"https:\/\/transparentgift.com\/de\/personalisierte-suessigkeitenbox-mit-texten\/","title":{"rendered":"Personalisierte S\u00fc\u00dfigkeitenbox mit Texten"},"content":{"rendered":"<p><strong>Entdecke die personalisierte S\u00fc\u00dfigkeitenbox mit Texten \u2013 ein Geschenk, das Liebe und S\u00fc\u00dfe vereint.<\/strong><\/p>\n<p data-start=\"397\" data-end=\"598\">Entdecken Sie die LOVE-S\u00fc\u00dfigkeitenbox mit personalisierten Texten. Ein einzigartiges und emotionales Geschenk, das S\u00fc\u00dfe und Individualit\u00e4t vereint.<\/p>\n<p>Ideal f\u00fcr Jahrestage, Valentinstag, Geburtstage oder als unvergessliches Detail bei Hochzeiten. Stell dir die Freude deines Lieblingsmenschen vor, wenn er oder sie seine bzw. ihre Lieblingsnaschereien entdeckt, die speziell f\u00fcr ihn oder sie ausgew\u00e4hlt wurden.<\/p>\n<h4><strong>Eigenschaften:<\/strong><\/h4>\n<ul>\n<li>Gr\u00f6\u00dfe: 28 x 18,5 x 2,5 cm<\/li>\n<li>Material: hochwertiger Karton.<\/li>\n<li>Inhalt: mehrfarbige Fruchtgummis oder Herz-Fruchtgummis.<\/li>\n<\/ul>\n<p><strong>BOX HERZ-FRUCHTGUMMIS<\/strong><\/p>\n<p><strong>Zutaten:<\/strong><\/p>\n<p>Glukosesirup, Zucker, Wasser, Gelatine, Feuchthaltemittel: E420, S\u00e4uerungsmittel: E330, E270, Aromen, S\u00e4ureregulator: E325, Farbstoffe: E129.<\/p>\n<table style=\"border-collapse: collapse; width: 100%; max-width: 400px;\" border=\"1\">\n<thead>\n<tr>\n<th style=\"padding: 6px;\">N\u00e4hrstoff<\/th>\n<th style=\"padding: 6px;\">Pro 100 g Mischung<\/th>\n<\/tr>\n<\/thead>\n<tbody>\n<tr>\n<td style=\"padding: 6px;\">Energiewert<\/td>\n<td style=\"padding: 6px;\">1.459 kJ \/ 345 kcal<\/td>\n<\/tr>\n<tr>\n<td style=\"padding: 6px;\">Fett<\/td>\n<td style=\"padding: 6px;\">0,2 g<\/td>\n<\/tr>\n<tr>\n<td style=\"padding: 6px;\">\u2014 davon ges\u00e4ttigte Fetts\u00e4uren<\/td>\n<td style=\"padding: 6px;\">0,1 g<\/td>\n<\/tr>\n<tr>\n<td style=\"padding: 6px;\">Kohlenhydrate<\/td>\n<td style=\"padding: 6px;\">79,5 g<\/td>\n<\/tr>\n<tr>\n<td style=\"padding: 6px;\">\u2014 davon Zucker<\/td>\n<td style=\"padding: 6px;\">49,4 g<\/td>\n<\/tr>\n<tr>\n<td style=\"padding: 6px;\">Eiwei\u00df<\/td>\n<td style=\"padding: 6px;\">4,5 g<\/td>\n<\/tr>\n<tr>\n<td style=\"padding: 6px;\">Salz<\/td>\n<td style=\"padding: 6px;\">0,02 g<\/td>\n<\/tr>\n<\/tbody>\n<\/table>\n<div style=\"font-family: sans-serif; line-height: 1.6; max-width: 600px;\">\n<p><strong>BOX MEHRFARBIGE FRUCHTGUMMIS<\/strong><\/p>\n<p><strong>Zutaten:<\/strong><\/p>\n<p>Glukosesirup, Zucker, Wasser, Gelatine, Feuchthaltemittel: E420, S\u00e4uerungsmittel: E330, E270, Geliermittel: Pektin, Aromen, S\u00e4ureregulator: E325, Farbstoffe: E129<\/p>\n<table style=\"border-collapse: collapse; width: 100%;\" border=\"1\">\n<thead>\n<tr>\n<th style=\"padding: 6px; text-align: left;\">N\u00e4hrstoff<\/th>\n<th style=\"padding: 6px; text-align: left;\">Wert pro 100 g<\/th>\n<\/tr>\n<\/thead>\n<tbody>\n<tr>\n<td style=\"padding: 6px;\">Energiewert<\/td>\n<td style=\"padding: 6px;\">1.441 kJ \/ 344 kcal<\/td>\n<\/tr>\n<tr>\n<td style=\"padding: 6px;\">Fett<\/td>\n<td style=\"padding: 6px;\">0,2 g<\/td>\n<\/tr>\n<tr>\n<td style=\"padding: 6px;\">\u2014 davon ges\u00e4ttigte Fetts\u00e4uren<\/td>\n<td style=\"padding: 6px;\">0,1 g<\/td>\n<\/tr>\n<tr>\n<td style=\"padding: 6px;\">Kohlenhydrate<\/td>\n<td style=\"padding: 6px;\">80,2 g<\/td>\n<\/tr>\n<tr>\n<td style=\"padding: 6px;\">\u2014 davon Zucker<\/td>\n<td style=\"padding: 6px;\">49,7 g<\/td>\n<\/tr>\n<tr>\n<td style=\"padding: 6px;\">Eiwei\u00df<\/td>\n<td style=\"padding: 6px;\">3,8 g<\/td>\n<\/tr>\n<tr>\n<td style=\"padding: 6px;\">Salz<\/td>\n<td style=\"padding: 6px;\">0,02 g<\/td>\n<\/tr>\n<\/tbody>\n<\/table>\n<\/div>\n<div style=\"font-family: sans-serif; line-height: 1.6; max-width: 700px;\">\n<p><strong>BOX KINDER-SCHOKOLADEN<\/strong><\/p>\n<p><strong>Schoko-Bons:<\/strong> Extra feine Milchschokolade 50% (Zucker, Vollmilchpulver, Kakaobutter, Kakaomasse, Emulgatoren: Lecithine (Soja), Aromen), Zucker. Magermilchpulver, Palmfett, Haseln\u00fcsse (5,8%), Butterreinfett, Zartbitterschokolade (Zucker, Kakaomasse, Kakaobutter, Emulgatoren: Lecithine (Soja); Aromen), \u00dcberzugsmittel (Gummi arabicum, Schellack), Glukosesirup, Emulgatoren: Lecithine (Soja), Aromen.<\/p>\n<p><em>Vom Gesamtanteil: Milchprodukte: 28%, Kakao: 16,5%.<\/em><\/p>\n<p><strong>Kinder Bueno:<\/strong> Milchschokolade 31% (Zucker, Kakaobutter, Kakaomasse, Magermilchpulver, Butterreinfett, Emulgatoren: Lecithine (Soja); Vanille), Zucker, Palmfett, Weizenmehl, Haseln\u00fcsse 10,8%, Magermilchpulver, Vollmilchpulver, Zartbitterschokolade (Zucker, Kakaomasse, Kakaobutter, Emulgatoren: Lecithine (Soja); Vanille), fettarmer Kakao, Emulgatoren: Lecithine (Soja); Backtriebmittel (Natriumhydrogencarbonat), Salz, Vanille.<\/p>\n<p><em>Vom Gesamtanteil: Milchprodukte 19%<\/em><\/p>\n<p><strong>Mini Kinder Chocolate:<\/strong><\/p>\n<p>Extra feine MILCHschokolade 40% (Zucker, VOLLMILCHpulver, Kakaobutter, Kakaomasse, Emulgatoren: Lecithine (SOJA), Vanillin), Zucker, MAGERMILCHpulver, Palmfett, BUTTERreinfett, Emulgatoren: Lecithine (SOJA), Vanillin.<\/p>\n<p><em>Vom Gesamtanteil: Milchprodukte 33% (Magermilchpulver, Vollmilchpulver: 27,5%, Butterreinfett 5,5%) &#8211; Kakao 13%.<\/em><\/p>\n<p><strong>GLUTENFREI<\/strong><\/p>\n<table style=\"border-collapse: collapse; width: 100%;\" border=\"1\">\n<thead>\n<tr>\n<th style=\"padding: 6px; text-align: left;\">N\u00e4hrstoff<\/th>\n<th style=\"padding: 6px; text-align: left;\">Wert pro 100 g<\/th>\n<\/tr>\n<\/thead>\n<tbody>\n<tr>\n<td style=\"padding: 6px;\">Energiewert<\/td>\n<td style=\"padding: 6px;\">2.367 kJ \/ 566 kcal<\/td>\n<\/tr>\n<tr>\n<td style=\"padding: 6px;\">Fett<\/td>\n<td style=\"padding: 6px;\">35,1 g<\/td>\n<\/tr>\n<tr>\n<td style=\"padding: 6px;\">\u2014 davon ges\u00e4ttigte Fetts\u00e4uren<\/td>\n<td style=\"padding: 6px;\">21,6 g<\/td>\n<\/tr>\n<tr>\n<td style=\"padding: 6px;\">Kohlenhydrate<\/td>\n<td style=\"padding: 6px;\">51,6 g<\/td>\n<\/tr>\n<tr>\n<td style=\"padding: 6px;\">\u2014 davon Zucker<\/td>\n<td style=\"padding: 6px;\">51,7 g<\/td>\n<\/tr>\n<tr>\n<td style=\"padding: 6px;\">Eiwei\u00df<\/td>\n<td style=\"padding: 6px;\">7,8 g<\/td>\n<\/tr>\n<tr>\n<td style=\"padding: 6px;\">Salz<\/td>\n<td style=\"padding: 6px;\">0,2 g<\/td>\n<\/tr>\n<\/tbody>\n<\/table>\n<\/div>\n","protected":false},"excerpt":{"rendered":"<p>Entdecke die personalisierte S\u00fc\u00dfigkeitenbox mit Texten \u2013 ein Geschenk, das Liebe und S\u00fc\u00dfe vere [&#8230;]<\/p>\n","protected":false},"featured_media":497376,"comment_status":"open","ping_status":"closed","template":"","meta":{"_acf_changed":false},"product_brand":[],"product_cat":[1818],"product_tag":[1786,1776,1777],"ai-category":[1850],"class_list":{"0":"post-497267","1":"product","2":"type-product","3":"status-publish","4":"has-post-thumbnail","6":"product_cat-personalisierte-suessigkeiten-und-pralinen","7":"product_tag-familie","8":"product_tag-generisch","9":"product_tag-paare","10":"ai-category-chuches-y-bombones-personalizados","12":"first","13":"instock","14":"taxable","15":"shipping-taxable","16":"purchasable","17":"product-type-simple"},"acf":[],"df_price":24.99,"df_sale_price":"","df_regular_price":24.99,"df_image_link":"https:\/\/transparentgift.com\/de\/wp-content\/uploads\/2026\/01\/1-9-300x300.jpg","_links":{"self":[{"href":"https:\/\/transparentgift.com\/de\/wp-json\/wp\/v2\/product\/497267","targetHints":{"allow":["GET"]}}],"collection":[{"href":"https:\/\/transparentgift.com\/de\/wp-json\/wp\/v2\/product"}],"about":[{"href":"https:\/\/transparentgift.com\/de\/wp-json\/wp\/v2\/types\/product"}],"replies":[{"embeddable":true,"href":"https:\/\/transparentgift.com\/de\/wp-json\/wp\/v2\/comments?post=497267"}],"wp:featuredmedia":[{"embeddable":true,"href":"https:\/\/transparentgift.com\/de\/wp-json\/wp\/v2\/media\/497376"}],"wp:attachment":[{"href":"https:\/\/transparentgift.com\/de\/wp-json\/wp\/v2\/media?parent=497267"}],"wp:term":[{"taxonomy":"product_brand","embeddable":true,"href":"https:\/\/transparentgift.com\/de\/wp-json\/wp\/v2\/product_brand?post=497267"},{"taxonomy":"product_cat","embeddable":true,"href":"https:\/\/transparentgift.com\/de\/wp-json\/wp\/v2\/product_cat?post=497267"},{"taxonomy":"product_tag","embeddable":true,"href":"https:\/\/transparentgift.com\/de\/wp-json\/wp\/v2\/product_tag?post=497267"},{"taxonomy":"ai-category","embeddable":true,"href":"https:\/\/transparentgift.com\/de\/wp-json\/wp\/v2\/ai-category?post=497267"}],"curies":[{"name":"wp","href":"https:\/\/api.w.org\/{rel}","templated":true}]}}