{"id":497268,"date":"2026-01-01T22:49:40","date_gmt":"2026-01-01T21:49:40","guid":{"rendered":"https:\/\/transparentgift.com\/de\/personalisierte-post-suessigkeitenbox-mit-foto-und-texten\/"},"modified":"2026-03-11T19:59:41","modified_gmt":"2026-03-11T18:59:41","slug":"personalisierte-post-suessigkeitenbox-mit-foto-und-texten","status":"publish","type":"product","link":"https:\/\/transparentgift.com\/de\/personalisierte-post-suessigkeitenbox-mit-foto-und-texten\/","title":{"rendered":"Personalisierte Post-S\u00fc\u00dfigkeitenbox mit Foto und Texten"},"content":{"rendered":"<p>Sorge f\u00fcr die k\u00f6stlichste \u00dcberraschung mit dieser <strong>S\u00fc\u00dfigkeiten- oder Pralinenbox<\/strong>, die du mit einem Foto und emotionalen Texten personalisieren kannst. Sie ist perfekt als <strong>Valentinstagsgeschenk oder zum Jahrestag<\/strong> f\u00fcr deinen Partner bzw. deine Partnerin, als <strong>Geburtstags<\/strong>geschenk f\u00fcr deine Freunde oder sogar als Weihnachtsgeschenk f\u00fcr deine Familie. Au\u00dferdem ist sie ideal als kleine Aufmerksamkeit f\u00fcr<strong> das Brautpaar an seinem Hochzeitstag<\/strong>.<\/p>\n<p>Diese S\u00fc\u00dfigkeitenbox ist <strong>vollst\u00e4ndig personalisierbar<\/strong>. Zuerst musst du <strong>w\u00e4hlen<\/strong>, ob du m\u00f6chtest, dass sie<strong> Herz-Gummib\u00e4rchen, Regenbogen-S\u00fc\u00dfigkeiten oder Schokoriegel<\/strong> enth\u00e4lt. Du hast die M\u00f6glichkeit, <strong>dein Lieblingsfoto<\/strong> mit dieser Person sowie <strong>eure Namen oder Widmungen<\/strong> hinzuzuf\u00fcgen, damit sie auf den Deckel der Box graviert werden. Danach musst du nur noch<strong> den emotionalsten Text schreiben<\/strong>, der euch beschreibt, damit er das<strong> Innere der Box<\/strong> schm\u00fcckt. Wir sorgen daf\u00fcr, dass das Ergebnis begeistert! Es wird viel Freude bereiten, die S\u00fc\u00dfigkeiten in diesem Geschenk zu entdecken und zu genie\u00dfen, da es speziell f\u00fcr ihn oder sie gestaltet wurde. Es ist das ideale Detail als <strong>Dessert zu einem besonderen Mittag- oder Abendessen<\/strong>.<\/p>\n<p>Die Pralinen- oder S\u00fc\u00dfigkeitenbox wird aus <strong>hochwertigen Materialien<\/strong> gefertigt, die ihr Widerstandsf\u00e4higkeit und Langlebigkeit verleihen. Das Design wird in Vollfarbe gedruckt, damit es sch\u00f6n und auff\u00e4llig wirkt.<\/p>\n<p>Verpasse nicht das perfekte <strong>originelle Geschenk<\/strong>, um dieser geliebten Person an einem besonderen Tag deine Liebe zu zeigen. Du hast die M\u00f6glichkeit, diese besondere Feier auf die s\u00fc\u00dfeste Art zu beenden.<\/p>\n<p><strong>Eigenschaften:<\/strong><\/p>\n<ul>\n<li>Gr\u00f6\u00dfe: 28 x 18,5 x 2,5 cm<\/li>\n<li>Material: Hochwertiger Karton.<\/li>\n<li>Inhalt: Mehrfarbige Gummib\u00e4rchen oder Herz-Gummib\u00e4rchen.<\/li>\n<\/ul>\n<p><strong>BOX HERZ-GUMMIB\u00c4RCHEN<\/strong><\/p>\n<p><strong>Zutaten:<\/strong><\/p>\n<p>Glukosesirup, Zucker, Wasser, Gelatine, Feuchthaltemittel: E420, S\u00e4uerungsmittel: E330, E270, Aromen, S\u00e4ureregulator: E325, Farbstoffe: E129.<\/p>\n<table style=\"border-collapse: collapse; width: 100%; max-width: 400px;\" border=\"1\">\n<thead>\n<tr>\n<th style=\"padding: 6px;\">N\u00e4hrstoff<\/th>\n<th style=\"padding: 6px;\">Pro 100 g Mischung<\/th>\n<\/tr>\n<\/thead>\n<tbody>\n<tr>\n<td style=\"padding: 6px;\">Energie<\/td>\n<td style=\"padding: 6px;\">1.459 kJ \/ 345 kcal<\/td>\n<\/tr>\n<tr>\n<td style=\"padding: 6px;\">Fett<\/td>\n<td style=\"padding: 6px;\">0,2 g<\/td>\n<\/tr>\n<tr>\n<td style=\"padding: 6px;\">\u2014 davon ges\u00e4ttigte Fetts\u00e4uren<\/td>\n<td style=\"padding: 6px;\">0,1 g<\/td>\n<\/tr>\n<tr>\n<td style=\"padding: 6px;\">Kohlenhydrate<\/td>\n<td style=\"padding: 6px;\">79,5 g<\/td>\n<\/tr>\n<tr>\n<td style=\"padding: 6px;\">\u2014 davon Zucker<\/td>\n<td style=\"padding: 6px;\">49,4 g<\/td>\n<\/tr>\n<tr>\n<td style=\"padding: 6px;\">Eiwei\u00df<\/td>\n<td style=\"padding: 6px;\">4,5 g<\/td>\n<\/tr>\n<tr>\n<td style=\"padding: 6px;\">Salz<\/td>\n<td style=\"padding: 6px;\">0,02 g<\/td>\n<\/tr>\n<\/tbody>\n<\/table>\n<div style=\"font-family: sans-serif; line-height: 1.6; max-width: 600px;\">\n<p><strong>BOX MEHRFARBIGE GUMMIB\u00c4RCHEN<\/strong><\/p>\n<p><strong>Zutaten:<\/strong><\/p>\n<p>Glukosesirup, Zucker, Wasser, Gelatine, Feuchthaltemittel: E420, S\u00e4uerungsmittel: E330, E270, Geliermittel: Pektin, Aromen, S\u00e4ureregulator: E325, Farbstoffe: E129<\/p>\n<table style=\"border-collapse: collapse; width: 100%;\" border=\"1\">\n<thead>\n<tr>\n<th style=\"padding: 6px; text-align: left;\">N\u00e4hrstoff<\/th>\n<th style=\"padding: 6px; text-align: left;\">Wert pro 100 g<\/th>\n<\/tr>\n<\/thead>\n<tbody>\n<tr>\n<td style=\"padding: 6px;\">Energie<\/td>\n<td style=\"padding: 6px;\">1.441 kJ \/ 344 kcal<\/td>\n<\/tr>\n<tr>\n<td style=\"padding: 6px;\">Fett<\/td>\n<td style=\"padding: 6px;\">0,2 g<\/td>\n<\/tr>\n<tr>\n<td style=\"padding: 6px;\">\u2014 davon ges\u00e4ttigte Fetts\u00e4uren<\/td>\n<td style=\"padding: 6px;\">0,1 g<\/td>\n<\/tr>\n<tr>\n<td style=\"padding: 6px;\">Kohlenhydrate<\/td>\n<td style=\"padding: 6px;\">80,2 g<\/td>\n<\/tr>\n<tr>\n<td style=\"padding: 6px;\">\u2014 davon Zucker<\/td>\n<td style=\"padding: 6px;\">49,7 g<\/td>\n<\/tr>\n<tr>\n<td style=\"padding: 6px;\">Eiwei\u00df<\/td>\n<td style=\"padding: 6px;\">3,8 g<\/td>\n<\/tr>\n<tr>\n<td style=\"padding: 6px;\">Salz<\/td>\n<td style=\"padding: 6px;\">0,02 g<\/td>\n<\/tr>\n<\/tbody>\n<\/table>\n<\/div>\n<div style=\"font-family: sans-serif; line-height: 1.6; max-width: 700px;\">\n<p><strong>KINDER-SCHOKOLADENBOX<\/strong><\/p>\n<p><strong>Schoko-Bons:<\/strong> Milchschokolade extra fein 50% (Zucker, Vollmilchpulver, Kakaobutter, Kakaomasse, Emulgatoren: Lecithine (Soja), Aromen), Zucker. Magermilchpulver, Palmfett, Haseln\u00fcsse (5,8%), Butterreinfett, Zartbitterschokolade (Zucker, Kakaomasse, Kakaobutter, Emulgatoren: Lecithine (Soja); Aromen), \u00dcberzugsmittel (Gummi arabicum, Schellack), Glukosesirup, Emulgatoren: Lecithine (Soja), Aromen.<\/p>\n<p><em>Vom Gesamtanteil: Milchprodukte: 28%, Kakao: 16,5%.<\/em><\/p>\n<p><strong>Kinder Bueno:<\/strong> Milchschokolade 31% (Zucker, Kakaobutter, Kakaomasse, Magermilchpulver, Butterreinfett, Emulgatoren: Lecithine (Soja); Vanille), Zucker, Palmfett, Weizenmehl, Haseln\u00fcsse 10,8%, Magermilchpulver, Vollmilchpulver, Zartbitterschokolade (Zucker, Kakaomasse, Kakaobutter, Emulgatoren: Lecithine (Soja); Vanille), fettarmer Kakao, Emulgatoren: Lecithine (Soja); Backtriebmittel (Natriumhydrogencarbonat), Salz, Vanille.<\/p>\n<p><em>Vom Gesamtanteil: Milchprodukte 19%<\/em><\/p>\n<p><strong>Mini Kinder Chocolate:<\/strong><\/p>\n<p>Milchschokolade extra fein 40% (Zucker, Vollmilchpulver, Kakaobutter, Kakaomasse, Emulgatoren: Lecithine (SOJA), Vanillin), Zucker, Magermilchpulver, Palmfett, Butterreinfett, Emulgatoren: Lecithine (SOJA), Vanillin.<\/p>\n<p><em>Vom Gesamtanteil: Milchprodukte 33% (Magermilchpulver, Vollmilchpulver: 27,5%, Butterreinfett 5,5%) &#8211; Kakao 13%.<\/em><\/p>\n<p><strong>GLUTENFREI<\/strong><\/p>\n<table style=\"border-collapse: collapse; width: 100%;\" border=\"1\">\n<thead>\n<tr>\n<th style=\"padding: 6px; text-align: left;\">N\u00e4hrstoff<\/th>\n<th style=\"padding: 6px; text-align: left;\">Wert pro 100 g<\/th>\n<\/tr>\n<\/thead>\n<tbody>\n<tr>\n<td style=\"padding: 6px;\">Energie<\/td>\n<td style=\"padding: 6px;\">2.367 kJ \/ 566 kcal<\/td>\n<\/tr>\n<tr>\n<td style=\"padding: 6px;\">Fett<\/td>\n<td style=\"padding: 6px;\">35,1 g<\/td>\n<\/tr>\n<tr>\n<td style=\"padding: 6px;\">\u2014 davon ges\u00e4ttigte Fetts\u00e4uren<\/td>\n<td style=\"padding: 6px;\">21,6 g<\/td>\n<\/tr>\n<tr>\n<td style=\"padding: 6px;\">Kohlenhydrate<\/td>\n<td style=\"padding: 6px;\">51,6 g<\/td>\n<\/tr>\n<tr>\n<td style=\"padding: 6px;\">\u2014 davon Zucker<\/td>\n<td style=\"padding: 6px;\">51,7 g<\/td>\n<\/tr>\n<tr>\n<td style=\"padding: 6px;\">Eiwei\u00df<\/td>\n<td style=\"padding: 6px;\">7,8 g<\/td>\n<\/tr>\n<tr>\n<td style=\"padding: 6px;\">Salz<\/td>\n<td style=\"padding: 6px;\">0,2 g<\/td>\n<\/tr>\n<\/tbody>\n<\/table>\n<\/div>\n","protected":false},"excerpt":{"rendered":"<p>Sorge f\u00fcr die k\u00f6stlichste \u00dcberraschung mit dieser S\u00fc\u00dfigkeiten- oder Pralinenbox, die du mit ein [&#8230;]<\/p>\n","protected":false},"featured_media":497381,"comment_status":"open","ping_status":"closed","template":"","meta":{"_acf_changed":false},"product_brand":[],"product_cat":[1818],"product_tag":[1777],"ai-category":[1850],"class_list":{"0":"post-497268","1":"product","2":"type-product","3":"status-publish","4":"has-post-thumbnail","6":"product_cat-personalisierte-suessigkeiten-und-pralinen","7":"product_tag-paare","8":"ai-category-chuches-y-bombones-personalizados","10":"first","11":"instock","12":"taxable","13":"shipping-taxable","14":"purchasable","15":"product-type-simple"},"acf":[],"df_price":24.99,"df_sale_price":"","df_regular_price":24.99,"df_image_link":"https:\/\/transparentgift.com\/de\/wp-content\/uploads\/2026\/01\/1-10-300x300.jpg","_links":{"self":[{"href":"https:\/\/transparentgift.com\/de\/wp-json\/wp\/v2\/product\/497268","targetHints":{"allow":["GET"]}}],"collection":[{"href":"https:\/\/transparentgift.com\/de\/wp-json\/wp\/v2\/product"}],"about":[{"href":"https:\/\/transparentgift.com\/de\/wp-json\/wp\/v2\/types\/product"}],"replies":[{"embeddable":true,"href":"https:\/\/transparentgift.com\/de\/wp-json\/wp\/v2\/comments?post=497268"}],"wp:featuredmedia":[{"embeddable":true,"href":"https:\/\/transparentgift.com\/de\/wp-json\/wp\/v2\/media\/497381"}],"wp:attachment":[{"href":"https:\/\/transparentgift.com\/de\/wp-json\/wp\/v2\/media?parent=497268"}],"wp:term":[{"taxonomy":"product_brand","embeddable":true,"href":"https:\/\/transparentgift.com\/de\/wp-json\/wp\/v2\/product_brand?post=497268"},{"taxonomy":"product_cat","embeddable":true,"href":"https:\/\/transparentgift.com\/de\/wp-json\/wp\/v2\/product_cat?post=497268"},{"taxonomy":"product_tag","embeddable":true,"href":"https:\/\/transparentgift.com\/de\/wp-json\/wp\/v2\/product_tag?post=497268"},{"taxonomy":"ai-category","embeddable":true,"href":"https:\/\/transparentgift.com\/de\/wp-json\/wp\/v2\/ai-category?post=497268"}],"curies":[{"name":"wp","href":"https:\/\/api.w.org\/{rel}","templated":true}]}}