{"id":497269,"date":"2026-01-01T22:49:41","date_gmt":"2026-01-01T21:49:41","guid":{"rendered":"https:\/\/transparentgift.com\/de\/personalisierte-suessigkeitenbox-mit-illustriertem-foto-und-namen\/"},"modified":"2026-03-11T20:04:17","modified_gmt":"2026-03-11T19:04:17","slug":"personalisierte-suessigkeitenbox-mit-illustriertem-foto-und-namen","status":"publish","type":"product","link":"https:\/\/transparentgift.com\/de\/personalisierte-suessigkeitenbox-mit-illustriertem-foto-und-namen\/","title":{"rendered":"Personalisierte S\u00fc\u00dfigkeitenbox mit illustriertem Foto und Namen"},"content":{"rendered":"<p><strong>\u00dcberrasche mit der personalisierten S\u00fc\u00dfigkeitenbox<\/strong>. Ein einzigartiges Geschenk, das S\u00fc\u00dfe und Personalisierung f\u00fcr besondere Momente vereint.<\/p>\n<p>Diese Box bietet die M\u00f6glichkeit, sie mit einem illustrierten Foto und Namen zu personalisieren und macht sie so zu einem unvergesslichen Detail. Ideal f\u00fcr Jahrestage, Valentinstag, Geburtstage oder Hochzeiten \u2013 das perfekte Geschenk f\u00fcr alle, die ihre Liebe auf originelle Weise ausdr\u00fccken m\u00f6chten.<\/p>\n<p>F\u00fcr Paare, Freunde und Familienmitglieder gedacht, ist diese Box perfekt, um besondere Anl\u00e4sse zu feiern oder als s\u00fc\u00dfe Geste im Alltag. Stell dir die Freude vor, sie zu \u00f6ffnen und eine pers\u00f6nliche Botschaft sowie k\u00f6stliche S\u00fc\u00dfigkeiten zu entdecken.<\/p>\n<h4><strong>Eigenschaften:<\/strong><\/h4>\n<ul>\n<li>Gr\u00f6\u00dfe: 28 x 18,5 x 2,5 cm<\/li>\n<li>Material: hochwertiger Karton.<\/li>\n<li>Inhalt: bunte Fruchtgummis oder Herz-Fruchtgummis.<\/li>\n<\/ul>\n<p><strong>BOX HERZ-FRUCHTGUMMIS<\/strong><\/p>\n<p><strong>Zutaten:<\/strong><\/p>\n<p>Glukosesirup, Zucker, Wasser, Gelatine, Feuchthaltemittel: E420, S\u00e4uerungsmittel: E330, E270, Aromen, S\u00e4ureregulator: E325, Farbstoffe: E129.<\/p>\n<table style=\"border-collapse: collapse; width: 100%; max-width: 400px;\" border=\"1\">\n<thead>\n<tr>\n<th style=\"padding: 6px;\">N\u00e4hrstoff<\/th>\n<th style=\"padding: 6px;\">Pro 100 g Mischung<\/th>\n<\/tr>\n<\/thead>\n<tbody>\n<tr>\n<td style=\"padding: 6px;\">Energie<\/td>\n<td style=\"padding: 6px;\">1.459 kJ \/ 345 kcal<\/td>\n<\/tr>\n<tr>\n<td style=\"padding: 6px;\">Fett<\/td>\n<td style=\"padding: 6px;\">0,2 g<\/td>\n<\/tr>\n<tr>\n<td style=\"padding: 6px;\">\u2014 davon ges\u00e4ttigte Fetts\u00e4uren<\/td>\n<td style=\"padding: 6px;\">0,1 g<\/td>\n<\/tr>\n<tr>\n<td style=\"padding: 6px;\">Kohlenhydrate<\/td>\n<td style=\"padding: 6px;\">79,5 g<\/td>\n<\/tr>\n<tr>\n<td style=\"padding: 6px;\">\u2014 davon Zucker<\/td>\n<td style=\"padding: 6px;\">49,4 g<\/td>\n<\/tr>\n<tr>\n<td style=\"padding: 6px;\">Eiwei\u00df<\/td>\n<td style=\"padding: 6px;\">4,5 g<\/td>\n<\/tr>\n<tr>\n<td style=\"padding: 6px;\">Salz<\/td>\n<td style=\"padding: 6px;\">0,02 g<\/td>\n<\/tr>\n<\/tbody>\n<\/table>\n<div style=\"font-family: sans-serif; line-height: 1.6; max-width: 600px;\">\n<p><strong>BOX BUNTE FRUCHTGUMMIS<\/strong><\/p>\n<p><strong>Zutaten:<\/strong><\/p>\n<p>Glukosesirup, Zucker, Wasser, Gelatine, Feuchthaltemittel: E420, S\u00e4uerungsmittel: E330, E270, Geliermittel: Pektin, Aromen, S\u00e4ureregulator: E325, Farbstoffe: E129<\/p>\n<table style=\"border-collapse: collapse; width: 100%;\" border=\"1\">\n<thead>\n<tr>\n<th style=\"padding: 6px; text-align: left;\">N\u00e4hrstoff<\/th>\n<th style=\"padding: 6px; text-align: left;\">Wert pro 100 g<\/th>\n<\/tr>\n<\/thead>\n<tbody>\n<tr>\n<td style=\"padding: 6px;\">Energie<\/td>\n<td style=\"padding: 6px;\">1.441 kJ \/ 344 kcal<\/td>\n<\/tr>\n<tr>\n<td style=\"padding: 6px;\">Fett<\/td>\n<td style=\"padding: 6px;\">0,2 g<\/td>\n<\/tr>\n<tr>\n<td style=\"padding: 6px;\">\u2014 davon ges\u00e4ttigte Fetts\u00e4uren<\/td>\n<td style=\"padding: 6px;\">0,1 g<\/td>\n<\/tr>\n<tr>\n<td style=\"padding: 6px;\">Kohlenhydrate<\/td>\n<td style=\"padding: 6px;\">80,2 g<\/td>\n<\/tr>\n<tr>\n<td style=\"padding: 6px;\">\u2014 davon Zucker<\/td>\n<td style=\"padding: 6px;\">49,7 g<\/td>\n<\/tr>\n<tr>\n<td style=\"padding: 6px;\">Eiwei\u00df<\/td>\n<td style=\"padding: 6px;\">3,8 g<\/td>\n<\/tr>\n<tr>\n<td style=\"padding: 6px;\">Salz<\/td>\n<td style=\"padding: 6px;\">0,02 g<\/td>\n<\/tr>\n<\/tbody>\n<\/table>\n<\/div>\n<div style=\"font-family: sans-serif; line-height: 1.6; max-width: 700px;\">\n<p><strong>BOX KINDER-SCHOKOLADEN<\/strong><\/p>\n<p><strong>Schoko-Bons:<\/strong> Extra feine Vollmilchschokolade 50% (Zucker, Vollmilchpulver, Kakaobutter, Kakaomasse, Emulgatoren: Lecithine (Soja), Aromen), Zucker. Magermilchpulver, Palm\u00f6l, Haseln\u00fcsse (5,8%), konzentrierte Butter, Zartbitterschokolade (Zucker, Kakaomasse, Kakaobutter, Emulgatoren: Lecithine (Soja); Aromen), \u00dcberzugsmittel (Gummi arabicum, Schellack), Glukosesirup, Emulgatoren: Lecithine (Soja), Aromen.<\/p>\n<p><em>Auf das Gesamtprodukt bezogen: Milchprodukte: 28%, Kakao: 16,5%.<\/em><\/p>\n<p><strong>Kinder Bueno:<\/strong> Vollmilchschokolade 31% (Zucker, Kakaobutter, Kakaomasse, Magermilchpulver, konzentrierte Butter, Emulgatoren: Lecithine (Soja); Vanille), Zucker, Palm\u00f6l, Weizenmehl, Haseln\u00fcsse 10,8%, Magermilchpulver, Vollmilchpulver, Zartbitterschokolade (Zucker, Kakaomasse, Kakaobutter, Emulgatoren: Lecithine (Soja); Vanille), fettarmer Kakao, Emulgatoren: Lecithine (Soja); Backtriebmittel (Natriumhydrogencarbonat), Salz, Vanille.<\/p>\n<p><em>Auf das Gesamtprodukt bezogen: Milchprodukte 19%<\/em><\/p>\n<p><strong>Mini Kinder Chocolate:<\/strong><\/p>\n<p>Extra feine VOLLMILCHschokolade 40% (Zucker, VOLLMILCHpulver, Kakaobutter, Kakaomasse, Emulgatoren: Lecithine (SOJA), Vanillin), Zucker, MAGERMILCHpulver, Palm\u00f6l, konzentrierte BUTTER, Emulgatoren: Lecithine (SOJA), Vanillin.<\/p>\n<p><em>Auf das Gesamtprodukt bezogen: Milchprodukte 33% (Magermilchpulver, Vollmilchpulver: 27,5%, konzentrierte Butter 5,5%) &#8211; Kakao 13%.<\/em><\/p>\n<p><strong>GLUTENFREI<\/strong><\/p>\n<table style=\"border-collapse: collapse; width: 100%;\" border=\"1\">\n<thead>\n<tr>\n<th style=\"padding: 6px; text-align: left;\">N\u00e4hrstoff<\/th>\n<th style=\"padding: 6px; text-align: left;\">Wert pro 100 g<\/th>\n<\/tr>\n<\/thead>\n<tbody>\n<tr>\n<td style=\"padding: 6px;\">Energie<\/td>\n<td style=\"padding: 6px;\">2.367 kJ \/ 566 kcal<\/td>\n<\/tr>\n<tr>\n<td style=\"padding: 6px;\">Fett<\/td>\n<td style=\"padding: 6px;\">35,1 g<\/td>\n<\/tr>\n<tr>\n<td style=\"padding: 6px;\">\u2014 davon ges\u00e4ttigte Fetts\u00e4uren<\/td>\n<td style=\"padding: 6px;\">21,6 g<\/td>\n<\/tr>\n<tr>\n<td style=\"padding: 6px;\">Kohlenhydrate<\/td>\n<td style=\"padding: 6px;\">51,6 g<\/td>\n<\/tr>\n<tr>\n<td style=\"padding: 6px;\">\u2014 davon Zucker<\/td>\n<td style=\"padding: 6px;\">51,7 g<\/td>\n<\/tr>\n<tr>\n<td style=\"padding: 6px;\">Eiwei\u00df<\/td>\n<td style=\"padding: 6px;\">7,8 g<\/td>\n<\/tr>\n<tr>\n<td style=\"padding: 6px;\">Salz<\/td>\n<td style=\"padding: 6px;\">0,2 g<\/td>\n<\/tr>\n<\/tbody>\n<\/table>\n<\/div>\n","protected":false},"excerpt":{"rendered":"<p>\u00dcberrasche mit der personalisierten S\u00fc\u00dfigkeitenbox. Ein einzigartiges Geschenk, das S\u00fc\u00dfe und Pe [&#8230;]<\/p>\n","protected":false},"featured_media":497549,"comment_status":"open","ping_status":"closed","template":"","meta":{"_acf_changed":false},"product_brand":[],"product_cat":[1818],"product_tag":[1776,1777],"ai-category":[1850],"class_list":{"0":"post-497269","1":"product","2":"type-product","3":"status-publish","4":"has-post-thumbnail","6":"product_cat-personalisierte-suessigkeiten-und-pralinen","7":"product_tag-generisch","8":"product_tag-paare","9":"ai-category-chuches-y-bombones-personalizados","11":"first","12":"instock","13":"taxable","14":"shipping-taxable","15":"purchasable","16":"product-type-simple"},"acf":[],"df_price":24.99,"df_sale_price":"","df_regular_price":24.99,"df_image_link":"https:\/\/transparentgift.com\/de\/wp-content\/uploads\/2026\/01\/1-27-300x300.jpg","_links":{"self":[{"href":"https:\/\/transparentgift.com\/de\/wp-json\/wp\/v2\/product\/497269","targetHints":{"allow":["GET"]}}],"collection":[{"href":"https:\/\/transparentgift.com\/de\/wp-json\/wp\/v2\/product"}],"about":[{"href":"https:\/\/transparentgift.com\/de\/wp-json\/wp\/v2\/types\/product"}],"replies":[{"embeddable":true,"href":"https:\/\/transparentgift.com\/de\/wp-json\/wp\/v2\/comments?post=497269"}],"wp:featuredmedia":[{"embeddable":true,"href":"https:\/\/transparentgift.com\/de\/wp-json\/wp\/v2\/media\/497549"}],"wp:attachment":[{"href":"https:\/\/transparentgift.com\/de\/wp-json\/wp\/v2\/media?parent=497269"}],"wp:term":[{"taxonomy":"product_brand","embeddable":true,"href":"https:\/\/transparentgift.com\/de\/wp-json\/wp\/v2\/product_brand?post=497269"},{"taxonomy":"product_cat","embeddable":true,"href":"https:\/\/transparentgift.com\/de\/wp-json\/wp\/v2\/product_cat?post=497269"},{"taxonomy":"product_tag","embeddable":true,"href":"https:\/\/transparentgift.com\/de\/wp-json\/wp\/v2\/product_tag?post=497269"},{"taxonomy":"ai-category","embeddable":true,"href":"https:\/\/transparentgift.com\/de\/wp-json\/wp\/v2\/ai-category?post=497269"}],"curies":[{"name":"wp","href":"https:\/\/api.w.org\/{rel}","templated":true}]}}