{"id":497272,"date":"2026-01-01T22:49:44","date_gmt":"2026-01-01T21:49:44","guid":{"rendered":"https:\/\/transparentgift.com\/de\/personalisierte-polaroid-herzen-suessigkeitenbox-mit-foto-und-text\/"},"modified":"2026-01-29T14:00:16","modified_gmt":"2026-01-29T13:00:16","slug":"personalisierte-polaroid-herzen-suessigkeitenbox-mit-foto-und-text","status":"publish","type":"product","link":"https:\/\/transparentgift.com\/de\/personalisierte-polaroid-herzen-suessigkeitenbox-mit-foto-und-text\/","title":{"rendered":"Personalisierte Polaroid-Herzen-S\u00fc\u00dfigkeitenbox mit Foto und Text"},"content":{"rendered":"<p>Sorge f\u00fcr die <strong>s\u00fc\u00dfeste und romantischste \u00dcberraschung<\/strong> mit dieser <strong>personalisierten S\u00fc\u00dfigkeitenbox<\/strong>. Das bezaubernde Design mit einem <strong>Foto im Polaroid-Stil, eingerahmt von kleinen Herzen<\/strong>, ist perfekt zum Verschenken zu besonderen Anl\u00e4ssen wie dem <strong>Valentinstag<\/strong>, Jahrestagen oder Geburtstagen.<\/p>\n<p><strong>Diese Box ist vollst\u00e4ndig personalisierbar<\/strong>. Zuerst <strong>l\u00e4dst du das besondere Foto hoch<\/strong>, damit es zum Mittelpunkt des Designs wird. Anschlie\u00dfend <strong>schreibst du den emotionalsten Text<\/strong>, der eure Beziehung beschreibt, damit er direkt unter dem Foto erscheint und diesem Geschenk eine einzigartige und bedeutungsvolle Note verleiht. Danach schreibst du einen weiteren <strong>\u00dcberraschungstext<\/strong>, der das Innere der Box schm\u00fcckt.<\/p>\n<p>Zum Schluss w\u00e4hlst du die <strong>Gr\u00f6\u00dfe der Box<\/strong> aus zwei Optionen: Klein oder Gro\u00df (diese kostet zus\u00e4tzlich 5\u20ac). Wenn du die kleine Box gew\u00e4hlt hast, enth\u00e4lt sie 9 <strong>Schokoladenpralinen<\/strong>. Wenn du dich hingegen f\u00fcr die gro\u00dfe Box entscheidest, kannst du w\u00e4hlen, ob sie Herz-Gummibonbons oder bunte S\u00fc\u00dfigkeiten enthalten soll.<\/p>\n<p>Die Box wird aus <strong>hochwertigen Materialien<\/strong> gefertigt, die Widerstandsf\u00e4higkeit und Langlebigkeit garantieren und gleichzeitig ein zartes und besonderes Design bewahren.<\/p>\n<p>Lass dir die Gelegenheit nicht entgehen, <strong>ein k\u00f6stliches und personalisiertes Erlebnis zu verschenken<\/strong>. Diese <strong>\u00dcberraschungsbox<\/strong> ist das perfekte Detail, um deine Liebe und Zuneigung auszudr\u00fccken und jeden Anlass in einen unvergesslichen Moment zu verwandeln.<\/p>\n<p><strong>Eigenschaften:<\/strong><\/p>\n<ul>\n<li>Gr\u00f6\u00dfe:\n<ul>\n<li>Klein: 15 x 15 x 2,5 cm<\/li>\n<li>Gro\u00df: 28 x 18,5 x 2,5 cm<\/li>\n<\/ul>\n<\/li>\n<li>Material: hochwertiger Karton.<\/li>\n<li>Inhalt:\n<ul>\n<li>Klein: 9 Schokoladenpralinen.<\/li>\n<li>Gro\u00df: bunte Gummibonbons oder Herz-Gummibonbons.<\/li>\n<\/ul>\n<\/li>\n<\/ul>\n<ul>\n<li style=\"list-style-type: none;\">\n<ul>\n<li style=\"list-style-type: none;\"><\/li>\n<\/ul>\n<\/li>\n<\/ul>\n<p><strong>BOX HERZ-GUMMIBONBONS<\/strong><\/p>\n<p><strong>Zutaten:<\/strong><\/p>\n<p>Glukosesirup, Zucker, Wasser, Gelatine, Feuchthaltemittel: E420, S\u00e4uerungsmittel: E330, E270, Aromen, S\u00e4ureregulator: E325, Farbstoffe: E129.<\/p>\n<table style=\"border-collapse: collapse; width: 100%; max-width: 400px;\" border=\"1\">\n<thead>\n<tr>\n<th style=\"padding: 6px;\">N\u00e4hrstoff<\/th>\n<th style=\"padding: 6px;\">Pro 100 g Mischung<\/th>\n<\/tr>\n<\/thead>\n<tbody>\n<tr>\n<td style=\"padding: 6px;\">Energiewert<\/td>\n<td style=\"padding: 6px;\">1.459 kJ \/ 345 kcal<\/td>\n<\/tr>\n<tr>\n<td style=\"padding: 6px;\">Fett<\/td>\n<td style=\"padding: 6px;\">0,2 g<\/td>\n<\/tr>\n<tr>\n<td style=\"padding: 6px;\">\u2014 davon ges\u00e4ttigte Fetts\u00e4uren<\/td>\n<td style=\"padding: 6px;\">0,1 g<\/td>\n<\/tr>\n<tr>\n<td style=\"padding: 6px;\">Kohlenhydrate<\/td>\n<td style=\"padding: 6px;\">79,5 g<\/td>\n<\/tr>\n<tr>\n<td style=\"padding: 6px;\">\u2014 davon Zucker<\/td>\n<td style=\"padding: 6px;\">49,4 g<\/td>\n<\/tr>\n<tr>\n<td style=\"padding: 6px;\">Eiwei\u00df<\/td>\n<td style=\"padding: 6px;\">4,5 g<\/td>\n<\/tr>\n<tr>\n<td style=\"padding: 6px;\">Salz<\/td>\n<td style=\"padding: 6px;\">0,02 g<\/td>\n<\/tr>\n<\/tbody>\n<\/table>\n<div style=\"font-family: sans-serif; line-height: 1.6; max-width: 600px;\">\n<p><strong>BOX BUNTE GUMMIBONBONS<\/strong><\/p>\n<p><strong>Zutaten:<\/strong><\/p>\n<p>Glukosesirup, Zucker, Wasser, Gelatine, Feuchthaltemittel: E420, S\u00e4uerungsmittel: E330, E270, Geliermittel: Pektin, Aromen, S\u00e4ureregulator: E325, Farbstoffe: E129<\/p>\n<table style=\"border-collapse: collapse; width: 100%;\" border=\"1\">\n<thead>\n<tr>\n<th style=\"padding: 6px; text-align: left;\">N\u00e4hrstoff<\/th>\n<th style=\"padding: 6px; text-align: left;\">Wert pro 100 g<\/th>\n<\/tr>\n<\/thead>\n<tbody>\n<tr>\n<td style=\"padding: 6px;\">Energiewert<\/td>\n<td style=\"padding: 6px;\">1.441 kJ \/ 344 kcal<\/td>\n<\/tr>\n<tr>\n<td style=\"padding: 6px;\">Fett<\/td>\n<td style=\"padding: 6px;\">0,2 g<\/td>\n<\/tr>\n<tr>\n<td style=\"padding: 6px;\">\u2014 davon ges\u00e4ttigte Fetts\u00e4uren<\/td>\n<td style=\"padding: 6px;\">0,1 g<\/td>\n<\/tr>\n<tr>\n<td style=\"padding: 6px;\">Kohlenhydrate<\/td>\n<td style=\"padding: 6px;\">80,2 g<\/td>\n<\/tr>\n<tr>\n<td style=\"padding: 6px;\">\u2014 davon Zucker<\/td>\n<td style=\"padding: 6px;\">49,7 g<\/td>\n<\/tr>\n<tr>\n<td style=\"padding: 6px;\">Eiwei\u00df<\/td>\n<td style=\"padding: 6px;\">3,8 g<\/td>\n<\/tr>\n<tr>\n<td style=\"padding: 6px;\">Salz<\/td>\n<td style=\"padding: 6px;\">0,02 g<\/td>\n<\/tr>\n<\/tbody>\n<\/table>\n<\/div>\n<div style=\"font-family: sans-serif; line-height: 1.6; max-width: 700px;\">\n<p><strong>KINDER-SCHOKOLADENBOX<\/strong><\/p>\n<p><strong>Schoko-Bons:<\/strong> Extra feine Vollmilchschokolade 50% (Zucker, Vollmilchpulver, Kakaobutter, Kakaomasse, Emulgatoren: Lecithine (Soja), Aromen), Zucker. Magermilchpulver, Palmfett, Haseln\u00fcsse (5,8%), Butterreinfett, Zartbitterschokolade (Zucker, Kakaomasse, Kakaobutter, Emulgatoren: Lecithine (Soja); Aromen), \u00dcberzugsmittel (Gummi arabicum, Schellack), Glukosesirup, Emulgatoren: Lecithine (Soja), Aromen.<\/p>\n<p><em>Vom Gesamtanteil: Milchprodukte: 28%, Kakao: 16,5%.<\/em><\/p>\n<p><strong>Kinder Bueno:<\/strong> Vollmilchschokolade 31% (Zucker, Kakaobutter, Kakaomasse, Magermilchpulver, Butterreinfett, Emulgatoren: Lecithine (Soja); Vanille), Zucker, Palmfett, Weizenmehl, Haseln\u00fcsse 10,8%, Magermilchpulver, Vollmilchpulver, Zartbitterschokolade (Zucker, Kakaomasse, Kakaobutter, Emulgatoren: Lecithine (Soja); Vanille), fettarmes Kakaopulver, Emulgatoren: Lecithine (Soja); Backtriebmittel (Natriumhydrogencarbonat), Salz, Vanille.<\/p>\n<p><em>Vom Gesamtanteil: Milchprodukte 19%<\/em><\/p>\n<p><strong>Mini Kinder Chocolate:<\/strong><\/p>\n<p>Extra feine VOLLMILCHschokolade 40% (Zucker, VOLLMILCHpulver, Kakaobutter, Kakaomasse, Emulgatoren: Lecithine (SOJA), Vanillin), Zucker, Magermilchpulver, Palmfett, BUTTERreinfett, Emulgatoren: Lecithine (SOJA), Vanillin.<\/p>\n<p><em>Vom Gesamtanteil: Milchprodukte 33% (Magermilchpulver, Vollmilchpulver: 27,5%, Butterreinfett 5,5%) &#8211; Kakao 13%.<\/em><\/p>\n<p><strong>GLUTENFREI<\/strong><\/p>\n<table style=\"border-collapse: collapse; width: 100%;\" border=\"1\">\n<thead>\n<tr>\n<th style=\"padding: 6px; text-align: left;\">N\u00e4hrstoff<\/th>\n<th style=\"padding: 6px; text-align: left;\">Wert pro 100 g<\/th>\n<\/tr>\n<\/thead>\n<tbody>\n<tr>\n<td style=\"padding: 6px;\">Energiewert<\/td>\n<td style=\"padding: 6px;\">2.367 kJ \/ 566 kcal<\/td>\n<\/tr>\n<tr>\n<td style=\"padding: 6px;\">Fett<\/td>\n<td style=\"padding: 6px;\">35,1 g<\/td>\n<\/tr>\n<tr>\n<td style=\"padding: 6px;\">\u2014 davon ges\u00e4ttigte Fetts\u00e4uren<\/td>\n<td style=\"padding: 6px;\">21,6 g<\/td>\n<\/tr>\n<tr>\n<td style=\"padding: 6px;\">Kohlenhydrate<\/td>\n<td style=\"padding: 6px;\">51,6 g<\/td>\n<\/tr>\n<tr>\n<td style=\"padding: 6px;\">\u2014 davon Zucker<\/td>\n<td style=\"padding: 6px;\">51,7 g<\/td>\n<\/tr>\n<tr>\n<td style=\"padding: 6px;\">Eiwei\u00df<\/td>\n<td style=\"padding: 6px;\">7,8 g<\/td>\n<\/tr>\n<tr>\n<td style=\"padding: 6px;\">Salz<\/td>\n<td style=\"padding: 6px;\">0,2 g<\/td>\n<\/tr>\n<\/tbody>\n<\/table>\n<\/div>\n<div style=\"font-family: sans-serif; line-height: 1.6; max-width: 700px;\">\n<p><strong>HERZ-SCHOKOLADENBOX<\/strong><\/p>\n<p><strong>Zutaten:<\/strong><\/p>\n<p>Zucker, Kakaobutter, pflanzliche \u00d6le und Fette (Palm, Palmkern und Soja in variierenden Anteilen), Molke, Kakaomasse, Vollmilchpulver, Haselnuss 3%, Milchfett, fettarmes Kakaopulver, Emulgator E-322 (Sojalecithin), nat\u00fcrliches Haselnuss- und Vanillearoma.<\/p>\n<p>Kann Spuren von anderen Schalenfr\u00fcchten und Erdnuss enthalten. GLUTENFREI.<\/p>\n<p>Kakao min. &#8211; Vollmilchschokolade: 35%<\/p>\n<table style=\"border-collapse: collapse; width: 100%;\" border=\"1\">\n<thead>\n<tr>\n<th style=\"padding: 6px; text-align: left;\">N\u00e4hrstoff<\/th>\n<th style=\"padding: 6px; text-align: left;\">Wert pro 100 g<\/th>\n<\/tr>\n<\/thead>\n<tbody>\n<tr>\n<td style=\"padding: 6px;\">Energiewert<\/td>\n<td style=\"padding: 6px;\">2.344 kJ \/ 562 kcal<\/td>\n<\/tr>\n<tr>\n<td style=\"padding: 6px;\">Fett<\/td>\n<td style=\"padding: 6px;\">35 g<\/td>\n<\/tr>\n<tr>\n<td style=\"padding: 6px;\">\u2014 davon ges\u00e4ttigte Fetts\u00e4uren<\/td>\n<td style=\"padding: 6px;\">21,8 g<\/td>\n<\/tr>\n<tr>\n<td style=\"padding: 6px;\">Kohlenhydrate<\/td>\n<td style=\"padding: 6px;\">51,1 g<\/td>\n<\/tr>\n<tr>\n<td style=\"padding: 6px;\">\u2014 davon Zucker<\/td>\n<td style=\"padding: 6px;\">54,5 g<\/td>\n<\/tr>\n<tr>\n<td style=\"padding: 6px;\">Eiwei\u00df<\/td>\n<td style=\"padding: 6px;\">5,4 g<\/td>\n<\/tr>\n<tr>\n<td style=\"padding: 6px;\">Salz<\/td>\n<td style=\"padding: 6px;\">0,17 g<\/td>\n<\/tr>\n<\/tbody>\n<\/table>\n<hr style=\"margin: 30px 0;\" \/>\n<p><strong>GUMMIBONBON-BOX<\/strong><\/p>\n<p><strong>Zutaten:<\/strong><\/p>\n<p>Glukosesirup, Zucker, Wasser, Gelatine, Feuchthaltemittel: E420, S\u00e4uerungsmittel: E330, E270, Geliermittel: Pektin, Aromen, S\u00e4ureregulator: E325, Farbstoffe: E129<\/p>\n<table style=\"border-collapse: collapse; width: 100%;\" border=\"1\">\n<thead>\n<tr>\n<th style=\"padding: 6px; text-align: left;\">N\u00e4hrstoff<\/th>\n<th style=\"padding: 6px; text-align: left;\">Wert pro 100 g<\/th>\n<\/tr>\n<\/thead>\n<tbody>\n<tr>\n<td style=\"padding: 6px;\">Energiewert<\/td>\n<td style=\"padding: 6px;\">1.490 kJ \/ 356 kcal<\/td>\n<\/tr>\n<tr>\n<td style=\"padding: 6px;\">Fett<\/td>\n<td style=\"padding: 6px;\">0,3 g<\/td>\n<\/tr>\n<tr>\n<td style=\"padding: 6px;\">\u2014 davon ges\u00e4ttigte Fetts\u00e4uren<\/td>\n<td style=\"padding: 6px;\">0,1 g<\/td>\n<\/tr>\n<tr>\n<td style=\"padding: 6px;\">Kohlenhydrate<\/td>\n<td style=\"padding: 6px;\">81,6 g<\/td>\n<\/tr>\n<tr>\n<td style=\"padding: 6px;\">\u2014 davon Zucker<\/td>\n<td style=\"padding: 6px;\">52,3 g<\/td>\n<\/tr>\n<tr>\n<td style=\"padding: 6px;\">Eiwei\u00df<\/td>\n<td style=\"padding: 6px;\">5,9 g<\/td>\n<\/tr>\n<tr>\n<td style=\"padding: 6px;\">Salz<\/td>\n<td style=\"padding: 6px;\">0,2 g<\/td>\n<\/tr>\n<\/tbody>\n<\/table>\n<\/div>\n","protected":false},"excerpt":{"rendered":"<p>Sorge f\u00fcr die s\u00fc\u00dfeste und romantischste \u00dcberraschung mit dieser personalisierten S\u00fc\u00dfigkeitenbo [&#8230;]<\/p>\n","protected":false},"featured_media":497553,"comment_status":"open","ping_status":"closed","template":"","meta":{"_acf_changed":false},"product_brand":[],"product_cat":[1818],"product_tag":[1777],"ai-category":[1850],"class_list":{"0":"post-497272","1":"product","2":"type-product","3":"status-publish","4":"has-post-thumbnail","6":"product_cat-personalisierte-suessigkeiten-und-pralinen","7":"product_tag-paare","8":"ai-category-chuches-y-bombones-personalizados","10":"first","11":"instock","12":"taxable","13":"shipping-taxable","14":"purchasable","15":"product-type-simple"},"acf":[],"df_price":14.99,"df_sale_price":"","df_regular_price":14.99,"df_image_link":"https:\/\/transparentgift.com\/de\/wp-content\/uploads\/2026\/01\/1-28-300x300.jpg","_links":{"self":[{"href":"https:\/\/transparentgift.com\/de\/wp-json\/wp\/v2\/product\/497272","targetHints":{"allow":["GET"]}}],"collection":[{"href":"https:\/\/transparentgift.com\/de\/wp-json\/wp\/v2\/product"}],"about":[{"href":"https:\/\/transparentgift.com\/de\/wp-json\/wp\/v2\/types\/product"}],"replies":[{"embeddable":true,"href":"https:\/\/transparentgift.com\/de\/wp-json\/wp\/v2\/comments?post=497272"}],"wp:featuredmedia":[{"embeddable":true,"href":"https:\/\/transparentgift.com\/de\/wp-json\/wp\/v2\/media\/497553"}],"wp:attachment":[{"href":"https:\/\/transparentgift.com\/de\/wp-json\/wp\/v2\/media?parent=497272"}],"wp:term":[{"taxonomy":"product_brand","embeddable":true,"href":"https:\/\/transparentgift.com\/de\/wp-json\/wp\/v2\/product_brand?post=497272"},{"taxonomy":"product_cat","embeddable":true,"href":"https:\/\/transparentgift.com\/de\/wp-json\/wp\/v2\/product_cat?post=497272"},{"taxonomy":"product_tag","embeddable":true,"href":"https:\/\/transparentgift.com\/de\/wp-json\/wp\/v2\/product_tag?post=497272"},{"taxonomy":"ai-category","embeddable":true,"href":"https:\/\/transparentgift.com\/de\/wp-json\/wp\/v2\/ai-category?post=497272"}],"curies":[{"name":"wp","href":"https:\/\/api.w.org\/{rel}","templated":true}]}}