{"id":497981,"date":"2026-02-16T23:00:34","date_gmt":"2026-02-16T22:00:34","guid":{"rendered":"https:\/\/transparentgift.com\/de\/?post_type=product&#038;p=497981"},"modified":"2026-04-16T11:05:06","modified_gmt":"2026-04-16T09:05:06","slug":"papa-lampe-mit-4-foto-collage-personalisiert","status":"publish","type":"product","link":"https:\/\/transparentgift.com\/de\/papa-lampe-mit-4-foto-collage-personalisiert\/","title":{"rendered":"Papa Lampe mit 4-Foto-Collage personalisiert"},"content":{"rendered":"<p data-start=\"2374\" data-end=\"2563\">&lt;strong&gt;Papa Lampe mit 4-Foto-Collage personalisiert.&lt;\/strong&gt; Ein liebevolles Detail, das Familienerinnerungen in Licht und Emotion verwandelt.<\/p>\n<p data-start=\"2565\" data-end=\"2869\">Diese personalisierte Lampe ist das perfekte Geschenk, um Papa zu zeigen, wie viel er dir bedeutet. Sie enth\u00e4lt eine Collage mit 4 besonderen Fotos und das Wort \u201ePAPA\u201c, eingraviert auf einer Acrylglasplatte, kombiniert mit einem Holzsockel, den du mit einer zus\u00e4tzlichen Botschaft personalisieren kannst.<\/p>\n<p data-start=\"2871\" data-end=\"3214\">Ideal zum Vatertag, zu seinem Geburtstag, zu Weihnachten oder zu jedem besonderen Anlass, bei dem du mit einem personalisierten Geschenk f\u00fcr Papa ber\u00fchren m\u00f6chtest. Diese dekorative Lampe mit warmwei\u00dfem LED-Licht eignet sich perfekt f\u00fcr den Nachttisch, ein Regal oder den Schreibtisch und sorgt in jeder Ecke f\u00fcr W\u00e4rme und sch\u00f6ne Erinnerungen.<\/p>\n<p>&lt;h4&gt;&lt;strong&gt;Eigenschaften:&lt;\/strong&gt;&lt;\/h4&gt; &lt;ul&gt; &lt;li&gt;Gr\u00f6\u00dfe: &#8211; Mit Sockel: 20 \u00d7 14,5 x 4,5 cm &#8211; Mit Rahmen: 21 x 17 cm&lt;\/li&gt; &lt;li&gt;Material: &#8211; Platte: Hochwertiges Acrylglas &#8211; Sockel: Hochwertiges Holz&lt;\/li&gt; &lt;li&gt;Enth\u00e4lt: Warmwei\u00dfes LED-Licht, USB-Kabel und Geschenkverpackung&lt;\/li&gt; &lt;\/ul&gt;<\/p>\n","protected":false},"excerpt":{"rendered":"<p>&lt;strong&gt;Papa Lampe mit 4-Foto-Collage personalisiert.&lt;\/strong&gt; Ein liebevolles Detail, d [&#8230;]<\/p>\n","protected":false},"featured_media":498028,"comment_status":"open","ping_status":"closed","template":"","meta":{"_acf_changed":false},"product_brand":[],"product_cat":[1781],"product_tag":[1780],"class_list":{"0":"post-497981","1":"product","2":"type-product","3":"status-publish","4":"has-post-thumbnail","6":"product_cat-personalisierte-lampen","7":"product_tag-vaeter","9":"first","10":"instock","11":"taxable","12":"shipping-taxable","13":"purchasable","14":"product-type-simple"},"acf":[],"df_price":14.99,"df_sale_price":"","df_regular_price":14.99,"df_image_link":"https:\/\/transparentgift.com\/de\/wp-content\/uploads\/2026\/02\/lampara-papa-4-foto-1-300x300.jpg","_links":{"self":[{"href":"https:\/\/transparentgift.com\/de\/wp-json\/wp\/v2\/product\/497981","targetHints":{"allow":["GET"]}}],"collection":[{"href":"https:\/\/transparentgift.com\/de\/wp-json\/wp\/v2\/product"}],"about":[{"href":"https:\/\/transparentgift.com\/de\/wp-json\/wp\/v2\/types\/product"}],"replies":[{"embeddable":true,"href":"https:\/\/transparentgift.com\/de\/wp-json\/wp\/v2\/comments?post=497981"}],"wp:featuredmedia":[{"embeddable":true,"href":"https:\/\/transparentgift.com\/de\/wp-json\/wp\/v2\/media\/498028"}],"wp:attachment":[{"href":"https:\/\/transparentgift.com\/de\/wp-json\/wp\/v2\/media?parent=497981"}],"wp:term":[{"taxonomy":"product_brand","embeddable":true,"href":"https:\/\/transparentgift.com\/de\/wp-json\/wp\/v2\/product_brand?post=497981"},{"taxonomy":"product_cat","embeddable":true,"href":"https:\/\/transparentgift.com\/de\/wp-json\/wp\/v2\/product_cat?post=497981"},{"taxonomy":"product_tag","embeddable":true,"href":"https:\/\/transparentgift.com\/de\/wp-json\/wp\/v2\/product_tag?post=497981"}],"curies":[{"name":"wp","href":"https:\/\/api.w.org\/{rel}","templated":true}]}}