{"id":497984,"date":"2026-02-17T00:54:03","date_gmt":"2026-02-16T23:54:03","guid":{"rendered":"https:\/\/transparentgift.com\/de\/papa-lampe-mit-fotos-personalisiert\/"},"modified":"2026-04-16T11:04:49","modified_gmt":"2026-04-16T09:04:49","slug":"papa-lampe-mit-fotos-personalisiert","status":"publish","type":"product","link":"https:\/\/transparentgift.com\/de\/papa-lampe-mit-fotos-personalisiert\/","title":{"rendered":"Papa Lampe mit Fotos personalisiert"},"content":{"rendered":"<p><strong>Papa Lampe mit Fotos personalisiert<\/strong>. Ein einzigartiges Geschenk, das besondere Momente erhellt.<\/p>\n<p>Diese Lampe vereint Eleganz und Personalisierung, indem das Wort &#8222;Papa&#8220; zusammen mit bedeutungsvollen Fotos in Acrylglas eingraviert wird. Ideal zum <strong>Vatertag<\/strong> oder zu seinem <strong>Geburtstag<\/strong>, ist sie ein Detail, das ber\u00fchrt und dekoriert.<\/p>\n<p>Perfekt f\u00fcr V\u00e4ter, die Erinnerungen und Design sch\u00e4tzen, passt sich diese Lampe jeder wichtigen Feier an. Dank ihrer Vielseitigkeit kann sie in jedem Raum platziert werden und verleiht ihm eine warme und pers\u00f6nliche Note. Au\u00dferdem kannst du zwischen <strong>vertikalen oder horizontalen<\/strong> Optionen w\u00e4hlen und eine besondere Botschaft auf dem Sockel hinzuf\u00fcgen.<\/p>\n<h4><strong>Eigenschaften:<\/strong><\/h4>\n<ul>\n<li>Gr\u00f6\u00dfe: 17 x 14,5 x 4,5 cm<\/li>\n<li>Material:\n<ul>\n<li>Platte: Hochwertiges Acrylglas.<\/li>\n<li>Sockel: Hochwertiges Holz.<\/li>\n<\/ul>\n<\/li>\n<li>Enth\u00e4lt: RGB-LED-Licht. USB-Kabel. Geschenkverpackung.<\/li>\n<li>Pflege: L\u00e4sst sich einfach mit dem mitgelieferten Reinigungstuch reinigen.<\/li>\n<\/ul>\n","protected":false},"excerpt":{"rendered":"<p>Papa Lampe mit Fotos personalisiert. Ein einzigartiges Geschenk, das besondere Momente erhellt. Dies [&#8230;]<\/p>\n","protected":false},"featured_media":498335,"comment_status":"open","ping_status":"closed","template":"","meta":{"_acf_changed":false},"product_brand":[],"product_cat":[1781],"product_tag":[1780],"class_list":{"0":"post-497984","1":"product","2":"type-product","3":"status-publish","4":"has-post-thumbnail","6":"product_cat-personalisierte-lampen","7":"product_tag-vaeter","9":"first","10":"instock","11":"sale","12":"taxable","13":"shipping-taxable","14":"purchasable","15":"product-type-simple"},"acf":[],"df_price":20.99,"df_sale_price":20.99,"df_regular_price":34.99,"df_image_link":"https:\/\/transparentgift.com\/de\/wp-content\/uploads\/2026\/03\/AL_1-300x300.jpg","_links":{"self":[{"href":"https:\/\/transparentgift.com\/de\/wp-json\/wp\/v2\/product\/497984","targetHints":{"allow":["GET"]}}],"collection":[{"href":"https:\/\/transparentgift.com\/de\/wp-json\/wp\/v2\/product"}],"about":[{"href":"https:\/\/transparentgift.com\/de\/wp-json\/wp\/v2\/types\/product"}],"replies":[{"embeddable":true,"href":"https:\/\/transparentgift.com\/de\/wp-json\/wp\/v2\/comments?post=497984"}],"wp:featuredmedia":[{"embeddable":true,"href":"https:\/\/transparentgift.com\/de\/wp-json\/wp\/v2\/media\/498335"}],"wp:attachment":[{"href":"https:\/\/transparentgift.com\/de\/wp-json\/wp\/v2\/media?parent=497984"}],"wp:term":[{"taxonomy":"product_brand","embeddable":true,"href":"https:\/\/transparentgift.com\/de\/wp-json\/wp\/v2\/product_brand?post=497984"},{"taxonomy":"product_cat","embeddable":true,"href":"https:\/\/transparentgift.com\/de\/wp-json\/wp\/v2\/product_cat?post=497984"},{"taxonomy":"product_tag","embeddable":true,"href":"https:\/\/transparentgift.com\/de\/wp-json\/wp\/v2\/product_tag?post=497984"}],"curies":[{"name":"wp","href":"https:\/\/api.w.org\/{rel}","templated":true}]}}