{"id":497985,"date":"2026-02-17T00:54:04","date_gmt":"2026-02-16T23:54:04","guid":{"rendered":"https:\/\/transparentgift.com\/de\/papa-multicolor-lampe-personalisiert\/"},"modified":"2026-04-16T11:04:44","modified_gmt":"2026-04-16T09:04:44","slug":"papa-multicolor-lampe-personalisiert","status":"publish","type":"product","link":"https:\/\/transparentgift.com\/de\/papa-multicolor-lampe-personalisiert\/","title":{"rendered":"Papa Multicolor-Lampe personalisiert"},"content":{"rendered":"<p><strong>Papa Multicolor-Lampe personalisiert<\/strong>. Ein einzigartiges Geschenk, das mit Liebe und besonderen Erinnerungen leuchtet.<\/p>\n<p>Diese personalisierbare Lampe ist perfekt, um Papa mit einem Hauch von W\u00e4rme und Kreativit\u00e4t zu \u00fcberraschen. Mit Platz f\u00fcr 4 Fotos und dem Wort &#8222;Papa&#8220;, eingraviert in Acrylglas, ist sie ein Detail, das Funktionalit\u00e4t und Emotion vereint.<\/p>\n<p>Ideal zum <strong>Vatertag<\/strong>, zum Geburtstag oder einfach, um ihm jeden Tag zu zeigen, wie sehr du ihn sch\u00e4tzt. Dieses Produkt ist perfekt f\u00fcr V\u00e4ter, die Erinnerungen wertsch\u00e4tzen und sich ein einzigartiges dekoratives Element f\u00fcr ihr Zuhause w\u00fcnschen.<\/p>\n<h4><strong>Eigenschaften:<\/strong><\/h4>\n<ul>\n<li>Gr\u00f6\u00dfe: 17 \u00d7 14,5 x 4,5 cm<\/li>\n<li>Material:\n<ul>\n<li>Platte: Hochwertiges Acrylglas.<\/li>\n<li>Sockel: Hochwertiges Holz.<\/li>\n<\/ul>\n<\/li>\n<li>Enth\u00e4lt: RGB-LED-Licht. USB-Kabel. Geschenkverpackung.<\/li>\n<li>Pflege: L\u00e4sst sich einfach mit dem mitgelieferten Reinigungstuch reinigen.<\/li>\n<\/ul>\n","protected":false},"excerpt":{"rendered":"<p>Papa Multicolor-Lampe personalisiert. Ein einzigartiges Geschenk, das mit Liebe und besonderen Erinn [&#8230;]<\/p>\n","protected":false},"featured_media":498040,"comment_status":"open","ping_status":"closed","template":"","meta":{"_acf_changed":false},"product_brand":[],"product_cat":[1781],"product_tag":[1780],"class_list":{"0":"post-497985","1":"product","2":"type-product","3":"status-publish","4":"has-post-thumbnail","6":"product_cat-personalisierte-lampen","7":"product_tag-vaeter","9":"first","10":"instock","11":"sale","12":"taxable","13":"shipping-taxable","14":"purchasable","15":"product-type-simple"},"acf":[],"df_price":20.99,"df_sale_price":20.99,"df_regular_price":34.99,"df_image_link":"https:\/\/transparentgift.com\/de\/wp-content\/uploads\/2026\/02\/LAMPARA_1-300x300.jpg","_links":{"self":[{"href":"https:\/\/transparentgift.com\/de\/wp-json\/wp\/v2\/product\/497985","targetHints":{"allow":["GET"]}}],"collection":[{"href":"https:\/\/transparentgift.com\/de\/wp-json\/wp\/v2\/product"}],"about":[{"href":"https:\/\/transparentgift.com\/de\/wp-json\/wp\/v2\/types\/product"}],"replies":[{"embeddable":true,"href":"https:\/\/transparentgift.com\/de\/wp-json\/wp\/v2\/comments?post=497985"}],"wp:featuredmedia":[{"embeddable":true,"href":"https:\/\/transparentgift.com\/de\/wp-json\/wp\/v2\/media\/498040"}],"wp:attachment":[{"href":"https:\/\/transparentgift.com\/de\/wp-json\/wp\/v2\/media?parent=497985"}],"wp:term":[{"taxonomy":"product_brand","embeddable":true,"href":"https:\/\/transparentgift.com\/de\/wp-json\/wp\/v2\/product_brand?post=497985"},{"taxonomy":"product_cat","embeddable":true,"href":"https:\/\/transparentgift.com\/de\/wp-json\/wp\/v2\/product_cat?post=497985"},{"taxonomy":"product_tag","embeddable":true,"href":"https:\/\/transparentgift.com\/de\/wp-json\/wp\/v2\/product_tag?post=497985"}],"curies":[{"name":"wp","href":"https:\/\/api.w.org\/{rel}","templated":true}]}}