{"id":497986,"date":"2026-02-17T00:54:05","date_gmt":"2026-02-16T23:54:05","guid":{"rendered":"https:\/\/transparentgift.com\/de\/schluesselanhaenger-mit-fotos-in-den-buchstaben-papa-personalisiert\/"},"modified":"2026-03-02T09:33:19","modified_gmt":"2026-03-02T08:33:19","slug":"schluesselanhaenger-mit-fotos-in-den-buchstaben-papa-personalisiert","status":"publish","type":"product","link":"https:\/\/transparentgift.com\/de\/schluesselanhaenger-mit-fotos-in-den-buchstaben-papa-personalisiert\/","title":{"rendered":"Schl\u00fcsselanh\u00e4nger mit Fotos in den Buchstaben Papa personalisiert"},"content":{"rendered":"<p><strong>Schl\u00fcsselanh\u00e4nger mit Fotos in den Buchstaben Papa personalisiert<\/strong>. Ein emotionales und funktionales Detail, das die ganze Liebe zu Papa widerspiegelt.<\/p>\n<p>Dieser einzigartige Schl\u00fcsselanh\u00e4nger erm\u00f6glicht es dir, vier besondere Fotos auszuw\u00e4hlen, die in die Buchstaben des Wortes PAPA integriert werden, und wird so zu einer personalisierten Erinnerung voller Bedeutung. Ein originelles und pers\u00f6nliches Geschenk, das durch seinen emotionalen Wert \u00fcberrascht.<\/p>\n<p>Perfekt als Geschenk zum Vatertag, zu seinem Geburtstag, zu Weihnachten oder zu jedem anderen besonderen Anlass. Entwickelt f\u00fcr V\u00e4ter, die personalisierte Details sch\u00e4tzen und diese besonderen Momente immer bei sich tragen m\u00f6chten. Ein praktisches Accessoire, das bei jeder Nutzung Liebe und Dankbarkeit vermittelt.<\/p>\n<h4><strong>Eigenschaften:<\/strong><\/h4>\n<ul>\n<li>Ma\u00dfe: 8 x 2,5 cm<\/li>\n<li>Material: Hochwertiges Acrylglas<\/li>\n<li>Enth\u00e4lt: Metallkette mit silberfarbener Oberfl\u00e4che<\/li>\n<\/ul>\n","protected":false},"excerpt":{"rendered":"<p>Schl\u00fcsselanh\u00e4nger mit Fotos in den Buchstaben Papa personalisiert. Ein emotionales und funktionale [&#8230;]<\/p>\n","protected":false},"featured_media":498033,"comment_status":"open","ping_status":"closed","template":"","meta":{"_acf_changed":false},"product_brand":[],"product_cat":[1778],"product_tag":[1780],"class_list":{"0":"post-497986","1":"product","2":"type-product","3":"status-publish","4":"has-post-thumbnail","6":"product_cat-personalisierte-schluesselanhaenger","7":"product_tag-vaeter","9":"first","10":"instock","11":"taxable","12":"shipping-taxable","13":"purchasable","14":"product-type-simple"},"acf":[],"df_price":15.99,"df_sale_price":"","df_regular_price":15.99,"df_image_link":"https:\/\/transparentgift.com\/de\/wp-content\/uploads\/2026\/02\/Llavero-Papa-1-300x300.jpg","_links":{"self":[{"href":"https:\/\/transparentgift.com\/de\/wp-json\/wp\/v2\/product\/497986","targetHints":{"allow":["GET"]}}],"collection":[{"href":"https:\/\/transparentgift.com\/de\/wp-json\/wp\/v2\/product"}],"about":[{"href":"https:\/\/transparentgift.com\/de\/wp-json\/wp\/v2\/types\/product"}],"replies":[{"embeddable":true,"href":"https:\/\/transparentgift.com\/de\/wp-json\/wp\/v2\/comments?post=497986"}],"wp:featuredmedia":[{"embeddable":true,"href":"https:\/\/transparentgift.com\/de\/wp-json\/wp\/v2\/media\/498033"}],"wp:attachment":[{"href":"https:\/\/transparentgift.com\/de\/wp-json\/wp\/v2\/media?parent=497986"}],"wp:term":[{"taxonomy":"product_brand","embeddable":true,"href":"https:\/\/transparentgift.com\/de\/wp-json\/wp\/v2\/product_brand?post=497986"},{"taxonomy":"product_cat","embeddable":true,"href":"https:\/\/transparentgift.com\/de\/wp-json\/wp\/v2\/product_cat?post=497986"},{"taxonomy":"product_tag","embeddable":true,"href":"https:\/\/transparentgift.com\/de\/wp-json\/wp\/v2\/product_tag?post=497986"}],"curies":[{"name":"wp","href":"https:\/\/api.w.org\/{rel}","templated":true}]}}