{"id":497989,"date":"2026-02-17T00:54:08","date_gmt":"2026-02-16T23:54:08","guid":{"rendered":"https:\/\/transparentgift.com\/de\/tasse-mit-figuren-und-text-personalisiert\/"},"modified":"2026-04-16T11:36:10","modified_gmt":"2026-04-16T09:36:10","slug":"tasse-mit-figuren-und-text-personalisiert","status":"publish","type":"product","link":"https:\/\/transparentgift.com\/de\/tasse-mit-figuren-und-text-personalisiert\/","title":{"rendered":"Tasse mit Figuren und Text personalisiert"},"content":{"rendered":"<p><strong>Tasse mit Figuren und Text personalisiert<\/strong>. Ein einzigartiges Geschenk, das besondere Momente mit deinem Lieblingsmenschen festh\u00e4lt.<\/p>\n<p>Diese Tasse bietet die M\u00f6glichkeit, zwischen 1 und 5 Figuren jeweils mit einem Namen und Texten zu personalisieren und wird so zu einem unvergesslichen Detail. Ideal f\u00fcr Geburtstage, Weihnachten, Muttertag oder Vatertag \u2013 das perfekte Geschenk f\u00fcr alle, die ihre Liebe auf originelle Weise ausdr\u00fccken m\u00f6chten.<\/p>\n<p>Perfekt f\u00fcr alle, die Fr\u00fchst\u00fccke und Kaffeepausen zu unvergesslichen Momenten machen m\u00f6chten.<\/p>\n<h4><strong>Eigenschaften:<\/strong><\/h4>\n<ul>\n<li>Gr\u00f6\u00dfe: 9,5 x 8 cm<\/li>\n<li>Material: Keramik.<\/li>\n<li>Fassungsverm\u00f6gen: 333 ml.<\/li>\n<li>Pflege: Geeignet f\u00fcr Mikrowelle und Geschirrsp\u00fcler.<\/li>\n<\/ul>\n","protected":false},"excerpt":{"rendered":"<p>Tasse mit Figuren und Text personalisiert. Ein einzigartiges Geschenk, das besondere Momente mit dei [&#8230;]<\/p>\n","protected":false},"featured_media":498338,"comment_status":"open","ping_status":"closed","template":"","meta":{"_acf_changed":false},"product_brand":[],"product_cat":[1910],"product_tag":[1780],"class_list":{"0":"post-497989","1":"product","2":"type-product","3":"status-publish","4":"has-post-thumbnail","6":"product_cat-personalisierte-tassen","7":"product_tag-vaeter","9":"first","10":"instock","11":"taxable","12":"shipping-taxable","13":"purchasable","14":"product-type-simple"},"acf":[],"df_price":14.99,"df_sale_price":"","df_regular_price":14.99,"df_image_link":"https:\/\/transparentgift.com\/de\/wp-content\/uploads\/2026\/03\/Mesa-de-trabajo-1-300x300.jpg","_links":{"self":[{"href":"https:\/\/transparentgift.com\/de\/wp-json\/wp\/v2\/product\/497989","targetHints":{"allow":["GET"]}}],"collection":[{"href":"https:\/\/transparentgift.com\/de\/wp-json\/wp\/v2\/product"}],"about":[{"href":"https:\/\/transparentgift.com\/de\/wp-json\/wp\/v2\/types\/product"}],"replies":[{"embeddable":true,"href":"https:\/\/transparentgift.com\/de\/wp-json\/wp\/v2\/comments?post=497989"}],"wp:featuredmedia":[{"embeddable":true,"href":"https:\/\/transparentgift.com\/de\/wp-json\/wp\/v2\/media\/498338"}],"wp:attachment":[{"href":"https:\/\/transparentgift.com\/de\/wp-json\/wp\/v2\/media?parent=497989"}],"wp:term":[{"taxonomy":"product_brand","embeddable":true,"href":"https:\/\/transparentgift.com\/de\/wp-json\/wp\/v2\/product_brand?post=497989"},{"taxonomy":"product_cat","embeddable":true,"href":"https:\/\/transparentgift.com\/de\/wp-json\/wp\/v2\/product_cat?post=497989"},{"taxonomy":"product_tag","embeddable":true,"href":"https:\/\/transparentgift.com\/de\/wp-json\/wp\/v2\/product_tag?post=497989"}],"curies":[{"name":"wp","href":"https:\/\/api.w.org\/{rel}","templated":true}]}}