{"id":497991,"date":"2026-02-17T00:54:10","date_gmt":"2026-02-16T23:54:10","guid":{"rendered":"https:\/\/transparentgift.com\/de\/personalisierte-suessigkeitenbox-mit-figuren-und-text\/"},"modified":"2026-03-02T09:33:17","modified_gmt":"2026-03-02T08:33:17","slug":"personalisierte-suessigkeitenbox-mit-figuren-und-text","status":"publish","type":"product","link":"https:\/\/transparentgift.com\/de\/personalisierte-suessigkeitenbox-mit-figuren-und-text\/","title":{"rendered":"Personalisierte S\u00fc\u00dfigkeitenbox mit Figuren und Text"},"content":{"rendered":"<p><strong>\u00dcberrasche mit der personalisierten S\u00fc\u00dfigkeitenbox mit Figuren und Text<\/strong>. Ein einzigartiges Geschenk, das S\u00fc\u00dfe und Personalisierung f\u00fcr besondere Momente vereint.<\/p>\n<p>Diese Box bietet die M\u00f6glichkeit, zwischen 1 und 5 Figuren jeweils mit einem Namen und Texten zu personalisieren und wird so zu einem unvergesslichen Detail. Ideal f\u00fcr Geburtstage, Weihnachten, Muttertag oder Vatertag \u2013 das perfekte Geschenk f\u00fcr alle, die ihre Liebe auf originelle Weise ausdr\u00fccken m\u00f6chten.<\/p>\n<p>F\u00fcr Paare, Freunde und Familien gedacht, ist diese Box perfekt, um besondere Anl\u00e4sse zu feiern oder als s\u00fc\u00dfe Aufmerksamkeit im Alltag. Stell dir die Freude vor, sie zu \u00f6ffnen und eine pers\u00f6nliche Botschaft sowie k\u00f6stliche S\u00fc\u00dfigkeiten zu entdecken.<\/p>\n<h4><strong>Eigenschaften:<\/strong><\/h4>\n<ul>\n<li>Gr\u00f6\u00dfe:\n<ul>\n<li>Klein: 15 x 15 x 2,5 cm<\/li>\n<li>Gro\u00df: 28 x 18,5 x 2,5 cm<\/li>\n<\/ul>\n<\/li>\n<li>Material: Hochwertiger Karton.<\/li>\n<li>Inhalt:\n<ul>\n<li>Klein: 9 Pralinen.<\/li>\n<li>Gro\u00df: Bunte Fruchtgummis oder Fruchtgummis in Herzform.<\/li>\n<\/ul>\n<\/li>\n<\/ul>\n<p><strong>BOX FRUCHTGUMMIS HERZEN<\/strong><\/p>\n<p><strong>Zutaten:<\/strong><br \/>\nGlukosesirup, Zucker, Wasser, Gelatine, Feuchthaltemittel: E420, S\u00e4uerungsmittel: E330, E270, Aromen, S\u00e4ureregulator: E325, Farbstoffe: E129.<\/p>\n<table style=\"border-collapse: collapse; width: 100%; max-width: 400px;\" border=\"1\">\n<thead>\n<tr>\n<th style=\"padding: 6px;\">N\u00e4hrwert<\/th>\n<th style=\"padding: 6px;\">Pro 100 g Mischung<\/th>\n<\/tr>\n<\/thead>\n<tbody>\n<tr>\n<td style=\"padding: 6px;\">Energie<\/td>\n<td style=\"padding: 6px;\">1.459 kJ \/ 345 kcal<\/td>\n<\/tr>\n<tr>\n<td style=\"padding: 6px;\">Fett<\/td>\n<td style=\"padding: 6px;\">0,2 g<\/td>\n<\/tr>\n<tr>\n<td style=\"padding: 6px;\">\u2014 davon ges\u00e4ttigte Fetts\u00e4uren<\/td>\n<td style=\"padding: 6px;\">0,1 g<\/td>\n<\/tr>\n<tr>\n<td style=\"padding: 6px;\">Kohlenhydrate<\/td>\n<td style=\"padding: 6px;\">79,5 g<\/td>\n<\/tr>\n<tr>\n<td style=\"padding: 6px;\">\u2014 davon Zucker<\/td>\n<td style=\"padding: 6px;\">49,4 g<\/td>\n<\/tr>\n<tr>\n<td style=\"padding: 6px;\">Eiwei\u00df<\/td>\n<td style=\"padding: 6px;\">4,5 g<\/td>\n<\/tr>\n<tr>\n<td style=\"padding: 6px;\">Salz<\/td>\n<td style=\"padding: 6px;\">0,02 g<\/td>\n<\/tr>\n<\/tbody>\n<\/table>\n<div style=\"font-family: sans-serif; line-height: 1.6; max-width: 600px;\">\n<p><strong>BOX FRUCHTGUMMIS BUNT<\/strong><\/p>\n<p><strong>Zutaten:<\/strong><br \/>\nGlukosesirup, Zucker, Wasser, Gelatine, Feuchthaltemittel: E420, S\u00e4uerungsmittel: E330, E270, Geliermittel: Pektin, Aromen, S\u00e4ureregulator: E325, Farbstoffe: E129<\/p>\n<table style=\"border-collapse: collapse; width: 100%;\" border=\"1\">\n<thead>\n<tr>\n<th style=\"padding: 6px; text-align: left;\">N\u00e4hrwert<\/th>\n<th style=\"padding: 6px; text-align: left;\">Wert pro 100 g<\/th>\n<\/tr>\n<\/thead>\n<tbody>\n<tr>\n<td style=\"padding: 6px;\">Energie<\/td>\n<td style=\"padding: 6px;\">1.441 kJ \/ 344 kcal<\/td>\n<\/tr>\n<tr>\n<td style=\"padding: 6px;\">Fett<\/td>\n<td style=\"padding: 6px;\">0,2 g<\/td>\n<\/tr>\n<tr>\n<td style=\"padding: 6px;\">\u2014 davon ges\u00e4ttigte Fetts\u00e4uren<\/td>\n<td style=\"padding: 6px;\">0,1 g<\/td>\n<\/tr>\n<tr>\n<td style=\"padding: 6px;\">Kohlenhydrate<\/td>\n<td style=\"padding: 6px;\">80,2 g<\/td>\n<\/tr>\n<tr>\n<td style=\"padding: 6px;\">\u2014 davon Zucker<\/td>\n<td style=\"padding: 6px;\">49,7 g<\/td>\n<\/tr>\n<tr>\n<td style=\"padding: 6px;\">Eiwei\u00df<\/td>\n<td style=\"padding: 6px;\">3,8 g<\/td>\n<\/tr>\n<tr>\n<td style=\"padding: 6px;\">Salz<\/td>\n<td style=\"padding: 6px;\">0,02 g<\/td>\n<\/tr>\n<\/tbody>\n<\/table>\n<\/div>\n<div style=\"font-family: sans-serif; line-height: 1.6; max-width: 700px;\">\n<p><strong>KINDER SCHOKOLADENBOX<\/strong><\/p>\n<p><strong>Schoko-Bons:<\/strong> Vollmilchschokolade 50% (Zucker, Vollmilchpulver, Kakaobutter, Kakaomasse, Emulgatoren: Lecithine (Soja), Aromen), Zucker. Magermilchpulver, Palmfett, Haseln\u00fcsse (5,8%), Butterreinfett, Zartbitterschokolade (Zucker, Kakaomasse, Kakaobutter, Emulgatoren: Lecithine (Soja); Aromen), \u00dcberzugsmittel (Gummi arabicum, Schellack), Glukosesirup, Emulgatoren: Lecithine (Soja), Aromen.<br \/>\n<em>Am Gesamtanteil: Milchbestandteile: 28%, Kakao: 16,5%.<\/em><\/p>\n<p><strong>Kinder Bueno:<\/strong> Vollmilchschokolade 31% (Zucker, Kakaobutter, Kakaomasse, Magermilchpulver, Butterreinfett, Emulgatoren: Lecithine (Soja); Vanille), Zucker, Palmfett, Weizenmehl, Haseln\u00fcsse 10,8%, Magermilchpulver, Vollmilchpulver, Zartbitterschokolade (Zucker, Kakaomasse, Kakaobutter, Emulgatoren: Lecithine (Soja); Vanille), fettarmes Kakaopulver, Emulgatoren: Lecithine (Soja); Backtriebmittel (Natriumhydrogencarbonat), Salz, Vanille.<br \/>\n<em>Am Gesamtanteil: Milchbestandteile 19%.<\/em><\/p>\n<p><strong>Mini Kinder Schokolade:<\/strong><br \/>\nVollmilchschokolade 40% (Zucker, VOLLmilchpulver, Kakaobutter, Kakaomasse, Emulgatoren: Lecithine (SOJA), Vanillin), Zucker, MAGERmilchpulver, Palmfett, BUTTERreinfett, Emulgatoren: Lecithine (SOJA), Vanillin.<br \/>\n<em>Am Gesamtanteil: Milchbestandteile 33% (Magermilchpulver, Vollmilchpulver: 27,5%, Butterreinfett 5,5%) &#8211; Kakao 13%.<\/em><\/p>\n<p><strong>GLUTENFREI<\/strong><\/p>\n<table style=\"border-collapse: collapse; width: 100%;\" border=\"1\">\n<thead>\n<tr>\n<th style=\"padding: 6px; text-align: left;\">N\u00e4hrwert<\/th>\n<th style=\"padding: 6px; text-align: left;\">Wert pro 100 g<\/th>\n<\/tr>\n<\/thead>\n<tbody>\n<tr>\n<td style=\"padding: 6px;\">Energie<\/td>\n<td style=\"padding: 6px;\">2.367 kJ \/ 566 kcal<\/td>\n<\/tr>\n<tr>\n<td style=\"padding: 6px;\">Fett<\/td>\n<td style=\"padding: 6px;\">35,1 g<\/td>\n<\/tr>\n<tr>\n<td style=\"padding: 6px;\">\u2014 davon ges\u00e4ttigte Fetts\u00e4uren<\/td>\n<td style=\"padding: 6px;\">21,6 g<\/td>\n<\/tr>\n<tr>\n<td style=\"padding: 6px;\">Kohlenhydrate<\/td>\n<td style=\"padding: 6px;\">51,6 g<\/td>\n<\/tr>\n<tr>\n<td style=\"padding: 6px;\">\u2014 davon Zucker<\/td>\n<td style=\"padding: 6px;\">51,7 g<\/td>\n<\/tr>\n<tr>\n<td style=\"padding: 6px;\">Eiwei\u00df<\/td>\n<td style=\"padding: 6px;\">7,8 g<\/td>\n<\/tr>\n<tr>\n<td style=\"padding: 6px;\">Salz<\/td>\n<td style=\"padding: 6px;\">0,2 g<\/td>\n<\/tr>\n<\/tbody>\n<\/table>\n<\/div>\n<hr style=\"margin: 30px 0;\" \/>\n<p><strong>BOX FRUCHTGUMMIS<\/strong><\/p>\n<p><strong>Zutaten:<\/strong><br \/>\nGlukosesirup, Zucker, Wasser, Gelatine, Feuchthaltemittel: E420, S\u00e4uerungsmittel: E330, E270, Geliermittel: Pektin, Aromen, S\u00e4ureregulator: E325, Farbstoffe: E129<\/p>\n<table style=\"border-collapse: collapse; width: 100%;\" border=\"1\">\n<thead>\n<tr>\n<th style=\"padding: 6px; text-align: left;\">N\u00e4hrwert<\/th>\n<th style=\"padding: 6px; text-align: left;\">Wert pro 100 g<\/th>\n<\/tr>\n<\/thead>\n<tbody>\n<tr>\n<td style=\"padding: 6px;\">Energie<\/td>\n<td style=\"padding: 6px;\">1.490 kJ \/ 356 kcal<\/td>\n<\/tr>\n<tr>\n<td style=\"padding: 6px;\">Fett<\/td>\n<td style=\"padding: 6px;\">0,3 g<\/td>\n<\/tr>\n<tr>\n<td style=\"padding: 6px;\">\u2014 davon ges\u00e4ttigte Fetts\u00e4uren<\/td>\n<td style=\"padding: 6px;\">0,1 g<\/td>\n<\/tr>\n<tr>\n<td style=\"padding: 6px;\">Kohlenhydrate<\/td>\n<td style=\"padding: 6px;\">81,6 g<\/td>\n<\/tr>\n<tr>\n<td style=\"padding: 6px;\">\u2014 davon Zucker<\/td>\n<td style=\"padding: 6px;\">52,3 g<\/td>\n<\/tr>\n<tr>\n<td style=\"padding: 6px;\">Eiwei\u00df<\/td>\n<td style=\"padding: 6px;\">5,9 g<\/td>\n<\/tr>\n<tr>\n<td style=\"padding: 6px;\">Salz<\/td>\n<td style=\"padding: 6px;\">0,2 g<\/td>\n<\/tr>\n<\/tbody>\n<\/table>\n","protected":false},"excerpt":{"rendered":"<p>\u00dcberrasche mit der personalisierten S\u00fc\u00dfigkeitenbox mit Figuren und Text. Ein einzigartiges Gesche [&#8230;]<\/p>\n","protected":false},"featured_media":498076,"comment_status":"open","ping_status":"closed","template":"","meta":{"_acf_changed":false},"product_brand":[],"product_cat":[1818],"product_tag":[1780],"ai-category":[1850],"class_list":{"0":"post-497991","1":"product","2":"type-product","3":"status-publish","4":"has-post-thumbnail","6":"product_cat-personalisierte-suessigkeiten-und-pralinen","7":"product_tag-vaeter","8":"ai-category-chuches-y-bombones-personalizados","10":"first","11":"instock","12":"taxable","13":"shipping-taxable","14":"purchasable","15":"product-type-simple"},"acf":[],"df_price":14.99,"df_sale_price":"","df_regular_price":14.99,"df_image_link":"https:\/\/transparentgift.com\/de\/wp-content\/uploads\/2026\/02\/CAJA-CHUCHES-MUNECOS-1-300x300.jpg","_links":{"self":[{"href":"https:\/\/transparentgift.com\/de\/wp-json\/wp\/v2\/product\/497991","targetHints":{"allow":["GET"]}}],"collection":[{"href":"https:\/\/transparentgift.com\/de\/wp-json\/wp\/v2\/product"}],"about":[{"href":"https:\/\/transparentgift.com\/de\/wp-json\/wp\/v2\/types\/product"}],"replies":[{"embeddable":true,"href":"https:\/\/transparentgift.com\/de\/wp-json\/wp\/v2\/comments?post=497991"}],"wp:featuredmedia":[{"embeddable":true,"href":"https:\/\/transparentgift.com\/de\/wp-json\/wp\/v2\/media\/498076"}],"wp:attachment":[{"href":"https:\/\/transparentgift.com\/de\/wp-json\/wp\/v2\/media?parent=497991"}],"wp:term":[{"taxonomy":"product_brand","embeddable":true,"href":"https:\/\/transparentgift.com\/de\/wp-json\/wp\/v2\/product_brand?post=497991"},{"taxonomy":"product_cat","embeddable":true,"href":"https:\/\/transparentgift.com\/de\/wp-json\/wp\/v2\/product_cat?post=497991"},{"taxonomy":"product_tag","embeddable":true,"href":"https:\/\/transparentgift.com\/de\/wp-json\/wp\/v2\/product_tag?post=497991"},{"taxonomy":"ai-category","embeddable":true,"href":"https:\/\/transparentgift.com\/de\/wp-json\/wp\/v2\/ai-category?post=497991"}],"curies":[{"name":"wp","href":"https:\/\/api.w.org\/{rel}","templated":true}]}}