{"id":497993,"date":"2026-02-17T00:54:12","date_gmt":"2026-02-16T23:54:12","guid":{"rendered":"https:\/\/transparentgift.com\/de\/bierkrug-legende-personalisiert\/"},"modified":"2026-03-02T09:33:17","modified_gmt":"2026-03-02T08:33:17","slug":"bierkrug-legende-personalisiert","status":"publish","type":"product","link":"https:\/\/transparentgift.com\/de\/bierkrug-legende-personalisiert\/","title":{"rendered":"Bierkrug Legende personalisiert"},"content":{"rendered":"<p><strong>Personalisierter Bierkrug Legende<\/strong>. Ein einzigartiges Geschenk, das besondere Momente mit jedem Schluck festh\u00e4lt.<\/p>\n<p>Dieser Bierkrug ist nicht nur ein Gef\u00e4\u00df, sondern eine Hommage an die wichtigsten Jahre seines Lebens. Personalisiere ihn mit bedeutenden Daten und mache jeden Ansto\u00df unvergesslich.<\/p>\n<p>Perfekt f\u00fcr V\u00e4ter und Gro\u00dfv\u00e4ter, die wahre Legenden in ihren Familien sind. Ideal zum Vatertag, zum Geburtstag oder zu jedem Anlass, bei dem du sein Verm\u00e4chtnis feiern m\u00f6chtest. Stell dir sein L\u00e4cheln vor, wenn er seine wertvollsten Jahre auf diesem Krug eingraviert sieht.<\/p>\n<h4><strong>Eigenschaften:<\/strong><\/h4>\n<ul>\n<li>Gr\u00f6\u00dfe: 15 x 8 x 8 cm<\/li>\n<li>Material: Transluzentes Glas.<\/li>\n<li>Fassungsverm\u00f6gen: 500 ml.<\/li>\n<li>Pflege: Sp\u00fclmaschinengeeignet. Nicht mikrowellengeeignet.<\/li>\n<\/ul>\n","protected":false},"excerpt":{"rendered":"<p>Personalisierter Bierkrug Legende. Ein einzigartiges Geschenk, das besondere Momente mit jedem Schlu [&#8230;]<\/p>\n","protected":false},"featured_media":498083,"comment_status":"open","ping_status":"closed","template":"","meta":{"_acf_changed":false},"product_brand":[],"product_cat":[1929],"product_tag":[1780],"ai-category":[1932],"class_list":{"0":"post-497993","1":"product","2":"type-product","3":"status-publish","4":"has-post-thumbnail","6":"product_cat-personalisierte-bierkruege","7":"product_tag-vaeter","8":"ai-category-jarras-de-cerveza-personalizadas","10":"first","11":"instock","12":"taxable","13":"shipping-taxable","14":"purchasable","15":"product-type-simple"},"acf":[],"df_price":21.99,"df_sale_price":"","df_regular_price":21.99,"df_image_link":"https:\/\/transparentgift.com\/de\/wp-content\/uploads\/2026\/02\/1-1-300x300.png","_links":{"self":[{"href":"https:\/\/transparentgift.com\/de\/wp-json\/wp\/v2\/product\/497993","targetHints":{"allow":["GET"]}}],"collection":[{"href":"https:\/\/transparentgift.com\/de\/wp-json\/wp\/v2\/product"}],"about":[{"href":"https:\/\/transparentgift.com\/de\/wp-json\/wp\/v2\/types\/product"}],"replies":[{"embeddable":true,"href":"https:\/\/transparentgift.com\/de\/wp-json\/wp\/v2\/comments?post=497993"}],"wp:featuredmedia":[{"embeddable":true,"href":"https:\/\/transparentgift.com\/de\/wp-json\/wp\/v2\/media\/498083"}],"wp:attachment":[{"href":"https:\/\/transparentgift.com\/de\/wp-json\/wp\/v2\/media?parent=497993"}],"wp:term":[{"taxonomy":"product_brand","embeddable":true,"href":"https:\/\/transparentgift.com\/de\/wp-json\/wp\/v2\/product_brand?post=497993"},{"taxonomy":"product_cat","embeddable":true,"href":"https:\/\/transparentgift.com\/de\/wp-json\/wp\/v2\/product_cat?post=497993"},{"taxonomy":"product_tag","embeddable":true,"href":"https:\/\/transparentgift.com\/de\/wp-json\/wp\/v2\/product_tag?post=497993"},{"taxonomy":"ai-category","embeddable":true,"href":"https:\/\/transparentgift.com\/de\/wp-json\/wp\/v2\/ai-category?post=497993"}],"curies":[{"name":"wp","href":"https:\/\/api.w.org\/{rel}","templated":true}]}}