{"id":497994,"date":"2026-02-17T00:54:13","date_gmt":"2026-02-16T23:54:13","guid":{"rendered":"https:\/\/transparentgift.com\/de\/personalisierter-bierkrug-papa\/"},"modified":"2026-03-02T09:33:18","modified_gmt":"2026-03-02T08:33:18","slug":"personalisierter-bierkrug-papa","status":"publish","type":"product","link":"https:\/\/transparentgift.com\/de\/personalisierter-bierkrug-papa\/","title":{"rendered":"Personalisierter Bierkrug Papa"},"content":{"rendered":"<p><strong>Der personalisierte Bierkrug Papa<\/strong> ist das perfekte Geschenk, um Liebe und Wertsch\u00e4tzung auf einzigartige und besondere Weise zu zeigen.<\/p>\n<p>Mit einem Design, das du mit Namen und Spr\u00fcchen personalisieren kannst, wird dieser Krug zu einer unvergesslichen Erinnerung \u2013 ideal, um den Vatertag oder seinen Geburtstag zu feiern. Hergestellt aus hochwertigen Materialien, ist er sp\u00fclmaschinengeeignet und somit besonders langlebig.<\/p>\n<p>Dieses Geschenk ist f\u00fcr V\u00e4ter gedacht, die gerne zu Hause oder bei Treffen ein gutes Bier genie\u00dfen. Perfekt f\u00fcr jeden besonderen Anlass, wie Jubil\u00e4en, oder einfach, um ihn an einem ganz normalen Tag zu \u00fcberraschen. Die Personalisierung macht jeden Schluck zu einer Erinnerung daran, wie sehr du ihn sch\u00e4tzt.<\/p>\n<h4><strong>Eigenschaften:<\/strong><\/h4>\n<ul>\n<li>Gr\u00f6\u00dfe: 15 x 8 x 8 cm<\/li>\n<li>Material: Transluzentes Glas.<\/li>\n<li>Fassungsverm\u00f6gen: 500 ml.<\/li>\n<li>Pflege: Sp\u00fclmaschinengeeignet. Nicht mikrowellengeeignet.<\/li>\n<\/ul>\n","protected":false},"excerpt":{"rendered":"<p>Der personalisierte Bierkrug Papa ist das perfekte Geschenk, um Liebe und Wertsch\u00e4tzung auf einziga [&#8230;]<\/p>\n","protected":false},"featured_media":498086,"comment_status":"open","ping_status":"closed","template":"","meta":{"_acf_changed":false},"product_brand":[],"product_cat":[1929],"product_tag":[1780],"ai-category":[1932],"class_list":{"0":"post-497994","1":"product","2":"type-product","3":"status-publish","4":"has-post-thumbnail","6":"product_cat-personalisierte-bierkruege","7":"product_tag-vaeter","8":"ai-category-jarras-de-cerveza-personalizadas","10":"first","11":"instock","12":"taxable","13":"shipping-taxable","14":"purchasable","15":"product-type-simple"},"acf":[],"df_price":21.99,"df_sale_price":"","df_regular_price":21.99,"df_image_link":"https:\/\/transparentgift.com\/de\/wp-content\/uploads\/2026\/02\/JARRA-PAPA_1-300x300.jpg","_links":{"self":[{"href":"https:\/\/transparentgift.com\/de\/wp-json\/wp\/v2\/product\/497994","targetHints":{"allow":["GET"]}}],"collection":[{"href":"https:\/\/transparentgift.com\/de\/wp-json\/wp\/v2\/product"}],"about":[{"href":"https:\/\/transparentgift.com\/de\/wp-json\/wp\/v2\/types\/product"}],"replies":[{"embeddable":true,"href":"https:\/\/transparentgift.com\/de\/wp-json\/wp\/v2\/comments?post=497994"}],"wp:featuredmedia":[{"embeddable":true,"href":"https:\/\/transparentgift.com\/de\/wp-json\/wp\/v2\/media\/498086"}],"wp:attachment":[{"href":"https:\/\/transparentgift.com\/de\/wp-json\/wp\/v2\/media?parent=497994"}],"wp:term":[{"taxonomy":"product_brand","embeddable":true,"href":"https:\/\/transparentgift.com\/de\/wp-json\/wp\/v2\/product_brand?post=497994"},{"taxonomy":"product_cat","embeddable":true,"href":"https:\/\/transparentgift.com\/de\/wp-json\/wp\/v2\/product_cat?post=497994"},{"taxonomy":"product_tag","embeddable":true,"href":"https:\/\/transparentgift.com\/de\/wp-json\/wp\/v2\/product_tag?post=497994"},{"taxonomy":"ai-category","embeddable":true,"href":"https:\/\/transparentgift.com\/de\/wp-json\/wp\/v2\/ai-category?post=497994"}],"curies":[{"name":"wp","href":"https:\/\/api.w.org\/{rel}","templated":true}]}}