{"id":498009,"date":"2026-02-17T00:54:30","date_gmt":"2026-02-16T23:54:30","guid":{"rendered":"https:\/\/transparentgift.com\/de\/llavero-munequitos-papa-personalizado\/"},"modified":"2026-04-15T17:37:52","modified_gmt":"2026-04-15T15:37:52","slug":"schluesselanhaenger-aus-stahl-im-familiendesign-mit-personalisierten-figuren","status":"publish","type":"product","link":"https:\/\/transparentgift.com\/de\/schluesselanhaenger-aus-stahl-im-familiendesign-mit-personalisierten-figuren\/","title":{"rendered":"Schl\u00fcsselanh\u00e4nger aus Stahl im Familiendesign mit personalisierten Figuren"},"content":{"rendered":"<p><strong>Ein personalisierter Schl\u00fcsselanh\u00e4nger, der das Wichtigste feiert: die Familie<\/strong>. Dieser Schl\u00fcsselanh\u00e4nger aus Stahl f\u00fcr Papa oder Mama mit gravierten Fig\u00fcrchen ist ein einzigartiges Detail, das jedes Familienmitglied auf lustige und emotionale Weise darstellt.<\/p>\n<p>Sein Design mit zeichnungsartigen Figuren erm\u00f6glicht es, den Schl\u00fcsselanh\u00e4nger mit den Namen der Kinder zu personalisieren und so eine besondere Erinnerung zu schaffen, die ein Vater oder eine Mutter immer bei sich tragen kann. Ein schlichtes, elegantes und bedeutungsvolles Accessoire.<\/p>\n<p>Er ist ein perfektes Geschenk zum Vatertag, Muttertag, Geburtstag oder zu jedem besonderen Anlass, bei dem du deine Eltern mit einem originellen und personalisierten Detail \u00fcberraschen m\u00f6chtest. Ideal f\u00fcr Eltern, die kleine Gesten sch\u00e4tzen und immer ein Symbol ihrer Familie bei sich tragen m\u00f6chten, sei es an den Auto-, Haus- oder Arbeitsschl\u00fcsseln.<\/p>\n<h4><strong>Eigenschaften:<\/strong><\/h4>\n<ul>\n<li>Material: Stahl<\/li>\n<li>Ma\u00dfe: 20 x 45 mm<\/li>\n<li>Gravur mit Fig\u00fcrchen und personalisierten Namen<\/li>\n<li>Es k\u00f6nnen zwischen 1 und 5 Figuren gew\u00e4hlt werden<\/li>\n<li>Elegantes und widerstandsf\u00e4higes rechteckiges Design f\u00fcr den t\u00e4glichen Gebrauch<\/li>\n<\/ul>\n","protected":false},"excerpt":{"rendered":"<p>Ein personalisierter Schl\u00fcsselanh\u00e4nger, der das Wichtigste feiert: die Familie. Dieser Schl\u00fcssela [&#8230;]<\/p>\n","protected":false},"featured_media":499121,"comment_status":"open","ping_status":"closed","template":"","meta":{"_acf_changed":false},"product_brand":[],"product_cat":[1778],"product_tag":[1809,1780],"ai-category":[],"class_list":{"0":"post-498009","1":"product","2":"type-product","3":"status-publish","4":"has-post-thumbnail","6":"product_cat-personalisierte-schluesselanhaenger","7":"product_tag-neu","8":"product_tag-vaeter","10":"first","11":"instock","12":"taxable","13":"shipping-taxable","14":"purchasable","15":"product-type-simple"},"acf":[],"df_price":19.99,"df_sale_price":"","df_regular_price":19.99,"df_image_link":"https:\/\/transparentgift.com\/de\/wp-content\/uploads\/2026\/04\/Llavero_munecos_Portada-300x300.jpg","_links":{"self":[{"href":"https:\/\/transparentgift.com\/de\/wp-json\/wp\/v2\/product\/498009","targetHints":{"allow":["GET"]}}],"collection":[{"href":"https:\/\/transparentgift.com\/de\/wp-json\/wp\/v2\/product"}],"about":[{"href":"https:\/\/transparentgift.com\/de\/wp-json\/wp\/v2\/types\/product"}],"replies":[{"embeddable":true,"href":"https:\/\/transparentgift.com\/de\/wp-json\/wp\/v2\/comments?post=498009"}],"wp:featuredmedia":[{"embeddable":true,"href":"https:\/\/transparentgift.com\/de\/wp-json\/wp\/v2\/media\/499121"}],"wp:attachment":[{"href":"https:\/\/transparentgift.com\/de\/wp-json\/wp\/v2\/media?parent=498009"}],"wp:term":[{"taxonomy":"product_brand","embeddable":true,"href":"https:\/\/transparentgift.com\/de\/wp-json\/wp\/v2\/product_brand?post=498009"},{"taxonomy":"product_cat","embeddable":true,"href":"https:\/\/transparentgift.com\/de\/wp-json\/wp\/v2\/product_cat?post=498009"},{"taxonomy":"product_tag","embeddable":true,"href":"https:\/\/transparentgift.com\/de\/wp-json\/wp\/v2\/product_tag?post=498009"},{"taxonomy":"ai-category","embeddable":true,"href":"https:\/\/transparentgift.com\/de\/wp-json\/wp\/v2\/ai-category?post=498009"}],"curies":[{"name":"wp","href":"https:\/\/api.w.org\/{rel}","templated":true}]}}