{"id":498528,"date":"2026-03-26T14:48:44","date_gmt":"2026-03-26T13:48:44","guid":{"rendered":"https:\/\/transparentgift.com\/de\/personalisierte-mama-collage-lampe-mit-vier-fotos\/"},"modified":"2026-04-16T11:06:59","modified_gmt":"2026-04-16T09:06:59","slug":"personalisierte-mama-collage-lampe-mit-vier-fotos","status":"publish","type":"product","link":"https:\/\/transparentgift.com\/de\/personalisierte-mama-collage-lampe-mit-vier-fotos\/","title":{"rendered":"Personalisierte Mama-Collage-Lampe mit vier Fotos"},"content":{"rendered":"<p>&#8222;\u00dcberrasche deine Mutter mit dieser personalisierten Lampe mit vier Fotos, die auf eine Methacrylatplatte graviert werden k\u00f6nnen. Sie ist eines der originellsten Geschenke f\u00fcr Frauen, das du ihr zum Muttertag, zum Geburtstag oder sogar zu Weihnachten schenken kannst.<\/p>\n<p>Die Lampe ist vollst\u00e4ndig personalisierbar. Du musst nur die vier Fotos ausw\u00e4hlen, die f\u00fcr deine Mutter eine besondere Bedeutung haben, und sie werden zusammen mit den Texten, die du hinzuf\u00fcgen m\u00f6chtest, auf die leuchtende Platte graviert. So gestaltest du eines der sch\u00f6nsten personalisierten Geschenke mit einem einzigartigen und liebevollen Design! Gegen einen Aufpreis kannst du au\u00dferdem die gew\u00fcnschte Botschaft auf den Holzsockel setzen. So oder so kann Mama ihren Nachttisch, ihr Regal oder ihren Schreibtisch auf ganz besondere Weise dekorieren. Das angenehme warme LED-Licht erhellt jeden Raum im Haus und sorgt f\u00fcr einen Akzent, der auch Papa begeistern wird. Sie kann auch als Nachtlicht verwendet werden.<\/p>\n<p>Die Lampe wird aus hochwertigen Materialien gefertigt, die ihr Widerstandsf\u00e4higkeit und Langlebigkeit verleihen. Sie verf\u00fcgt \u00fcber ein Kabel und Schalter zum Ein- und Ausschalten des Lichts.<\/p>\n<p>Verpasse nicht das ideale Geschenk f\u00fcr die Mutter, um Mama an diesem ganz besonderen Tag deine Zuneigung zu zeigen. Du wirst sie zur gl\u00fccklichsten Mutter der Welt machen!<\/p>\n<p><strong>Eigenschaften:<\/strong><\/p>\n<ul>\n<li>Gr\u00f6\u00dfe:\n<ul>\n<li>Mit Sockel: 20 \u00d7 14,5 x 4,5 cm<\/li>\n<li>Mit Rahmen: 21 x 17 cm<\/li>\n<\/ul>\n<\/li>\n<li>Material:\n<ul>\n<li>Platte: Hochwertiges Methacrylat.<\/li>\n<li>Sockel: Hochwertiges Holz.<\/li>\n<\/ul>\n<\/li>\n<li>Enth\u00e4lt: Warmes LED-Licht. USB-Kabel. Verpackung in Geschenkbox.<\/li>\n<li>Pflege: L\u00e4sst sich ganz einfach mit dem mitgelieferten Tuch reinigen.<\/li>\n<\/ul>\n<p>&#8222;<\/p>\n","protected":false},"excerpt":{"rendered":"<p>&#8222;\u00dcberrasche deine Mutter mit dieser personalisierten Lampe mit vier Fotos, die auf eine Metha [&#8230;]<\/p>\n","protected":false},"featured_media":498565,"comment_status":"open","ping_status":"closed","template":"","meta":{"_acf_changed":false},"product_brand":[],"product_cat":[1781],"product_tag":[1787,1809],"class_list":{"0":"post-498528","1":"product","2":"type-product","3":"status-publish","4":"has-post-thumbnail","6":"product_cat-personalisierte-lampen","7":"product_tag-muetter","8":"product_tag-neu","10":"first","11":"instock","12":"taxable","13":"shipping-taxable","14":"purchasable","15":"product-type-simple"},"acf":[],"df_price":20.99,"df_sale_price":"","df_regular_price":20.99,"df_image_link":"https:\/\/transparentgift.com\/de\/wp-content\/uploads\/2026\/03\/Lampara-mama4fotos-collage_1-300x300.jpg","_links":{"self":[{"href":"https:\/\/transparentgift.com\/de\/wp-json\/wp\/v2\/product\/498528","targetHints":{"allow":["GET"]}}],"collection":[{"href":"https:\/\/transparentgift.com\/de\/wp-json\/wp\/v2\/product"}],"about":[{"href":"https:\/\/transparentgift.com\/de\/wp-json\/wp\/v2\/types\/product"}],"replies":[{"embeddable":true,"href":"https:\/\/transparentgift.com\/de\/wp-json\/wp\/v2\/comments?post=498528"}],"wp:featuredmedia":[{"embeddable":true,"href":"https:\/\/transparentgift.com\/de\/wp-json\/wp\/v2\/media\/498565"}],"wp:attachment":[{"href":"https:\/\/transparentgift.com\/de\/wp-json\/wp\/v2\/media?parent=498528"}],"wp:term":[{"taxonomy":"product_brand","embeddable":true,"href":"https:\/\/transparentgift.com\/de\/wp-json\/wp\/v2\/product_brand?post=498528"},{"taxonomy":"product_cat","embeddable":true,"href":"https:\/\/transparentgift.com\/de\/wp-json\/wp\/v2\/product_cat?post=498528"},{"taxonomy":"product_tag","embeddable":true,"href":"https:\/\/transparentgift.com\/de\/wp-json\/wp\/v2\/product_tag?post=498528"}],"curies":[{"name":"wp","href":"https:\/\/api.w.org\/{rel}","templated":true}]}}