{"id":498530,"date":"2026-03-26T14:48:46","date_gmt":"2026-03-26T13:48:46","guid":{"rendered":"https:\/\/transparentgift.com\/de\/personalisierte-mehrfarbige-mama-lampe\/"},"modified":"2026-04-16T11:07:18","modified_gmt":"2026-04-16T09:07:18","slug":"personalisierte-mehrfarbige-mama-lampe","status":"publish","type":"product","link":"https:\/\/transparentgift.com\/de\/personalisierte-mehrfarbige-mama-lampe\/","title":{"rendered":"Personalisierte mehrfarbige Mama-Lampe"},"content":{"rendered":"<p>&#8222;<strong>Personalisierte Mama-Lampe mit 4 Fotos und farbig graviertem Wort<\/strong>. Das perfekte Geschenk, um die sch\u00f6nsten Erinnerungen mit Mama zum Leuchten zu bringen.<\/p>\n<p>Diese Lampe mit Holzsockel enth\u00e4lt eine Methacrylatplatte mit dem vollfarbig aufgedruckten Wort \u201eMAMA\u201c und Platz f\u00fcr vier personalisierte Fotos. Ein emotionales Design, das durch einen bedeutungsvollen Satz unter den Bildern erg\u00e4nzt wird und, wenn du m\u00f6chtest, durch eine zus\u00e4tzliche gravierte Botschaft auf dem Sockel, um dieses Detail in etwas Unvergessliches zu verwandeln.<\/p>\n<p>Sie ist das originelle Muttertagsgeschenk, nach dem du gesucht hast, und auch ideal f\u00fcr ihren Geburtstag, Weihnachten oder einfach, um sie daran zu erinnern, wie lieb du sie hast. Dank ihres RGB-LED-Lichts und ihrer eleganten Pr\u00e4sentation eignet sich diese Lampe perfekt f\u00fcr einen Beistelltisch, ein Regal oder einen Schreibtisch und schafft eine warme und dekorative Atmosph\u00e4re in jeder Ecke des Hauses.<\/p>\n<h4><strong>Eigenschaften:<\/strong><\/h4>\n<ul>\n<li>Gr\u00f6\u00dfe:- Mit Sockel: 17 \u00d7 14,5 x 4,5 cm- Mit Rahmen: 21 x 17 cm<\/li>\n<li>Material:- Platte: Hochwertiges Methacrylat- Sockel: Hochwertiges Holz<\/li>\n<li>Enth\u00e4lt: RGB-LED-Licht. USB-Kabel. Verpackung in Geschenkbox<\/li>\n<li>Pflege: L\u00e4sst sich ganz einfach mit dem mitgelieferten Tuch reinigen<\/li>\n<\/ul>\n<p>&#8222;<\/p>\n","protected":false},"excerpt":{"rendered":"<p>&#8222;Personalisierte Mama-Lampe mit 4 Fotos und farbig graviertem Wort. Das perfekte Geschenk, um  [&#8230;]<\/p>\n","protected":false},"featured_media":498574,"comment_status":"open","ping_status":"closed","template":"","meta":{"_acf_changed":false},"product_brand":[],"product_cat":[1781],"product_tag":[1787],"class_list":{"0":"post-498530","1":"product","2":"type-product","3":"status-publish","4":"has-post-thumbnail","6":"product_cat-personalisierte-lampen","7":"product_tag-muetter","9":"first","10":"instock","11":"sale","12":"taxable","13":"shipping-taxable","14":"purchasable","15":"product-type-simple"},"acf":[],"df_price":14.99,"df_sale_price":14.99,"df_regular_price":20.99,"df_image_link":"https:\/\/transparentgift.com\/de\/wp-content\/uploads\/2026\/03\/Lampara-mama-multicolor_1-300x300.jpg","_links":{"self":[{"href":"https:\/\/transparentgift.com\/de\/wp-json\/wp\/v2\/product\/498530","targetHints":{"allow":["GET"]}}],"collection":[{"href":"https:\/\/transparentgift.com\/de\/wp-json\/wp\/v2\/product"}],"about":[{"href":"https:\/\/transparentgift.com\/de\/wp-json\/wp\/v2\/types\/product"}],"replies":[{"embeddable":true,"href":"https:\/\/transparentgift.com\/de\/wp-json\/wp\/v2\/comments?post=498530"}],"wp:featuredmedia":[{"embeddable":true,"href":"https:\/\/transparentgift.com\/de\/wp-json\/wp\/v2\/media\/498574"}],"wp:attachment":[{"href":"https:\/\/transparentgift.com\/de\/wp-json\/wp\/v2\/media?parent=498530"}],"wp:term":[{"taxonomy":"product_brand","embeddable":true,"href":"https:\/\/transparentgift.com\/de\/wp-json\/wp\/v2\/product_brand?post=498530"},{"taxonomy":"product_cat","embeddable":true,"href":"https:\/\/transparentgift.com\/de\/wp-json\/wp\/v2\/product_cat?post=498530"},{"taxonomy":"product_tag","embeddable":true,"href":"https:\/\/transparentgift.com\/de\/wp-json\/wp\/v2\/product_tag?post=498530"}],"curies":[{"name":"wp","href":"https:\/\/api.w.org\/{rel}","templated":true}]}}