{"id":498531,"date":"2026-03-26T14:48:47","date_gmt":"2026-03-26T13:48:47","guid":{"rendered":"https:\/\/transparentgift.com\/de\/personalisierte-mama-lampe-mit-fotos\/"},"modified":"2026-04-16T11:07:29","modified_gmt":"2026-04-16T09:07:29","slug":"personalisierte-mama-lampe-mit-fotos","status":"publish","type":"product","link":"https:\/\/transparentgift.com\/de\/personalisierte-mama-lampe-mit-fotos\/","title":{"rendered":"Personalisierte Mama-Lampe mit Fotos"},"content":{"rendered":"<p>&#8222;\u00dcberrasche Mama mit dieser personalisierten Lampe mit dem Wort Mama, das auf eine Methacrylatplatte mit Holzsockel graviert ist. Es ist das originellste Geschenk, das du zum Muttertag oder zu ihrem Geburtstag machen kannst. Du musst nur 4 Fotos ausw\u00e4hlen, die eine besondere Bedeutung haben, und jeder Buchstabe wird eine dieser Erinnerungen enthalten. Au\u00dferdem kannst du unter dieser sch\u00f6nen Komposition einen gef\u00fchlvollen Satz hinzuf\u00fcgen.<\/p>\n<p>W\u00e4hle zwischen den zwei verf\u00fcgbaren Optionen, vertikal\/horizontal, und gestalte das besondersste Geschenk, das du deiner Mutter machen wirst. Sie kann sie auf jede Oberfl\u00e4che stellen, um den Raum zu dekorieren und zu beleuchten. Sie verf\u00fcgt \u00fcber ein Kabel und Schalter, um die Lichtfarbe und die Intensit\u00e4t auszuw\u00e4hlen. Und wenn du dieses Geschenk noch spezieller machen m\u00f6chtest, kannst du gegen einen Aufpreis eine personalisierte Botschaft auf dem Sockel hinzuf\u00fcgen.<\/p>\n<p><strong>Eigenschaften:<\/strong><\/p>\n<ul>\n<li>Gr\u00f6\u00dfe:\n<ul>\n<li>Mit Sockel: 19 \u00d7 14,5 x 4,5 cm<\/li>\n<li>Mit Rahmen: 21 x 17 cm<\/li>\n<\/ul>\n<\/li>\n<li>Material:\n<ul>\n<li>Platte: Hochwertiges Methacrylat.<\/li>\n<li>Sockel: Hochwertiges Holz.<\/li>\n<\/ul>\n<\/li>\n<li>Enth\u00e4lt: RGB-LED-Licht. USB-Kabel. Verpackung in Geschenkbox.<\/li>\n<li>Pflege: L\u00e4sst sich ganz einfach mit dem mitgelieferten Tuch reinigen.<\/li>\n<\/ul>\n<p>&#8222;<\/p>\n","protected":false},"excerpt":{"rendered":"<p>&#8222;\u00dcberrasche Mama mit dieser personalisierten Lampe mit dem Wort Mama, das auf eine Methacryla [&#8230;]<\/p>\n","protected":false},"featured_media":498580,"comment_status":"open","ping_status":"closed","template":"","meta":{"_acf_changed":false},"product_brand":[],"product_cat":[1781],"product_tag":[1787],"class_list":{"0":"post-498531","1":"product","2":"type-product","3":"status-publish","4":"has-post-thumbnail","6":"product_cat-personalisierte-lampen","7":"product_tag-muetter","9":"first","10":"instock","11":"sale","12":"taxable","13":"shipping-taxable","14":"purchasable","15":"product-type-simple"},"acf":[],"df_price":20.99,"df_sale_price":20.99,"df_regular_price":34.99,"df_image_link":"https:\/\/transparentgift.com\/de\/wp-content\/uploads\/2026\/03\/Lampara-Mama-Mascara-1-300x300.jpg","_links":{"self":[{"href":"https:\/\/transparentgift.com\/de\/wp-json\/wp\/v2\/product\/498531","targetHints":{"allow":["GET"]}}],"collection":[{"href":"https:\/\/transparentgift.com\/de\/wp-json\/wp\/v2\/product"}],"about":[{"href":"https:\/\/transparentgift.com\/de\/wp-json\/wp\/v2\/types\/product"}],"replies":[{"embeddable":true,"href":"https:\/\/transparentgift.com\/de\/wp-json\/wp\/v2\/comments?post=498531"}],"wp:featuredmedia":[{"embeddable":true,"href":"https:\/\/transparentgift.com\/de\/wp-json\/wp\/v2\/media\/498580"}],"wp:attachment":[{"href":"https:\/\/transparentgift.com\/de\/wp-json\/wp\/v2\/media?parent=498531"}],"wp:term":[{"taxonomy":"product_brand","embeddable":true,"href":"https:\/\/transparentgift.com\/de\/wp-json\/wp\/v2\/product_brand?post=498531"},{"taxonomy":"product_cat","embeddable":true,"href":"https:\/\/transparentgift.com\/de\/wp-json\/wp\/v2\/product_cat?post=498531"},{"taxonomy":"product_tag","embeddable":true,"href":"https:\/\/transparentgift.com\/de\/wp-json\/wp\/v2\/product_tag?post=498531"}],"curies":[{"name":"wp","href":"https:\/\/api.w.org\/{rel}","templated":true}]}}