{"id":498532,"date":"2026-03-26T14:48:48","date_gmt":"2026-03-26T13:48:48","guid":{"rendered":"https:\/\/transparentgift.com\/de\/personalisierte-mama-lampe-in-herzform\/"},"modified":"2026-04-16T11:07:38","modified_gmt":"2026-04-16T09:07:38","slug":"personalisierte-mama-lampe-in-herzform","status":"publish","type":"product","link":"https:\/\/transparentgift.com\/de\/personalisierte-mama-lampe-in-herzform\/","title":{"rendered":"Personalisierte Mama-Lampe in Herzform"},"content":{"rendered":"<p>&#8222;\u00dcberrasche Mama mit dieser <strong>personalisierten Lampe in Herzform<\/strong> und dem eingravierten Wort Mama zusammen mit zwei weiteren S\u00e4tzen deiner Wahl. Sie ist das <strong>originellste Geschenk<\/strong>, das du zum <strong>Muttertag<\/strong> oder zu ihrem <strong>Geburtstag<\/strong> machen kannst. Sie kann auf jeder Oberfl\u00e4che platziert werden, um den Raum zu dekorieren und zu beleuchten, dank ihres sanften Lichts, das mit einem Ein-\/Ausschalter bedient wird.<\/p>\n<p>Du musst dich nur darum k\u00fcmmern, <strong>die gew\u00fcnschten Namen oder S\u00e4tze zu schreiben<\/strong>, und wir sorgen daf\u00fcr, dass das Ergebnis sie \u00fcberrascht. Und wenn du dieses Geschenk noch besonderer machen m\u00f6chtest, kannst du gegen einen Aufpreis <strong>eine personalisierte Botschaft<\/strong> auf dem Holzsockel hinzuf\u00fcgen.<\/p>\n<p><strong>Eigenschaften:<\/strong><\/p>\n<ul>\n<li>Gr\u00f6\u00dfe:\n<ul>\n<li>Mit Sockel: 15 \u00d7 14,5 x 4,5 cm<\/li>\n<li>Mit Rahmen: 21 x 17 cm<\/li>\n<\/ul>\n<\/li>\n<li>Material:\n<ul>\n<li>Platte: Hochwertiges Methacrylat.<\/li>\n<li>Sockel: Hochwertiges Holz.<\/li>\n<\/ul>\n<\/li>\n<li>Enth\u00e4lt: Warmes LED-Licht. USB-Kabel. Verpackung in Geschenkbox.<\/li>\n<li>Pflege: L\u00e4sst sich ganz einfach mit dem mitgelieferten Tuch reinigen.<\/li>\n<\/ul>\n<p>&#8222;<\/p>\n","protected":false},"excerpt":{"rendered":"<p>&#8222;\u00dcberrasche Mama mit dieser personalisierten Lampe in Herzform und dem eingravierten Wort Mam [&#8230;]<\/p>\n","protected":false},"featured_media":498584,"comment_status":"open","ping_status":"closed","template":"","meta":{"_acf_changed":false},"product_brand":[],"product_cat":[1781],"product_tag":[1787],"class_list":{"0":"post-498532","1":"product","2":"type-product","3":"status-publish","4":"has-post-thumbnail","6":"product_cat-personalisierte-lampen","7":"product_tag-muetter","9":"first","10":"instock","11":"sale","12":"taxable","13":"shipping-taxable","14":"purchasable","15":"product-type-simple"},"acf":[],"df_price":20.99,"df_sale_price":20.99,"df_regular_price":34.99,"df_image_link":"https:\/\/transparentgift.com\/de\/wp-content\/uploads\/2026\/03\/Lampara-Mama-con-forma-de-corazon-personalizada-1-300x300.jpg","_links":{"self":[{"href":"https:\/\/transparentgift.com\/de\/wp-json\/wp\/v2\/product\/498532","targetHints":{"allow":["GET"]}}],"collection":[{"href":"https:\/\/transparentgift.com\/de\/wp-json\/wp\/v2\/product"}],"about":[{"href":"https:\/\/transparentgift.com\/de\/wp-json\/wp\/v2\/types\/product"}],"replies":[{"embeddable":true,"href":"https:\/\/transparentgift.com\/de\/wp-json\/wp\/v2\/comments?post=498532"}],"wp:featuredmedia":[{"embeddable":true,"href":"https:\/\/transparentgift.com\/de\/wp-json\/wp\/v2\/media\/498584"}],"wp:attachment":[{"href":"https:\/\/transparentgift.com\/de\/wp-json\/wp\/v2\/media?parent=498532"}],"wp:term":[{"taxonomy":"product_brand","embeddable":true,"href":"https:\/\/transparentgift.com\/de\/wp-json\/wp\/v2\/product_brand?post=498532"},{"taxonomy":"product_cat","embeddable":true,"href":"https:\/\/transparentgift.com\/de\/wp-json\/wp\/v2\/product_cat?post=498532"},{"taxonomy":"product_tag","embeddable":true,"href":"https:\/\/transparentgift.com\/de\/wp-json\/wp\/v2\/product_tag?post=498532"}],"curies":[{"name":"wp","href":"https:\/\/api.w.org\/{rel}","templated":true}]}}