{"id":498534,"date":"2026-03-26T14:48:50","date_gmt":"2026-03-26T13:48:50","guid":{"rendered":"https:\/\/transparentgift.com\/de\/personalisierte-mama-tasse-wuerfel-mit-vier-fotos\/"},"modified":"2026-04-27T13:07:50","modified_gmt":"2026-04-27T11:07:50","slug":"personalisierte-mama-tasse-wuerfel-mit-vier-fotos","status":"publish","type":"product","link":"https:\/\/transparentgift.com\/de\/personalisierte-mama-tasse-wuerfel-mit-vier-fotos\/","title":{"rendered":"Personalisierte Mama-Tasse W\u00fcrfel mit vier Fotos"},"content":{"rendered":"<p>&#8222;\u00dcberrasche deine Mutter mit der originellsten <strong>personalisierten Tasse<\/strong>, die du ihr schenken kannst. Dieses Modell hat ein Design, dem du die gew\u00fcnschten Fotos hinzuf\u00fcgen kannst. Da es sich um eine personalisierbare Tasse handelt, wird jedes Modell einzigartig sein. Deine Mutter kann jeden Tag ihren Kaffee mit der sch\u00f6nsten Erinnerung genie\u00dfen! Sie ist nicht nur das beste <strong>Geschenk zum Muttertag<\/strong>, sondern auch ein sch\u00f6nes Geschenk f\u00fcr Mama zu ihrem <strong>Geburtstag<\/strong> oder zu jedem anderen besonderen Anlass.<\/p>\n<p>Wie personalisiert man sie? Ganz einfach! Du kannst <strong>die vier Lieblingsfotos<\/strong> mit deiner Mutter hochladen, und sie werden als Collage auf der Tasse erscheinen, zusammen mit dem <strong>Wort &#8222;&#8220;Mama&#8220;&#8220; in W\u00fcrfeln<\/strong>. Du kannst auch <strong>die Farbe<\/strong> der W\u00fcrfel aus zwei Farben ausw\u00e4hlen (Gr\u00fcn und Rosa). Deine Mutter wird keine andere Tasse mehr benutzen wollen! Dieses originelle Geschenk ist eine der besten Ideen, um dem <strong>Fr\u00fchst\u00fcck oder Nachmittagskaffee<\/strong> zusammen mit einem guten <strong>Kaffee oder Tee<\/strong> den letzten Schliff zu geben.<\/p>\n<p>Sie ist aus <strong>hochwertiger Keramik<\/strong> gefertigt und f\u00fcr Mikrowelle und Sp\u00fclmaschine geeignet. <strong>Sie hat einen Henkel<\/strong>, damit man sie sicher greifen kann. Au\u00dferdem kannst du die <strong>Tasse gegen einen Aufpreis von 6 Euro mit Kinder-Schokoladen<\/strong> f\u00fcllen lassen. Du musst diese Option nur bei der Personalisierung ausw\u00e4hlen.<\/p>\n<p>Verpasse nicht eines der besten <strong>originellen Geschenke f\u00fcr M\u00fctter<\/strong>. Sie ist ideal, um Mama an diesem ganz besonderen Tag deine Zuneigung zu zeigen. Du wirst sie zur gl\u00fccklichsten Mutter der Welt machen!<\/p>\n<p><strong>Eigenschaften:<\/strong><\/p>\n<ul>\n<li>Gr\u00f6\u00dfe: 9,5 x 8 cm<\/li>\n<li>Material: Keramik.<\/li>\n<li>Fassungsverm\u00f6gen: 333 ml<\/li>\n<li>Pflege: F\u00fcr Mikrowelle und Sp\u00fclmaschine geeignet.<\/li>\n<li>Extras: Beutel mit Kinder-Schokolade.<\/li>\n<\/ul>\n<p>&#8222;<\/p>\n","protected":false},"excerpt":{"rendered":"<p>&#8222;\u00dcberrasche deine Mutter mit der originellsten personalisierten Tasse, die du ihr schenken ka [&#8230;]<\/p>\n","protected":false},"featured_media":498591,"comment_status":"open","ping_status":"closed","template":"","meta":{"_acf_changed":false},"product_brand":[],"product_cat":[1910],"product_tag":[1787],"class_list":{"0":"post-498534","1":"product","2":"type-product","3":"status-publish","4":"has-post-thumbnail","6":"product_cat-personalisierte-tassen","7":"product_tag-muetter","9":"first","10":"instock","11":"taxable","12":"shipping-taxable","13":"purchasable","14":"product-type-simple"},"acf":[],"df_price":14.99,"df_sale_price":"","df_regular_price":14.99,"df_image_link":"https:\/\/transparentgift.com\/de\/wp-content\/uploads\/2026\/03\/Taza-Mama-cubos-vertical_1-300x300.jpg","_links":{"self":[{"href":"https:\/\/transparentgift.com\/de\/wp-json\/wp\/v2\/product\/498534","targetHints":{"allow":["GET"]}}],"collection":[{"href":"https:\/\/transparentgift.com\/de\/wp-json\/wp\/v2\/product"}],"about":[{"href":"https:\/\/transparentgift.com\/de\/wp-json\/wp\/v2\/types\/product"}],"replies":[{"embeddable":true,"href":"https:\/\/transparentgift.com\/de\/wp-json\/wp\/v2\/comments?post=498534"}],"wp:featuredmedia":[{"embeddable":true,"href":"https:\/\/transparentgift.com\/de\/wp-json\/wp\/v2\/media\/498591"}],"wp:attachment":[{"href":"https:\/\/transparentgift.com\/de\/wp-json\/wp\/v2\/media?parent=498534"}],"wp:term":[{"taxonomy":"product_brand","embeddable":true,"href":"https:\/\/transparentgift.com\/de\/wp-json\/wp\/v2\/product_brand?post=498534"},{"taxonomy":"product_cat","embeddable":true,"href":"https:\/\/transparentgift.com\/de\/wp-json\/wp\/v2\/product_cat?post=498534"},{"taxonomy":"product_tag","embeddable":true,"href":"https:\/\/transparentgift.com\/de\/wp-json\/wp\/v2\/product_tag?post=498534"}],"curies":[{"name":"wp","href":"https:\/\/api.w.org\/{rel}","templated":true}]}}