{"id":498537,"date":"2026-03-26T14:48:53","date_gmt":"2026-03-26T13:48:53","guid":{"rendered":"https:\/\/transparentgift.com\/de\/personalisierte-mama-lampe-rosa-wuerfel-mit-acht-fotos\/"},"modified":"2026-04-16T11:07:58","modified_gmt":"2026-04-16T09:07:58","slug":"personalisierte-mama-lampe-rosa-wuerfel-mit-acht-fotos","status":"publish","type":"product","link":"https:\/\/transparentgift.com\/de\/personalisierte-mama-lampe-rosa-wuerfel-mit-acht-fotos\/","title":{"rendered":"Personalisierte Mama-Lampe Rosa W\u00fcrfel mit acht Fotos"},"content":{"rendered":"<p>&#8222;\u00dcberrasche deine Mutter mit dieser <strong>personalisierten Lampe mit Fotos<\/strong>, die auf eine Methacrylatplatte graviert werden kann. Sie ist eines der originellsten <strong>Geschenke f\u00fcr Frauen<\/strong>, das du ihr zum <strong>Muttertag<\/strong>, zu ihrem <strong>Geburtstag<\/strong> oder sogar zu Weihnachten schenken kannst.<\/p>\n<p>Die Lampe ist vollst\u00e4ndig personalisierbar. Du musst nur <strong>diese acht besonderen Fotos hinzuf\u00fcgen<\/strong>, und sie werden <strong>in Miniatur<\/strong> auf die leuchtende Platte graviert, zusammen mit <strong>dem Wort &#8222;&#8220;Mama&#8220;&#8220; in zentralen rosa W\u00fcrfeln<\/strong>. So gestaltest du eines der sch\u00f6nsten personalisierten Geschenke mit einem einzigartigen und liebevollen Design! Gegen einen Aufpreis kannst du au\u00dferdem die gew\u00fcnschte Botschaft auf dem Holzsockel hinzuf\u00fcgen. So oder so kann Mama <strong>ihren Nachttisch, ihr Regal oder ihren Schreibtisch<\/strong> auf ganz besondere Weise dekorieren. Das angenehme <strong>warme LED-Licht<\/strong> erhellt jeden Raum im Haus und sorgt f\u00fcr einen Akzent, der ihr gefallen wird. Sie kann auch als Nachtlicht verwendet werden.<\/p>\n<p>Die Lampe wird aus <strong>hochwertigen Materialien<\/strong> gefertigt, die ihr Widerstandsf\u00e4higkeit und Langlebigkeit verleihen. Sie verf\u00fcgt \u00fcber ein Kabel und Schalter zum Ein- und Ausschalten des Lichts.<\/p>\n<p>Verpasse nicht das <strong>ideale Geschenk f\u00fcr die Mutter<\/strong>, um Mama an diesem ganz besonderen Tag deine Zuneigung zu zeigen. Du wirst sie zur gl\u00fccklichsten Mutter der Welt machen!<\/p>\n<p><strong>Eigenschaften:<\/strong><\/p>\n<ul>\n<li>Gr\u00f6\u00dfe:\n<ul>\n<li>Mit Sockel: 20 \u00d7 14,5 x 4,5 cm<\/li>\n<li>Mit Rahmen: 21 x 17 cm<\/li>\n<\/ul>\n<\/li>\n<li>Material:\n<ul>\n<li>Platte: Hochwertiges Methacrylat.<\/li>\n<li>Sockel: Hochwertiges Holz.<\/li>\n<\/ul>\n<\/li>\n<li>Enth\u00e4lt: Warmes LED-Licht. USB-Kabel. Verpackung in Geschenkbox.<\/li>\n<li>Pflege: L\u00e4sst sich ganz einfach mit dem mitgelieferten Tuch reinigen.<\/li>\n<\/ul>\n<p>&#8222;<\/p>\n","protected":false},"excerpt":{"rendered":"<p>&#8222;\u00dcberrasche deine Mutter mit dieser personalisierten Lampe mit Fotos, die auf eine Methacryla [&#8230;]<\/p>\n","protected":false},"featured_media":498606,"comment_status":"open","ping_status":"closed","template":"","meta":{"_acf_changed":false},"product_brand":[],"product_cat":[1781],"product_tag":[1787],"class_list":{"0":"post-498537","1":"product","2":"type-product","3":"status-publish","4":"has-post-thumbnail","6":"product_cat-personalisierte-lampen","7":"product_tag-muetter","9":"first","10":"instock","11":"taxable","12":"shipping-taxable","13":"purchasable","14":"product-type-simple"},"acf":[],"df_price":20.99,"df_sale_price":"","df_regular_price":20.99,"df_image_link":"https:\/\/transparentgift.com\/de\/wp-content\/uploads\/2026\/03\/AL_1-1-300x300.jpg","_links":{"self":[{"href":"https:\/\/transparentgift.com\/de\/wp-json\/wp\/v2\/product\/498537","targetHints":{"allow":["GET"]}}],"collection":[{"href":"https:\/\/transparentgift.com\/de\/wp-json\/wp\/v2\/product"}],"about":[{"href":"https:\/\/transparentgift.com\/de\/wp-json\/wp\/v2\/types\/product"}],"replies":[{"embeddable":true,"href":"https:\/\/transparentgift.com\/de\/wp-json\/wp\/v2\/comments?post=498537"}],"wp:featuredmedia":[{"embeddable":true,"href":"https:\/\/transparentgift.com\/de\/wp-json\/wp\/v2\/media\/498606"}],"wp:attachment":[{"href":"https:\/\/transparentgift.com\/de\/wp-json\/wp\/v2\/media?parent=498537"}],"wp:term":[{"taxonomy":"product_brand","embeddable":true,"href":"https:\/\/transparentgift.com\/de\/wp-json\/wp\/v2\/product_brand?post=498537"},{"taxonomy":"product_cat","embeddable":true,"href":"https:\/\/transparentgift.com\/de\/wp-json\/wp\/v2\/product_cat?post=498537"},{"taxonomy":"product_tag","embeddable":true,"href":"https:\/\/transparentgift.com\/de\/wp-json\/wp\/v2\/product_tag?post=498537"}],"curies":[{"name":"wp","href":"https:\/\/api.w.org\/{rel}","templated":true}]}}