{"id":498538,"date":"2026-03-26T14:48:54","date_gmt":"2026-03-26T13:48:54","guid":{"rendered":"https:\/\/transparentgift.com\/de\/personalisierte-suessigkeitenbox-mama-mit-fotos-in-den-buchstaben\/"},"modified":"2026-04-16T09:44:48","modified_gmt":"2026-04-16T07:44:48","slug":"personalisierte-suessigkeitenbox-mama-mit-fotos-in-den-buchstaben","status":"publish","type":"product","link":"https:\/\/transparentgift.com\/de\/personalisierte-suessigkeitenbox-mama-mit-fotos-in-den-buchstaben\/","title":{"rendered":"Personalisierte S\u00fc\u00dfigkeitenbox Mama mit Fotos in den Buchstaben"},"content":{"rendered":"<p><strong>Ein s\u00fc\u00dfes und emotionales Detail, um Mama so zu feiern, wie sie es verdient<\/strong>. Die personalisierte S\u00fc\u00dfigkeitenbox mit Fotos in den Buchstaben ist das perfekte Geschenk, um ihr zu sagen, wie lieb du sie hast.<\/p>\n<p>Diese originelle Box vereint die Z\u00e4rtlichkeit einer Auswahl an S\u00fc\u00dfigkeiten oder Pralinen mit einer einzigartigen Pr\u00e4sentation: das Wort \u201eMAMA\u201c, personalisiert mit deinen Lieblingsfotos und einer liebevollen Botschaft.<\/p>\n<p>Ideal, um am Muttertag, zu ihrem Geburtstag oder einfach so zu \u00fcberraschen. Ein Detail f\u00fcr M\u00fctter jeden Alters, die bedeutungsvolle, ma\u00dfgeschneiderte und liebevoll gestaltete Geschenke sch\u00e4tzen. Auch perfekt als gemeinsames Geschenk von Geschwistern oder von den Kleinsten.<\/p>\n<h4><strong>Eigenschaften:<\/strong><\/h4>\n<ul>\n<li>Verf\u00fcgbare Gr\u00f6\u00dfen: Gro\u00dfe Box (28 x 18,5 x 2,5 cm) und kleine Box (15 x 15 x 2,5 cm)<\/li>\n<li>Inhalt nach Wahl: gemischte Fruchtgummis oder Herz-Fruchtgummis.<\/li>\n<li>Kleine Box mit 9 Schokoladenpralinen<\/li>\n<li>Material: hochwertiger Karton, robust und mit elegantem Finish<\/li>\n<li>Personalisierbarer Text und Fotos auf dem Deckel: enth\u00e4lt deine sch\u00f6nsten Erinnerungen und Widmungen<\/li>\n<\/ul>\n<p><strong>BOX HERZ-FRUCHTGUMMIS<\/strong><\/p>\n<p><strong>Zutaten:<\/strong><\/p>\n<p>Glukosesirup, Zucker, Wasser, Gelatine, Feuchthaltemittel: E420, S\u00e4uerungsmittel: E330, E270, Aromen, S\u00e4ureregulator: E325, Farbstoffe: E129.<\/p>\n<table style=\"border-collapse: collapse;width: 100%;max-width: 400px\" border=\"1\">\n<thead>\n<tr>\n<th style=\"padding: 6px\">N\u00e4hrstoff<\/th>\n<th style=\"padding: 6px\">Pro 100 g Mischung<\/th>\n<\/tr>\n<\/thead>\n<tbody>\n<tr>\n<td style=\"padding: 6px\">Energie<\/td>\n<td style=\"padding: 6px\">1.459 kJ \/ 345 kcal<\/td>\n<\/tr>\n<tr>\n<td style=\"padding: 6px\">Fett<\/td>\n<td style=\"padding: 6px\">0,2 g<\/td>\n<\/tr>\n<tr>\n<td style=\"padding: 6px\">\u2014 davon ges\u00e4ttigte Fetts\u00e4uren<\/td>\n<td style=\"padding: 6px\">0,1 g<\/td>\n<\/tr>\n<tr>\n<td style=\"padding: 6px\">Kohlenhydrate<\/td>\n<td style=\"padding: 6px\">79,5 g<\/td>\n<\/tr>\n<tr>\n<td style=\"padding: 6px\">\u2014 davon Zucker<\/td>\n<td style=\"padding: 6px\">49,4 g<\/td>\n<\/tr>\n<tr>\n<td style=\"padding: 6px\">Eiwei\u00df<\/td>\n<td style=\"padding: 6px\">4,5 g<\/td>\n<\/tr>\n<tr>\n<td style=\"padding: 6px\">Salz<\/td>\n<td style=\"padding: 6px\">0,02 g<\/td>\n<\/tr>\n<\/tbody>\n<\/table>\n<div style=\"font-family: sans-serif;line-height: 1.6;max-width: 600px\">\n<p><strong>BOX BUNTE FRUCHTGUMMIS<\/strong><\/p>\n<p><strong>Zutaten:<\/strong><\/p>\n<p>Glukosesirup, Zucker, Wasser, Gelatine, Feuchthaltemittel: E420, S\u00e4uerungsmittel: E330, E270, Geliermittel: Pektin, Aromen, S\u00e4ureregulator: E325, Farbstoffe: E129<\/p>\n<table style=\"border-collapse: collapse;width: 100%\" border=\"1\">\n<thead>\n<tr>\n<th style=\"padding: 6px;text-align: left\">N\u00e4hrstoff<\/th>\n<th style=\"padding: 6px;text-align: left\">Wert pro 100 g<\/th>\n<\/tr>\n<\/thead>\n<tbody>\n<tr>\n<td style=\"padding: 6px\">Energie<\/td>\n<td style=\"padding: 6px\">1.441 kJ \/ 344 kcal<\/td>\n<\/tr>\n<tr>\n<td style=\"padding: 6px\">Fett<\/td>\n<td style=\"padding: 6px\">0,2 g<\/td>\n<\/tr>\n<tr>\n<td style=\"padding: 6px\">\u2014 davon ges\u00e4ttigte Fetts\u00e4uren<\/td>\n<td style=\"padding: 6px\">0,1 g<\/td>\n<\/tr>\n<tr>\n<td style=\"padding: 6px\">Kohlenhydrate<\/td>\n<td style=\"padding: 6px\">80,2 g<\/td>\n<\/tr>\n<tr>\n<td style=\"padding: 6px\">\u2014 davon Zucker<\/td>\n<td style=\"padding: 6px\">49,7 g<\/td>\n<\/tr>\n<tr>\n<td style=\"padding: 6px\">Eiwei\u00df<\/td>\n<td style=\"padding: 6px\">3,8 g<\/td>\n<\/tr>\n<tr>\n<td style=\"padding: 6px\">Salz<\/td>\n<td style=\"padding: 6px\">0,02 g<\/td>\n<\/tr>\n<\/tbody>\n<\/table>\n<\/div>\n<div style=\"font-family: sans-serif;line-height: 1.6;max-width: 700px\">\n<p><strong>BOX KINDER-SCHOKOLADEN<\/strong><\/p>\n<p><strong>Schoko-Bons:<\/strong> Extra feine Milchschokolade 50% (Zucker, Vollmilchpulver, Kakaobutter, Kakaomasse, Emulgatoren: Lecithine (Soja), Aromen), Zucker. Magermilchpulver, Palmfett, Haseln\u00fcsse (5,8%), Butterreinfett, Zartbitterschokolade (Zucker, Kakaomasse, Kakaobutter, Emulgatoren: Lecithine (Soja); Aromen), \u00dcberzugsmittel (Gummi arabicum, Schellack), Glukosesirup, Emulgatoren: Lecithine (Soja), Aromen.<\/p>\n<p><em>Am Gesamtprodukt: Milchbestandteile: 28%, Kakao: 16,5%.<\/em><\/p>\n<p><strong>Kinder Bueno:<\/strong> Milchschokolade 31% (Zucker, Kakaobutter, Kakaomasse, Magermilchpulver, Butterreinfett, Emulgatoren: Lecithine (Soja); Vanille), Zucker, Palmfett, Weizenmehl, Haseln\u00fcsse 10,8%, Magermilchpulver, Vollmilchpulver, Zartbitterschokolade (Zucker, Kakaomasse, Kakaobutter, Emulgatoren: Lecithine (Soja); Vanille), fettarmer Kakao, Emulgatoren: Lecithine (Soja); Backtriebmittel (Natriumhydrogencarbonat), Salz, Vanille.<\/p>\n<p><em>Am Gesamtprodukt: Milchbestandteile 19%<\/em><\/p>\n<p><strong>Mini Kinder Chocolate:<\/strong><\/p>\n<p>Extra feine MILCHschokolade 40% (Zucker, VOLLMILCHpulver, Kakaobutter, Kakaomasse, Emulgatoren: Lecithine (SOJA), Vanillin), Zucker, MAGERMILCHpulver, Palmfett, BUTTERreinfett, Emulgatoren: Lecithine (SOJA), Vanillin.<\/p>\n<p><em>Am Gesamtprodukt: Milchbestandteile 33% (Magermilchpulver, Vollmilchpulver: 27,5%, Butterreinfett 5,5%) &#8211; Kakao 13%.<\/em><\/p>\n<p><strong>GLUTENFREI<\/strong><\/p>\n<table style=\"border-collapse: collapse;width: 100%\" border=\"1\">\n<thead>\n<tr>\n<th style=\"padding: 6px;text-align: left\">N\u00e4hrstoff<\/th>\n<th style=\"padding: 6px;text-align: left\">Wert pro 100 g<\/th>\n<\/tr>\n<\/thead>\n<tbody>\n<tr>\n<td style=\"padding: 6px\">Energie<\/td>\n<td style=\"padding: 6px\">2.367 kJ \/ 566 kcal<\/td>\n<\/tr>\n<tr>\n<td style=\"padding: 6px\">Fett<\/td>\n<td style=\"padding: 6px\">35,1 g<\/td>\n<\/tr>\n<tr>\n<td style=\"padding: 6px\">\u2014 davon ges\u00e4ttigte Fetts\u00e4uren<\/td>\n<td style=\"padding: 6px\">21,6 g<\/td>\n<\/tr>\n<tr>\n<td style=\"padding: 6px\">Kohlenhydrate<\/td>\n<td style=\"padding: 6px\">51,6 g<\/td>\n<\/tr>\n<tr>\n<td style=\"padding: 6px\">\u2014 davon Zucker<\/td>\n<td style=\"padding: 6px\">51,7 g<\/td>\n<\/tr>\n<tr>\n<td style=\"padding: 6px\">Eiwei\u00df<\/td>\n<td style=\"padding: 6px\">7,8 g<\/td>\n<\/tr>\n<tr>\n<td style=\"padding: 6px\">Salz<\/td>\n<td style=\"padding: 6px\">0,2 g<\/td>\n<\/tr>\n<\/tbody>\n<\/table>\n<\/div>\n<div style=\"font-family: sans-serif;line-height: 1.6;max-width: 700px\">\n<p><strong>BOX HERZ-SCHOKOLADEN<\/strong><\/p>\n<p><strong>Zutaten:<\/strong><\/p>\n<p>Zucker, Kakaobutter, pflanzliche \u00d6le und Fette (Palm, Palmkern und Soja in unterschiedlichen Anteilen), Molke, Kakaomasse, Vollmilchpulver, Haselnuss 3%, Milchfett, fettarmes Kakaopulver, Emulgator E-322 (Sojalecithin), nat\u00fcrliches Haselnuss- und Vanillearoma.<\/p>\n<p>Kann Spuren von anderen Schalenfr\u00fcchten und Erdn\u00fcssen enthalten. GLUTENFREI.<\/p>\n<p>Kakao mind. &#8211; Milchschokolade: 35%<\/p>\n<table style=\"border-collapse: collapse;width: 100%\" border=\"1\">\n<thead>\n<tr>\n<th style=\"padding: 6px;text-align: left\">N\u00e4hrstoff<\/th>\n<th style=\"padding: 6px;text-align: left\">Wert pro 100 g<\/th>\n<\/tr>\n<\/thead>\n<tbody>\n<tr>\n<td style=\"padding: 6px\">Energie<\/td>\n<td style=\"padding: 6px\">2.344 kJ \/ 562 kcal<\/td>\n<\/tr>\n<tr>\n<td style=\"padding: 6px\">Fett<\/td>\n<td style=\"padding: 6px\">35 g<\/td>\n<\/tr>\n<tr>\n<td style=\"padding: 6px\">\u2014 davon ges\u00e4ttigte Fetts\u00e4uren<\/td>\n<td style=\"padding: 6px\">21,8 g<\/td>\n<\/tr>\n<tr>\n<td style=\"padding: 6px\">Kohlenhydrate<\/td>\n<td style=\"padding: 6px\">51,1 g<\/td>\n<\/tr>\n<tr>\n<td style=\"padding: 6px\">\u2014 davon Zucker<\/td>\n<td style=\"padding: 6px\">54,5 g<\/td>\n<\/tr>\n<tr>\n<td style=\"padding: 6px\">Eiwei\u00df<\/td>\n<td style=\"padding: 6px\">5,4 g<\/td>\n<\/tr>\n<tr>\n<td style=\"padding: 6px\">Salz<\/td>\n<td style=\"padding: 6px\">0,17 g<\/td>\n<\/tr>\n<\/tbody>\n<\/table>\n<hr style=\"margin: 30px 0\" \/>\n<p><strong>BOX FRUCHTGUMMIS<\/strong><\/p>\n<p><strong>Zutaten:<\/strong><\/p>\n<p>Glukosesirup, Zucker, Wasser, Gelatine, Feuchthaltemittel: E420, S\u00e4uerungsmittel: E330, E270, Geliermittel: Pektin, Aromen, S\u00e4ureregulator: E325, Farbstoffe: E129<\/p>\n<table style=\"border-collapse: collapse;width: 100%\" border=\"1\">\n<thead>\n<tr>\n<th style=\"padding: 6px;text-align: left\">N\u00e4hrstoff<\/th>\n<th style=\"padding: 6px;text-align: left\">Wert pro 100 g<\/th>\n<\/tr>\n<\/thead>\n<tbody>\n<tr>\n<td style=\"padding: 6px\">Energie<\/td>\n<td style=\"padding: 6px\">1.490 kJ \/ 356 kcal<\/td>\n<\/tr>\n<tr>\n<td style=\"padding: 6px\">Fett<\/td>\n<td style=\"padding: 6px\">0,3 g<\/td>\n<\/tr>\n<tr>\n<td style=\"padding: 6px\">\u2014 davon ges\u00e4ttigte Fetts\u00e4uren<\/td>\n<td style=\"padding: 6px\">0,1 g<\/td>\n<\/tr>\n<tr>\n<td style=\"padding: 6px\">Kohlenhydrate<\/td>\n<td style=\"padding: 6px\">81,6 g<\/td>\n<\/tr>\n<tr>\n<td style=\"padding: 6px\">\u2014 davon Zucker<\/td>\n<td style=\"padding: 6px\">52,3 g<\/td>\n<\/tr>\n<tr>\n<td style=\"padding: 6px\">Eiwei\u00df<\/td>\n<td style=\"padding: 6px\">5,9 g<\/td>\n<\/tr>\n<tr>\n<td style=\"padding: 6px\">Salz<\/td>\n<td style=\"padding: 6px\">0,2 g<\/td>\n<\/tr>\n<\/tbody>\n<\/table>\n<\/div>\n","protected":false},"excerpt":{"rendered":"<p>Ein s\u00fc\u00dfes und emotionales Detail, um Mama so zu feiern, wie sie es verdient. Die personalisierte S [&#8230;]<\/p>\n","protected":false},"featured_media":498609,"comment_status":"open","ping_status":"closed","template":"","meta":{"_acf_changed":false},"product_brand":[],"product_cat":[1818],"product_tag":[1934],"ai-category":[],"class_list":{"0":"post-498538","1":"product","2":"type-product","3":"status-publish","4":"has-post-thumbnail","6":"product_cat-personalisierte-suessigkeiten-und-pralinen","7":"product_tag-madres","9":"first","10":"instock","11":"taxable","12":"shipping-taxable","13":"purchasable","14":"product-type-simple"},"acf":[],"df_price":14.99,"df_sale_price":"","df_regular_price":14.99,"df_image_link":"https:\/\/transparentgift.com\/de\/wp-content\/uploads\/2026\/03\/AL_1-2-300x300.jpg","_links":{"self":[{"href":"https:\/\/transparentgift.com\/de\/wp-json\/wp\/v2\/product\/498538","targetHints":{"allow":["GET"]}}],"collection":[{"href":"https:\/\/transparentgift.com\/de\/wp-json\/wp\/v2\/product"}],"about":[{"href":"https:\/\/transparentgift.com\/de\/wp-json\/wp\/v2\/types\/product"}],"replies":[{"embeddable":true,"href":"https:\/\/transparentgift.com\/de\/wp-json\/wp\/v2\/comments?post=498538"}],"wp:featuredmedia":[{"embeddable":true,"href":"https:\/\/transparentgift.com\/de\/wp-json\/wp\/v2\/media\/498609"}],"wp:attachment":[{"href":"https:\/\/transparentgift.com\/de\/wp-json\/wp\/v2\/media?parent=498538"}],"wp:term":[{"taxonomy":"product_brand","embeddable":true,"href":"https:\/\/transparentgift.com\/de\/wp-json\/wp\/v2\/product_brand?post=498538"},{"taxonomy":"product_cat","embeddable":true,"href":"https:\/\/transparentgift.com\/de\/wp-json\/wp\/v2\/product_cat?post=498538"},{"taxonomy":"product_tag","embeddable":true,"href":"https:\/\/transparentgift.com\/de\/wp-json\/wp\/v2\/product_tag?post=498538"},{"taxonomy":"ai-category","embeddable":true,"href":"https:\/\/transparentgift.com\/de\/wp-json\/wp\/v2\/ai-category?post=498538"}],"curies":[{"name":"wp","href":"https:\/\/api.w.org\/{rel}","templated":true}]}}