{"id":498539,"date":"2026-03-26T14:48:55","date_gmt":"2026-03-26T13:48:55","guid":{"rendered":"https:\/\/transparentgift.com\/de\/mama-platte-mit-sechs-personalisierten-fotos\/"},"modified":"2026-04-16T09:44:49","modified_gmt":"2026-04-16T07:44:49","slug":"mama-platte-mit-sechs-personalisierten-fotos","status":"publish","type":"product","link":"https:\/\/transparentgift.com\/de\/mama-platte-mit-sechs-personalisierten-fotos\/","title":{"rendered":"Mama-Platte mit sechs personalisierten Fotos"},"content":{"rendered":"<p>\u00dcberrasche deine Mutter mit dieser <strong>personalisierten Platte<\/strong>, auf die du sechs Fotos deiner Wahl hinzuf\u00fcgen kannst. Sie ist eines der originellsten <strong>Geschenke f\u00fcr Frauen<\/strong> und eignet sich perfekt f\u00fcr den <strong>Muttertag<\/strong>, ihren <strong>Geburtstag<\/strong> oder sogar Weihnachten.<\/p>\n<p>Dieses Bild ist vollst\u00e4ndig personalisierbar. Du musst nur <strong>sechs deiner sch\u00f6nsten Fotos<\/strong> mit deiner Mutter hochladen, und sie werden auf die Platte gedruckt, wodurch ein Collage-Design zusammen mit dem <strong>Wort &#8222;Mama&#8220;<\/strong> entsteht. So kreierst du ein einzigartiges und liebevolles personalisiertes Geschenk! F\u00fcr nur 6 \u20ac kannst du au\u00dferdem w\u00e4hlen, ob die Platte auf einer <strong>Acrylbasis<\/strong> stehen oder in einem schlichten <strong>schwarzen Rahmen<\/strong> eingefasst sein soll. F\u00fcr 3 \u20ac extra kannst du die Gr\u00f6\u00dfe auf A4 vergr\u00f6\u00dfern. So oder so kann deine Mutter damit <strong>ihren Nachttisch, ihr Regal oder ihren Schreibtisch<\/strong> besonders dekorieren.<\/p>\n<p>Diese transparente Platte besteht aus <strong>hochwertigem Acryl<\/strong>, was ihr Stabilit\u00e4t und Langlebigkeit verleiht.<\/p>\n<p>Verpasse nicht das ideale <strong>Geschenk f\u00fcr deine Mutter<\/strong>, um ihr an diesem besonderen Tag deine Liebe zu zeigen. Du wirst sie zur gl\u00fccklichsten der Welt machen!<\/p>\n<p><strong>Eigenschaften:<\/strong><\/p>\n<ul>\n<li>Gr\u00f6\u00dfe: 15 x 20 cm \/ 29,7 x 21 cm<\/li>\n<li>Material: Hochwertiges Acryl.<\/li>\n<li>Enth\u00e4lt: Geschenkverpackung mit Box.<\/li>\n<li>Extras: Acrylbasis, Holzsockel oder Holzrahmen.<\/li>\n<li>Pflege: Einfach mit einem trockenen Tuch reinigen.<\/li>\n<\/ul>\n","protected":false},"excerpt":{"rendered":"<p>\u00dcberrasche deine Mutter mit dieser personalisierten Platte, auf die du sechs Fotos deiner Wahl hinz [&#8230;]<\/p>\n","protected":false},"featured_media":498614,"comment_status":"open","ping_status":"closed","template":"","meta":{"_acf_changed":false},"product_brand":[],"product_cat":[1775],"product_tag":[1934],"class_list":{"0":"post-498539","1":"product","2":"type-product","3":"status-publish","4":"has-post-thumbnail","6":"product_cat-personalisierte-fotos-auf-acrylglas","7":"product_tag-madres","9":"first","10":"instock","11":"taxable","12":"shipping-taxable","13":"purchasable","14":"product-type-simple"},"acf":[],"df_price":21.99,"df_sale_price":"","df_regular_price":21.99,"df_image_link":"https:\/\/transparentgift.com\/de\/wp-content\/uploads\/2026\/03\/AL_1-3-300x300.jpg","_links":{"self":[{"href":"https:\/\/transparentgift.com\/de\/wp-json\/wp\/v2\/product\/498539","targetHints":{"allow":["GET"]}}],"collection":[{"href":"https:\/\/transparentgift.com\/de\/wp-json\/wp\/v2\/product"}],"about":[{"href":"https:\/\/transparentgift.com\/de\/wp-json\/wp\/v2\/types\/product"}],"replies":[{"embeddable":true,"href":"https:\/\/transparentgift.com\/de\/wp-json\/wp\/v2\/comments?post=498539"}],"wp:featuredmedia":[{"embeddable":true,"href":"https:\/\/transparentgift.com\/de\/wp-json\/wp\/v2\/media\/498614"}],"wp:attachment":[{"href":"https:\/\/transparentgift.com\/de\/wp-json\/wp\/v2\/media?parent=498539"}],"wp:term":[{"taxonomy":"product_brand","embeddable":true,"href":"https:\/\/transparentgift.com\/de\/wp-json\/wp\/v2\/product_brand?post=498539"},{"taxonomy":"product_cat","embeddable":true,"href":"https:\/\/transparentgift.com\/de\/wp-json\/wp\/v2\/product_cat?post=498539"},{"taxonomy":"product_tag","embeddable":true,"href":"https:\/\/transparentgift.com\/de\/wp-json\/wp\/v2\/product_tag?post=498539"}],"curies":[{"name":"wp","href":"https:\/\/api.w.org\/{rel}","templated":true}]}}