{"id":498553,"date":"2026-03-26T16:11:34","date_gmt":"2026-03-26T15:11:34","guid":{"rendered":"https:\/\/transparentgift.com\/de\/poster-scrabble-el-mismo-del-dia-de-la-abuela\/"},"modified":"2026-04-22T12:13:35","modified_gmt":"2026-04-22T10:13:35","slug":"scrabble-poster-mit-personalisierten-namen","status":"publish","type":"product","link":"https:\/\/transparentgift.com\/de\/scrabble-poster-mit-personalisierten-namen\/","title":{"rendered":"Scrabble-Poster mit personalisierten Namen"},"content":{"rendered":"<p><strong>Schaffe eine einzigartige Erinnerung mit originellem und kreativem Stil<\/strong>. Dieses personalisierte Poster im Scrabble-Stil verwandelt die Namen deiner Familie in eine dekorative Komposition mit viel Bedeutung.<\/p>\n<p>Inspiriert vom klassischen Wortspiel verbindet es Design und Emotion zu einem modernen visuellen St\u00fcck, das sich durch seine Schlichtheit und seinen emotionalen Wert auszeichnet.<\/p>\n<p>Es ist perfekt f\u00fcr Familien, die eine personalisierte Dekoration f\u00fcr ihr Zuhause oder ein originelles Geschenk f\u00fcr Anl\u00e4sse wie Geburtstage, Weihnachten, Hauseinweihungen oder Familienfeiern suchen. Ideal, um V\u00e4ter, M\u00fctter, Paare oder sogar Gro\u00dfeltern mit einem besonderen Detail zu \u00fcberraschen, das den Familienzusammenhalt widerspiegelt und in jeden Raum wie das Wohnzimmer oder Schlafzimmer passt.<\/p>\n<h4><strong>Eigenschaften:<\/strong><\/h4>\n<ul>\n<li>Personalisiertes Design im Scrabble-Stil mit Namen.<\/li>\n<li>Satinpapier mit 240 g.<\/li>\n<li>Verf\u00fcgbare Ma\u00dfe: 21 x 29,7 cm.<\/li>\n<li>Verf\u00fcgbare Ma\u00dfe: 30 x 40 cm.<\/li>\n<li>Verf\u00fcgbare Ma\u00dfe: 42 x 59,5 cm.<\/li>\n<\/ul>\n","protected":false},"excerpt":{"rendered":"<p>Schaffe eine einzigartige Erinnerung mit originellem und kreativem Stil. Dieses personalisierte Post [&#8230;]<\/p>\n","protected":false},"featured_media":499029,"comment_status":"open","ping_status":"closed","template":"","meta":{"_acf_changed":false},"product_brand":[],"product_cat":[1833],"product_tag":[1776,1787,1809],"class_list":{"0":"post-498553","1":"product","2":"type-product","3":"status-publish","4":"has-post-thumbnail","6":"product_cat-personalisierte-poster","7":"product_tag-generisch","8":"product_tag-muetter","9":"product_tag-neu","11":"first","12":"instock","13":"taxable","14":"shipping-taxable","15":"purchasable","16":"product-type-simple"},"acf":[],"df_price":23.99,"df_sale_price":"","df_regular_price":23.99,"df_image_link":"https:\/\/transparentgift.com\/de\/wp-content\/uploads\/2026\/04\/AL_poster-Scrabble-PORTADA-300x300.jpg","_links":{"self":[{"href":"https:\/\/transparentgift.com\/de\/wp-json\/wp\/v2\/product\/498553","targetHints":{"allow":["GET"]}}],"collection":[{"href":"https:\/\/transparentgift.com\/de\/wp-json\/wp\/v2\/product"}],"about":[{"href":"https:\/\/transparentgift.com\/de\/wp-json\/wp\/v2\/types\/product"}],"replies":[{"embeddable":true,"href":"https:\/\/transparentgift.com\/de\/wp-json\/wp\/v2\/comments?post=498553"}],"wp:featuredmedia":[{"embeddable":true,"href":"https:\/\/transparentgift.com\/de\/wp-json\/wp\/v2\/media\/499029"}],"wp:attachment":[{"href":"https:\/\/transparentgift.com\/de\/wp-json\/wp\/v2\/media?parent=498553"}],"wp:term":[{"taxonomy":"product_brand","embeddable":true,"href":"https:\/\/transparentgift.com\/de\/wp-json\/wp\/v2\/product_brand?post=498553"},{"taxonomy":"product_cat","embeddable":true,"href":"https:\/\/transparentgift.com\/de\/wp-json\/wp\/v2\/product_cat?post=498553"},{"taxonomy":"product_tag","embeddable":true,"href":"https:\/\/transparentgift.com\/de\/wp-json\/wp\/v2\/product_tag?post=498553"}],"curies":[{"name":"wp","href":"https:\/\/api.w.org\/{rel}","templated":true}]}}