{"id":498556,"date":"2026-03-26T16:11:37","date_gmt":"2026-03-26T15:11:37","guid":{"rendered":"https:\/\/transparentgift.com\/de\/poster-foto-grande-con-mama\/"},"modified":"2026-04-21T10:14:46","modified_gmt":"2026-04-21T08:14:46","slug":"poster-fuer-mama-mit-personalisiertem-foto","status":"publish","type":"product","link":"https:\/\/transparentgift.com\/de\/poster-fuer-mama-mit-personalisiertem-foto\/","title":{"rendered":"Poster f\u00fcr Mama mit personalisiertem Foto"},"content":{"rendered":"<p><strong>Eine schlichte und liebevolle Erinnerung f\u00fcr Mama<\/strong>. Dieses personalisierte Poster mit gro\u00dfem Foto und \u201eMama\u201c-Design ist perfekt, um diesen besonderen Moment hervorzuheben, der alles sagt.<\/p>\n<p>Seine minimalistische Komposition gibt einem einzigen Bild die Hauptrolle, begleitet vom Wort <strong>Mama<\/strong>, und schafft so ein klares, emotionales und sehr elegantes visuelles St\u00fcck.<\/p>\n<p>Ideal als Geschenk zum Muttertag, zu Geburtstagen oder jedem besonderen Anlass ist es perfekt f\u00fcr Kinder, Paare oder Familienmitglieder, die mit einem personalisierten Detail \u00fcberraschen m\u00f6chten. Es ist auch eine ideale Option zur Dekoration des Zuhauses und verleiht R\u00e4umen wie dem Wohnzimmer, Schlafzimmer oder jeder Ecke, in der du diese so wichtige Erinnerung pr\u00e4sent haben m\u00f6chtest, eine warme und sentimentale Note.<\/p>\n<h4><strong>Eigenschaften:<\/strong><\/h4>\n<ul>\n<li>Personalisiertes Poster mit gro\u00dfem Foto und \u201eMama\u201c-Design.<\/li>\n<li>Satinpapier mit 240 gr.<\/li>\n<li>Verf\u00fcgbare Ma\u00dfe: 29,7 x 21 cm.<\/li>\n<li>Verf\u00fcgbare Ma\u00dfe: 40 x 30 cm.<\/li>\n<li>Verf\u00fcgbare Ma\u00dfe: 59,5 x 42 cm.<\/li>\n<\/ul>\n","protected":false},"excerpt":{"rendered":"<p>Eine schlichte und liebevolle Erinnerung f\u00fcr Mama. Dieses personalisierte Poster mit gro\u00dfem Foto u [&#8230;]<\/p>\n","protected":false},"featured_media":498858,"comment_status":"open","ping_status":"closed","template":"","meta":{"_acf_changed":false},"product_brand":[],"product_cat":[1833],"product_tag":[1787,1809],"class_list":{"0":"post-498556","1":"product","2":"type-product","3":"status-publish","4":"has-post-thumbnail","6":"product_cat-personalisierte-poster","7":"product_tag-muetter","8":"product_tag-neu","10":"first","11":"instock","12":"taxable","13":"shipping-taxable","14":"purchasable","15":"product-type-simple"},"acf":[],"df_price":23.99,"df_sale_price":"","df_regular_price":23.99,"df_image_link":"https:\/\/transparentgift.com\/de\/wp-content\/uploads\/2026\/04\/AL_Poter_1Foto-Mama_PORTADA-300x300.jpg","_links":{"self":[{"href":"https:\/\/transparentgift.com\/de\/wp-json\/wp\/v2\/product\/498556","targetHints":{"allow":["GET"]}}],"collection":[{"href":"https:\/\/transparentgift.com\/de\/wp-json\/wp\/v2\/product"}],"about":[{"href":"https:\/\/transparentgift.com\/de\/wp-json\/wp\/v2\/types\/product"}],"replies":[{"embeddable":true,"href":"https:\/\/transparentgift.com\/de\/wp-json\/wp\/v2\/comments?post=498556"}],"wp:featuredmedia":[{"embeddable":true,"href":"https:\/\/transparentgift.com\/de\/wp-json\/wp\/v2\/media\/498858"}],"wp:attachment":[{"href":"https:\/\/transparentgift.com\/de\/wp-json\/wp\/v2\/media?parent=498556"}],"wp:term":[{"taxonomy":"product_brand","embeddable":true,"href":"https:\/\/transparentgift.com\/de\/wp-json\/wp\/v2\/product_brand?post=498556"},{"taxonomy":"product_cat","embeddable":true,"href":"https:\/\/transparentgift.com\/de\/wp-json\/wp\/v2\/product_cat?post=498556"},{"taxonomy":"product_tag","embeddable":true,"href":"https:\/\/transparentgift.com\/de\/wp-json\/wp\/v2\/product_tag?post=498556"}],"curies":[{"name":"wp","href":"https:\/\/api.w.org\/{rel}","templated":true}]}}