{"id":498557,"date":"2026-03-26T16:11:38","date_gmt":"2026-03-26T15:11:38","guid":{"rendered":"https:\/\/transparentgift.com\/de\/pijamas-super-mama\/"},"modified":"2026-04-23T16:03:39","modified_gmt":"2026-04-23T14:03:39","slug":"super-mama-pyjama-mit-personalisierten-namen","status":"publish","type":"product","link":"https:\/\/transparentgift.com\/de\/super-mama-pyjama-mit-personalisierten-namen\/","title":{"rendered":"Super-Mama-Pyjama mit personalisierten Namen"},"content":{"rendered":"<p><strong>Ein lustiger Pyjama f\u00fcr die echte Super-Mama<\/strong>. Dieser personalisierte Pyjama \u201eSuper Mama\u201c ist perfekt, um Komfort und Stil mit einem Design voller Farbe und Pers\u00f6nlichkeit zu verbinden.<\/p>\n<p>Sein von einem lustigen und modernen Stil inspirierter Aufdruck enth\u00e4lt personalisierte Namen und schafft ein einzigartiges Kleidungsst\u00fcck, das sich durch seine Originalit\u00e4t auszeichnet.<\/p>\n<p>Ideal als Geschenk zum Muttertag, zu Geburtstagen oder jedem besonderen Anlass ist er perfekt, um M\u00fctter mit Sinn f\u00fcr Humor zu \u00fcberraschen. Au\u00dferdem ist er eine bequeme Option f\u00fcr den Alltag zu Hause und verleiht selbst in Ruhemomenten eine fr\u00f6hliche und besondere Note.<\/p>\n<h4><strong>Eigenschaften:<\/strong><\/h4>\n<ul>\n<li>T-Shirt: 100 % Baumwolle.<\/li>\n<li>Hose: 80 % Baumwolle und 20 % Polyester.<\/li>\n<li>Farbe T-Shirt: wei\u00df.<\/li>\n<li>Farbe Hose: schwarz.<\/li>\n<li>Verf\u00fcgbare Gr\u00f6\u00dfen: S, M, L, XL, XXL.<\/li>\n<\/ul>\n","protected":false},"excerpt":{"rendered":"<p>Ein lustiger Pyjama f\u00fcr die echte Super-Mama. Dieser personalisierte Pyjama \u201eSuper Mama\u201c ist pe [&#8230;]<\/p>\n","protected":false},"featured_media":498821,"comment_status":"open","ping_status":"closed","template":"","meta":{"_acf_changed":false},"product_brand":[],"product_cat":[1806],"product_tag":[1787,1809],"class_list":{"0":"post-498557","1":"product","2":"type-product","3":"status-publish","4":"has-post-thumbnail","6":"product_cat-personalisierte-schlafanzuege","7":"product_tag-muetter","8":"product_tag-neu","10":"first","11":"instock","12":"taxable","13":"shipping-taxable","14":"purchasable","15":"product-type-simple"},"acf":[],"df_price":27.99,"df_sale_price":"","df_regular_price":27.99,"df_image_link":"https:\/\/transparentgift.com\/de\/wp-content\/uploads\/2026\/04\/AL-CAT-1-1-300x300.jpg","_links":{"self":[{"href":"https:\/\/transparentgift.com\/de\/wp-json\/wp\/v2\/product\/498557","targetHints":{"allow":["GET"]}}],"collection":[{"href":"https:\/\/transparentgift.com\/de\/wp-json\/wp\/v2\/product"}],"about":[{"href":"https:\/\/transparentgift.com\/de\/wp-json\/wp\/v2\/types\/product"}],"replies":[{"embeddable":true,"href":"https:\/\/transparentgift.com\/de\/wp-json\/wp\/v2\/comments?post=498557"}],"wp:featuredmedia":[{"embeddable":true,"href":"https:\/\/transparentgift.com\/de\/wp-json\/wp\/v2\/media\/498821"}],"wp:attachment":[{"href":"https:\/\/transparentgift.com\/de\/wp-json\/wp\/v2\/media?parent=498557"}],"wp:term":[{"taxonomy":"product_brand","embeddable":true,"href":"https:\/\/transparentgift.com\/de\/wp-json\/wp\/v2\/product_brand?post=498557"},{"taxonomy":"product_cat","embeddable":true,"href":"https:\/\/transparentgift.com\/de\/wp-json\/wp\/v2\/product_cat?post=498557"},{"taxonomy":"product_tag","embeddable":true,"href":"https:\/\/transparentgift.com\/de\/wp-json\/wp\/v2\/product_tag?post=498557"}],"curies":[{"name":"wp","href":"https:\/\/api.w.org\/{rel}","templated":true}]}}