{"id":498559,"date":"2026-03-26T16:11:40","date_gmt":"2026-03-26T15:11:40","guid":{"rendered":"https:\/\/transparentgift.com\/de\/calcetines-caras-rosa\/"},"modified":"2026-04-22T12:13:20","modified_gmt":"2026-04-22T10:13:20","slug":"rosa-socken-mit-gesichtern-aus-personalisierten-fotos","status":"publish","type":"product","link":"https:\/\/transparentgift.com\/de\/rosa-socken-mit-gesichtern-aus-personalisierten-fotos\/","title":{"rendered":"Rosa Socken mit Gesichtern aus personalisierten Fotos"},"content":{"rendered":"<p><strong>Ein lustiges Accessoire mit einer einzigartigen und pers\u00f6nlichen Note<\/strong>. Diese personalisierten Socken mit Gesichtern auf rosa Hintergrund sind perfekt, um mit einem originellen und charaktervollen Stil aufzufallen.<\/p>\n<p>Das Design kombiniert ein wiederholtes Muster von Gesichtern mit einem rosa Hintergrund und schafft so ein auff\u00e4lliges, modernes und ganz besonderes Ergebnis.<\/p>\n<p>Ideal als Geschenk f\u00fcr Paare, Freunde oder Familienmitglieder zu Anl\u00e4ssen wie Geburtstagen, Valentinstag, Jahrestagen oder besonderen Feiern. Sie sind auch perfekt, um dem Alltag zu Hause oder unterwegs eine lustige Note zu verleihen, und werden zu einem besonderen Accessoire, das nicht unbemerkt bleibt.<\/p>\n<h4><strong>Eigenschaften:<\/strong><\/h4>\n<ul>\n<li>Zusammensetzung: 95 % Polyester und 5 % Elasthan.<\/li>\n<li>Verf\u00fcgbare Gr\u00f6\u00dfen: 35\/37, 38\/40, 41\/43, 44\/47.<\/li>\n<li>F\u00fcr die Waschmaschine geeignet.<\/li>\n<li>Ferse und Spitze in Schwarz.<\/li>\n<li>Personalisiertes Design mit Gesichtern auf rosa Hintergrund.<\/li>\n<\/ul>\n","protected":false},"excerpt":{"rendered":"<p>Ein lustiges Accessoire mit einer einzigartigen und pers\u00f6nlichen Note. Diese personalisierten Socke [&#8230;]<\/p>\n","protected":false},"featured_media":498981,"comment_status":"open","ping_status":"closed","template":"","meta":{"_acf_changed":false},"product_brand":[],"product_cat":[1800],"product_tag":[1776,1787,1809],"class_list":{"0":"post-498559","1":"product","2":"type-product","3":"status-publish","4":"has-post-thumbnail","6":"product_cat-personalisierte-socken","7":"product_tag-generisch","8":"product_tag-muetter","9":"product_tag-neu","11":"first","12":"instock","13":"taxable","14":"shipping-taxable","15":"purchasable","16":"product-type-simple"},"acf":[],"df_price":24.99,"df_sale_price":"","df_regular_price":24.99,"df_image_link":"https:\/\/transparentgift.com\/de\/wp-content\/uploads\/2026\/04\/Calcetines_Caras_1-300x300.jpg","_links":{"self":[{"href":"https:\/\/transparentgift.com\/de\/wp-json\/wp\/v2\/product\/498559","targetHints":{"allow":["GET"]}}],"collection":[{"href":"https:\/\/transparentgift.com\/de\/wp-json\/wp\/v2\/product"}],"about":[{"href":"https:\/\/transparentgift.com\/de\/wp-json\/wp\/v2\/types\/product"}],"replies":[{"embeddable":true,"href":"https:\/\/transparentgift.com\/de\/wp-json\/wp\/v2\/comments?post=498559"}],"wp:featuredmedia":[{"embeddable":true,"href":"https:\/\/transparentgift.com\/de\/wp-json\/wp\/v2\/media\/498981"}],"wp:attachment":[{"href":"https:\/\/transparentgift.com\/de\/wp-json\/wp\/v2\/media?parent=498559"}],"wp:term":[{"taxonomy":"product_brand","embeddable":true,"href":"https:\/\/transparentgift.com\/de\/wp-json\/wp\/v2\/product_brand?post=498559"},{"taxonomy":"product_cat","embeddable":true,"href":"https:\/\/transparentgift.com\/de\/wp-json\/wp\/v2\/product_cat?post=498559"},{"taxonomy":"product_tag","embeddable":true,"href":"https:\/\/transparentgift.com\/de\/wp-json\/wp\/v2\/product_tag?post=498559"}],"curies":[{"name":"wp","href":"https:\/\/api.w.org\/{rel}","templated":true}]}}