{"id":498560,"date":"2026-03-26T16:11:41","date_gmt":"2026-03-26T15:11:41","guid":{"rendered":"https:\/\/transparentgift.com\/de\/calcetines-caras-con-corazon-dias-de-la-abuela\/"},"modified":"2026-04-22T12:11:43","modified_gmt":"2026-04-22T10:11:43","slug":"socken-mit-personalisierten-gesichtern-und-herzen","status":"publish","type":"product","link":"https:\/\/transparentgift.com\/de\/socken-mit-personalisierten-gesichtern-und-herzen\/","title":{"rendered":"Socken mit personalisierten Gesichtern und Herzen"},"content":{"rendered":"<p><strong>Ein lustiges Detail voller Pers\u00f6nlichkeit f\u00fcr deinen Alltag<\/strong>. Diese personalisierten Socken mit Gesichtern und Herzen machen jeden Look zu etwas Einzigartigem und Originellem.<\/p>\n<p>Ihr wiederholendes Design mit Gesichtern und kleinen Herzen verleiht einen lockeren und emotionalen Touch, ideal f\u00fcr alle, die mit einem besonderen Accessoire auffallen m\u00f6chten.<\/p>\n<p>Perfekt als personalisiertes Geschenk f\u00fcr Paare, Freunde oder Familienmitglieder sind sie eine ideale Option f\u00fcr den Valentinstag, Geburtstage, Jahrestage oder besondere Feiern. Sie sind auch eine lustige Art, mit einem einzigartigen Detail zu \u00fcberraschen oder sogar deinem Alltagsoutfit zu Hause oder unterwegs eine kreative Note zu verleihen.<\/p>\n<h4><strong>Eigenschaften:<\/strong><\/h4>\n<ul>\n<li>Zusammensetzung: 95 % Polyester und 5 % Elasthan.<\/li>\n<li>Verf\u00fcgbare Gr\u00f6\u00dfen: 35\/37, 38\/40, 41\/43, 44\/47.<\/li>\n<li>F\u00fcr die Waschmaschine geeignet.<\/li>\n<li>Ferse und Spitze in Schwarz.<\/li>\n<li>Personalisiertes Design mit Gesichtern und Herzen.<\/li>\n<\/ul>\n","protected":false},"excerpt":{"rendered":"<p>Ein lustiges Detail voller Pers\u00f6nlichkeit f\u00fcr deinen Alltag. Diese personalisierten Socken mit Ges [&#8230;]<\/p>\n","protected":false},"featured_media":498986,"comment_status":"open","ping_status":"closed","template":"","meta":{"_acf_changed":false},"product_brand":[],"product_cat":[1800],"product_tag":[1776,1787,1809],"class_list":{"0":"post-498560","1":"product","2":"type-product","3":"status-publish","4":"has-post-thumbnail","6":"product_cat-personalisierte-socken","7":"product_tag-generisch","8":"product_tag-muetter","9":"product_tag-neu","11":"first","12":"instock","13":"taxable","14":"shipping-taxable","15":"purchasable","16":"product-type-simple"},"acf":[],"df_price":24.99,"df_sale_price":"","df_regular_price":24.99,"df_image_link":"https:\/\/transparentgift.com\/de\/wp-content\/uploads\/2026\/04\/Calcetines_Caras-y-Corazones_1-300x300.jpg","_links":{"self":[{"href":"https:\/\/transparentgift.com\/de\/wp-json\/wp\/v2\/product\/498560","targetHints":{"allow":["GET"]}}],"collection":[{"href":"https:\/\/transparentgift.com\/de\/wp-json\/wp\/v2\/product"}],"about":[{"href":"https:\/\/transparentgift.com\/de\/wp-json\/wp\/v2\/types\/product"}],"replies":[{"embeddable":true,"href":"https:\/\/transparentgift.com\/de\/wp-json\/wp\/v2\/comments?post=498560"}],"wp:featuredmedia":[{"embeddable":true,"href":"https:\/\/transparentgift.com\/de\/wp-json\/wp\/v2\/media\/498986"}],"wp:attachment":[{"href":"https:\/\/transparentgift.com\/de\/wp-json\/wp\/v2\/media?parent=498560"}],"wp:term":[{"taxonomy":"product_brand","embeddable":true,"href":"https:\/\/transparentgift.com\/de\/wp-json\/wp\/v2\/product_brand?post=498560"},{"taxonomy":"product_cat","embeddable":true,"href":"https:\/\/transparentgift.com\/de\/wp-json\/wp\/v2\/product_cat?post=498560"},{"taxonomy":"product_tag","embeddable":true,"href":"https:\/\/transparentgift.com\/de\/wp-json\/wp\/v2\/product_tag?post=498560"}],"curies":[{"name":"wp","href":"https:\/\/api.w.org\/{rel}","templated":true}]}}