{"id":498629,"date":"2026-03-27T10:17:13","date_gmt":"2026-03-27T09:17:13","guid":{"rendered":"https:\/\/transparentgift.com\/de\/taza-caras-con-corazon\/"},"modified":"2026-04-16T09:44:24","modified_gmt":"2026-04-16T07:44:24","slug":"tasse-mit-herzen-und-personalisierten-fotos","status":"publish","type":"product","link":"https:\/\/transparentgift.com\/de\/tasse-mit-herzen-und-personalisierten-fotos\/","title":{"rendered":"Tasse mit Herzen und personalisierten Fotos"},"content":{"rendered":"<p><strong>Eine einzigartige Tasse, die jeden Tag ein L\u00e4cheln hervorzaubert<\/strong>. Diese personalisierte Tasse mit Gesichtern und Herzen verwandelt deine sch\u00f6nsten Erinnerungen in ein lustiges und liebevolles Design.<\/p>\n<p>Der Aufdruck mit wiederholten Gesichtern und kleinen Herzen schafft eine originelle Komposition, die nicht unbemerkt bleibt und bei jeder Nutzung eine pers\u00f6nliche Note verleiht.<\/p>\n<p>Sie ist perfekt als personalisiertes Geschenk f\u00fcr Paare, Familienmitglieder oder Freunde zu Anl\u00e4ssen wie Valentinstag, Geburtstagen, Jahrestagen oder besonderen Feiern. Sie ist auch ideal, um mit einem anderen und emotionalen Detail zu \u00fcberraschen und jedes Fr\u00fchst\u00fcck oder jede Pause sowohl zu Hause als auch im B\u00fcro in einen besonderen Moment zu verwandeln.<\/p>\n<h4><strong>Eigenschaften:<\/strong><\/h4>\n<ul>\n<li>Material: Keramik.<\/li>\n<li>Ma\u00dfe: 9,5 cm hoch und 8 cm Durchmesser.<\/li>\n<li>Fassungsverm\u00f6gen: 325 ml.<\/li>\n<li>Mikrowellen- und sp\u00fclmaschinengeeignet.<\/li>\n<li>Personalisiertes Design mit Gesichtern und Herzen.<\/li>\n<\/ul>\n","protected":false},"excerpt":{"rendered":"<p>Eine einzigartige Tasse, die jeden Tag ein L\u00e4cheln hervorzaubert. Diese personalisierte Tasse mit G [&#8230;]<\/p>\n","protected":false},"featured_media":499030,"comment_status":"open","ping_status":"closed","template":"","meta":{"_acf_changed":false},"product_brand":[],"product_cat":[1910],"product_tag":[1787,1809],"ai-category":[],"class_list":{"0":"post-498629","1":"product","2":"type-product","3":"status-publish","4":"has-post-thumbnail","6":"product_cat-personalisierte-tassen","7":"product_tag-muetter","8":"product_tag-neu","10":"first","11":"instock","12":"taxable","13":"shipping-taxable","14":"purchasable","15":"product-type-simple"},"acf":[],"df_price":14.99,"df_sale_price":"","df_regular_price":14.99,"df_image_link":"https:\/\/transparentgift.com\/de\/wp-content\/uploads\/2026\/04\/Taza_Caras-y-corazones_1-300x300.jpg","_links":{"self":[{"href":"https:\/\/transparentgift.com\/de\/wp-json\/wp\/v2\/product\/498629","targetHints":{"allow":["GET"]}}],"collection":[{"href":"https:\/\/transparentgift.com\/de\/wp-json\/wp\/v2\/product"}],"about":[{"href":"https:\/\/transparentgift.com\/de\/wp-json\/wp\/v2\/types\/product"}],"replies":[{"embeddable":true,"href":"https:\/\/transparentgift.com\/de\/wp-json\/wp\/v2\/comments?post=498629"}],"wp:featuredmedia":[{"embeddable":true,"href":"https:\/\/transparentgift.com\/de\/wp-json\/wp\/v2\/media\/499030"}],"wp:attachment":[{"href":"https:\/\/transparentgift.com\/de\/wp-json\/wp\/v2\/media?parent=498629"}],"wp:term":[{"taxonomy":"product_brand","embeddable":true,"href":"https:\/\/transparentgift.com\/de\/wp-json\/wp\/v2\/product_brand?post=498629"},{"taxonomy":"product_cat","embeddable":true,"href":"https:\/\/transparentgift.com\/de\/wp-json\/wp\/v2\/product_cat?post=498629"},{"taxonomy":"product_tag","embeddable":true,"href":"https:\/\/transparentgift.com\/de\/wp-json\/wp\/v2\/product_tag?post=498629"},{"taxonomy":"ai-category","embeddable":true,"href":"https:\/\/transparentgift.com\/de\/wp-json\/wp\/v2\/ai-category?post=498629"}],"curies":[{"name":"wp","href":"https:\/\/api.w.org\/{rel}","templated":true}]}}