{"id":498631,"date":"2026-03-27T10:17:15","date_gmt":"2026-03-27T09:17:15","guid":{"rendered":"https:\/\/transparentgift.com\/de\/llavero-mama-mascara\/"},"modified":"2026-05-14T12:26:46","modified_gmt":"2026-05-14T10:26:46","slug":"personalisierter-schluesselanhaenger-mit-fotos-in-mama-buchstaben","status":"publish","type":"product","link":"https:\/\/transparentgift.com\/de\/personalisierter-schluesselanhaenger-mit-fotos-in-mama-buchstaben\/","title":{"rendered":"Personalisierter Schl\u00fcsselanh\u00e4nger mit Fotos in MAMA-Buchstaben"},"content":{"rendered":"<p><strong>Personalisierter Schl\u00fcsselanh\u00e4nger mit Fotos MAMA<\/strong>. Ein emotionales Detail, um Mama zu feiern und Erinnerungen in etwas Greifbares und stets Begleitendes zu verwandeln.<\/p>\n<p>Dieser personalisierte Schl\u00fcsselanh\u00e4nger ist eine wundersch\u00f6ne M\u00f6glichkeit, geliebte Menschen immer bei sich zu tragen. Du musst nur vier besondere Fotos ausw\u00e4hlen, die auf die Buchstaben gedruckt werden, die das Wort \u201eMAMA\u201c bilden. Ein St\u00fcck mit hohem emotionalem Wert, ideal f\u00fcr Schl\u00fcssel, Rucks\u00e4cke oder Etuis als multifunktionaler Schl\u00fcsselanh\u00e4nger.<\/p>\n<p>Perfekt, um M\u00fctter, Gro\u00dfm\u00fctter, Familienmitglieder oder Freundinnen zum Muttertag oder zu jedem besonderen Anlass zu \u00fcberraschen. Ein bedeutungsvolles Geschenk, das zeigt, wie viel sie dir bedeutet.<\/p>\n<h4><strong>Eigenschaften:<\/strong><\/h4>\n<ul>\n<li>Ma\u00dfe: 9,5 x 2,5 cm.<\/li>\n<li>Material: Hochwertiges Acryl.<\/li>\n<li>Enth\u00e4lt: Metallkette mit silberfarbener Oberfl\u00e4che.<\/li>\n<li>Extras: Premium-Geschenkverpackung.<\/li>\n<li>Personalisierung: 4 Fotos auf den Buchstaben von \u201eMAMA\u201c gedruckt.<\/li>\n<\/ul>\n","protected":false},"excerpt":{"rendered":"<p>Personalisierter Schl\u00fcsselanh\u00e4nger mit Fotos MAMA. Ein emotionales Detail, um Mama zu feiern und E [&#8230;]<\/p>\n","protected":false},"featured_media":498647,"comment_status":"open","ping_status":"closed","template":"","meta":{"_acf_changed":false},"product_brand":[],"product_cat":[1778],"product_tag":[1787,1809],"class_list":{"0":"post-498631","1":"product","2":"type-product","3":"status-publish","4":"has-post-thumbnail","6":"product_cat-personalisierte-schluesselanhaenger","7":"product_tag-muetter","8":"product_tag-neu","10":"first","11":"instock","12":"taxable","13":"shipping-taxable","14":"purchasable","15":"product-type-simple"},"acf":[],"df_price":19.99,"df_sale_price":"","df_regular_price":19.99,"df_image_link":"https:\/\/transparentgift.com\/de\/wp-content\/uploads\/2026\/03\/AL_1-4-300x300.jpg","_links":{"self":[{"href":"https:\/\/transparentgift.com\/de\/wp-json\/wp\/v2\/product\/498631","targetHints":{"allow":["GET"]}}],"collection":[{"href":"https:\/\/transparentgift.com\/de\/wp-json\/wp\/v2\/product"}],"about":[{"href":"https:\/\/transparentgift.com\/de\/wp-json\/wp\/v2\/types\/product"}],"replies":[{"embeddable":true,"href":"https:\/\/transparentgift.com\/de\/wp-json\/wp\/v2\/comments?post=498631"}],"wp:featuredmedia":[{"embeddable":true,"href":"https:\/\/transparentgift.com\/de\/wp-json\/wp\/v2\/media\/498647"}],"wp:attachment":[{"href":"https:\/\/transparentgift.com\/de\/wp-json\/wp\/v2\/media?parent=498631"}],"wp:term":[{"taxonomy":"product_brand","embeddable":true,"href":"https:\/\/transparentgift.com\/de\/wp-json\/wp\/v2\/product_brand?post=498631"},{"taxonomy":"product_cat","embeddable":true,"href":"https:\/\/transparentgift.com\/de\/wp-json\/wp\/v2\/product_cat?post=498631"},{"taxonomy":"product_tag","embeddable":true,"href":"https:\/\/transparentgift.com\/de\/wp-json\/wp\/v2\/product_tag?post=498631"}],"curies":[{"name":"wp","href":"https:\/\/api.w.org\/{rel}","templated":true}]}}