{"id":498683,"date":"2026-03-30T15:22:51","date_gmt":"2026-03-30T13:22:51","guid":{"rendered":"https:\/\/transparentgift.com\/de\/?post_type=product&#038;p=498683"},"modified":"2026-04-16T09:44:32","modified_gmt":"2026-04-16T07:44:32","slug":"weinglas-die-momente-von-mama-mit-personalisierten-namen","status":"publish","type":"product","link":"https:\/\/transparentgift.com\/de\/weinglas-die-momente-von-mama-mit-personalisierten-namen\/","title":{"rendered":"Weinglas Die Momente von Mama mit personalisierten Namen"},"content":{"rendered":"<p><strong>Sto\u00dfe auf die sch\u00f6nsten Momente mit Mama an<\/strong>. Diese personalisierten Weingl\u00e4ser \u201eMamas Momente\u201c sind das perfekte Detail, um einzigartige Erinnerungen mit einer eleganten und emotionalen Note zu feiern.<\/p>\n<p>Ihr feines Design und die Lasergravur heben eine Botschaft voller Zuneigung hervor und machen jedes Glas zu einer bleibenden Erinnerung, die die sch\u00f6nsten Augenblicke begleitet.<\/p>\n<p>Ideal als Geschenk zum Muttertag, zu Geburtstagen, Weihnachten oder jedem besonderen Anlass wurden diese Gl\u00e4ser daf\u00fcr entworfen, M\u00fctter, Gro\u00dfm\u00fctter oder wichtige Bezugspersonen zu \u00fcberraschen. Perfekt, um zu Hause ein Glas Wein zu genie\u00dfen oder es bei Feiern zu teilen, verleihen sie jedem Ansto\u00dfen eine pers\u00f6nliche und stilvolle Note.<\/p>\n<h4><strong>Eigenschaften:<\/strong><\/h4>\n<ul>\n<li>Erh\u00e4ltlich als einzelnes Glas mit Geschenkbox oder 2er-Set.<\/li>\n<li>Fassungsverm\u00f6gen: 55 cl.<\/li>\n<li>Material: hochbest\u00e4ndiges b\u00f6hmisches Kristallglas.<\/li>\n<li>Personalisierung durch Lasergravur.<\/li>\n<li>Sp\u00fclmaschinengeeignet.<\/li>\n<\/ul>\n","protected":false},"excerpt":{"rendered":"<p>Sto\u00dfe auf die sch\u00f6nsten Momente mit Mama an. Diese personalisierten Weingl\u00e4ser \u201eMamas Momente? [&#8230;]<\/p>\n","protected":false},"featured_media":498807,"comment_status":"open","ping_status":"closed","template":"","meta":{"_acf_changed":false},"product_brand":[],"product_cat":[1911],"product_tag":[1787,1809],"ai-category":[],"class_list":{"0":"post-498683","1":"product","2":"type-product","3":"status-publish","4":"has-post-thumbnail","6":"product_cat-personalisierte-weinglaeser","7":"product_tag-muetter","8":"product_tag-neu","10":"first","11":"instock","12":"taxable","13":"shipping-taxable","14":"purchasable","15":"product-type-simple"},"acf":[],"df_price":12.99,"df_sale_price":"","df_regular_price":12.99,"df_image_link":"https:\/\/transparentgift.com\/de\/wp-content\/uploads\/2026\/04\/AL_1-300x300.jpg","_links":{"self":[{"href":"https:\/\/transparentgift.com\/de\/wp-json\/wp\/v2\/product\/498683","targetHints":{"allow":["GET"]}}],"collection":[{"href":"https:\/\/transparentgift.com\/de\/wp-json\/wp\/v2\/product"}],"about":[{"href":"https:\/\/transparentgift.com\/de\/wp-json\/wp\/v2\/types\/product"}],"replies":[{"embeddable":true,"href":"https:\/\/transparentgift.com\/de\/wp-json\/wp\/v2\/comments?post=498683"}],"wp:featuredmedia":[{"embeddable":true,"href":"https:\/\/transparentgift.com\/de\/wp-json\/wp\/v2\/media\/498807"}],"wp:attachment":[{"href":"https:\/\/transparentgift.com\/de\/wp-json\/wp\/v2\/media?parent=498683"}],"wp:term":[{"taxonomy":"product_brand","embeddable":true,"href":"https:\/\/transparentgift.com\/de\/wp-json\/wp\/v2\/product_brand?post=498683"},{"taxonomy":"product_cat","embeddable":true,"href":"https:\/\/transparentgift.com\/de\/wp-json\/wp\/v2\/product_cat?post=498683"},{"taxonomy":"product_tag","embeddable":true,"href":"https:\/\/transparentgift.com\/de\/wp-json\/wp\/v2\/product_tag?post=498683"},{"taxonomy":"ai-category","embeddable":true,"href":"https:\/\/transparentgift.com\/de\/wp-json\/wp\/v2\/ai-category?post=498683"}],"curies":[{"name":"wp","href":"https:\/\/api.w.org\/{rel}","templated":true}]}}