{"id":498896,"date":"2026-04-09T15:38:22","date_gmt":"2026-04-09T13:38:22","guid":{"rendered":"https:\/\/transparentgift.com\/de\/?post_type=product&#038;p=498896"},"modified":"2026-04-16T09:44:37","modified_gmt":"2026-04-16T07:44:37","slug":"pyjama-beste-mama-mit-personalisierten-namen","status":"publish","type":"product","link":"https:\/\/transparentgift.com\/de\/pyjama-beste-mama-mit-personalisierten-namen\/","title":{"rendered":"Pyjama Beste Mama mit personalisierten Namen"},"content":{"rendered":"<p><strong><span dir=\"auto\" style=\"vertical-align: inherit\"><span dir=\"auto\" style=\"vertical-align: inherit\">Rel\u00e1jate con un dise\u00f1o pensado para ser tocado<\/span><\/span><\/strong><span dir=\"auto\" style=\"vertical-align: inherit\"><span dir=\"auto\" style=\"vertical-align: inherit\"> con el pijama &#8222;La Mejor Mam\u00e1&#8220; con nombres personalizados, una prenda especial que combina comodidad y un mensaje de amor para el d\u00eda a d\u00eda.<\/span><\/span><\/p>\n<p><span dir=\"auto\" style=\"vertical-align: inherit\"><span dir=\"auto\" style=\"vertical-align: inherit\">Su ilustraci\u00f3n inspirada en una familia de leones con nombres personalizados convierte a este conjunto en un detalle \u00fanico, ideal para que mam\u00e1 se sienta como la protagonista durante sus momentos de paz.<\/span><\/span><\/p>\n<p><span dir=\"auto\" style=\"vertical-align: inherit\"><span dir=\"auto\" style=\"vertical-align: inherit\">Es la opci\u00f3n perfecta para quienes buscan <\/span><\/span><strong><span dir=\"auto\" style=\"vertical-align: inherit\"><span dir=\"auto\" style=\"vertical-align: inherit\">pijamas personalizados para mam\u00e1<\/span><\/span><\/strong><span dir=\"auto\" style=\"vertical-align: inherit\"><span dir=\"auto\" style=\"vertical-align: inherit\"> con un toque delicado y familiar, ya sea como regalo de cumplea\u00f1os, D\u00eda de la Madre, Navidad o simplemente para sorprenderla con algo especial. Gracias a su dise\u00f1o dulce y acogedor, tambi\u00e9n es ideal para las madres que aprecian las prendas con significado y disfrutan vistiendo ropa de estar por casa con su propio estilo.<\/span><\/span><\/p>\n<h4><strong><span dir=\"auto\" style=\"vertical-align: inherit\"><span dir=\"auto\" style=\"vertical-align: inherit\">Caracter\u00edsticas:<\/span><\/span><\/strong><\/h4>\n<ul>\n<li><span dir=\"auto\" style=\"vertical-align: inherit\"><span dir=\"auto\" style=\"vertical-align: inherit\">Composici\u00f3n de la camiseta: 100% algod\u00f3n<\/span><\/span><\/li>\n<li><span dir=\"auto\" style=\"vertical-align: inherit\"><span dir=\"auto\" style=\"vertical-align: inherit\">Composici\u00f3n del pantal\u00f3n: 80% algod\u00f3n, 20% poli\u00e9ster<\/span><\/span><\/li>\n<li><span dir=\"auto\" style=\"vertical-align: inherit\"><span dir=\"auto\" style=\"vertical-align: inherit\">Color de la camiseta: blanco<\/span><\/span><\/li>\n<li><span dir=\"auto\" style=\"vertical-align: inherit\"><span dir=\"auto\" style=\"vertical-align: inherit\">Color de los pantalones: negro<\/span><\/span><\/li>\n<li><span dir=\"auto\" style=\"vertical-align: inherit\"><span dir=\"auto\" style=\"vertical-align: inherit\">Tallas: S, M, L, XL y XXL<\/span><\/span><\/li>\n<\/ul>\n","protected":false},"excerpt":{"rendered":"<p>Rel\u00e1jate con un dise\u00f1o pensado para ser tocado con el pijama &#8222;La Mejor Mam\u00e1&#8220; con nomb [&#8230;]<\/p>\n","protected":false},"featured_media":498941,"comment_status":"open","ping_status":"closed","template":"","meta":{"_acf_changed":false},"product_brand":[],"product_cat":[1806],"product_tag":[1787,1809],"ai-category":[],"class_list":{"0":"post-498896","1":"product","2":"type-product","3":"status-publish","4":"has-post-thumbnail","6":"product_cat-personalisierte-schlafanzuege","7":"product_tag-muetter","8":"product_tag-neu","10":"first","11":"instock","12":"taxable","13":"shipping-taxable","14":"purchasable","15":"product-type-simple"},"acf":[],"df_price":27.99,"df_sale_price":"","df_regular_price":27.99,"df_image_link":"https:\/\/transparentgift.com\/de\/wp-content\/uploads\/2026\/04\/DE-cat-1-300x300.jpg","_links":{"self":[{"href":"https:\/\/transparentgift.com\/de\/wp-json\/wp\/v2\/product\/498896","targetHints":{"allow":["GET"]}}],"collection":[{"href":"https:\/\/transparentgift.com\/de\/wp-json\/wp\/v2\/product"}],"about":[{"href":"https:\/\/transparentgift.com\/de\/wp-json\/wp\/v2\/types\/product"}],"replies":[{"embeddable":true,"href":"https:\/\/transparentgift.com\/de\/wp-json\/wp\/v2\/comments?post=498896"}],"wp:featuredmedia":[{"embeddable":true,"href":"https:\/\/transparentgift.com\/de\/wp-json\/wp\/v2\/media\/498941"}],"wp:attachment":[{"href":"https:\/\/transparentgift.com\/de\/wp-json\/wp\/v2\/media?parent=498896"}],"wp:term":[{"taxonomy":"product_brand","embeddable":true,"href":"https:\/\/transparentgift.com\/de\/wp-json\/wp\/v2\/product_brand?post=498896"},{"taxonomy":"product_cat","embeddable":true,"href":"https:\/\/transparentgift.com\/de\/wp-json\/wp\/v2\/product_cat?post=498896"},{"taxonomy":"product_tag","embeddable":true,"href":"https:\/\/transparentgift.com\/de\/wp-json\/wp\/v2\/product_tag?post=498896"},{"taxonomy":"ai-category","embeddable":true,"href":"https:\/\/transparentgift.com\/de\/wp-json\/wp\/v2\/ai-category?post=498896"}],"curies":[{"name":"wp","href":"https:\/\/api.w.org\/{rel}","templated":true}]}}