{"id":498898,"date":"2026-04-09T15:53:34","date_gmt":"2026-04-09T13:53:34","guid":{"rendered":"https:\/\/transparentgift.com\/de\/placa-bloque-para-mama-con-fotos-personalizadas\/"},"modified":"2026-04-16T09:44:38","modified_gmt":"2026-04-16T07:44:38","slug":"blocktafel-fuer-mama-mit-personalisierten-fotos","status":"publish","type":"product","link":"https:\/\/transparentgift.com\/de\/blocktafel-fuer-mama-mit-personalisierten-fotos\/","title":{"rendered":"Blocktafel f\u00fcr Mama mit personalisierten Fotos"},"content":{"rendered":"<p><strong>Bewahre ihre sch\u00f6nsten Momente in einem St\u00fcck voller Bedeutung auf<\/strong> mit der Block-Platte f\u00fcr Mama mit personalisierten Fotos, einem dekorativen Detail, das dazu gedacht ist, zu ber\u00fchren und sie jeden Tag zu begleiten.<\/p>\n<p>Ihr Blockformat und die Personalisierung mit Bildern machen dieses Design zu einer sehr visuellen Erinnerung, ideal, um Familienmomenten besondere Aufmerksamkeit zu geben und ein besonderes Geschenk zu schaffen.<\/p>\n<p>Sie ist eine perfekte Option f\u00fcr alle, die <strong>personalisierte Geschenke f\u00fcr Mama<\/strong> mit einem eleganten und sentimentalen Stil suchen, sei es f\u00fcr Geburtstage, Muttertag, Weihnachten oder jeden besonderen Anlass. Dank ihres klaren Designs und der Pr\u00e4senz mehrerer Fotos eignet sie sich sehr gut als Detail von S\u00f6hnen und T\u00f6chtern, als Familienerinnerung oder als dekoratives Element f\u00fcr Schlafzimmer, Wohnzimmer, Arbeitszimmer oder ein Regal mit emotionalem Wert.<\/p>\n<h4><strong>Eigenschaften:<\/strong><\/h4>\n<ul>\n<li>Gr\u00f6\u00dfe: 15 x 10 x 1,8 cm<\/li>\n<li>Material: hochwertiges Methacrylat<\/li>\n<li>Inklusive Verpackung mit Geschenkbox<\/li>\n<li>Pflege: l\u00e4sst sich einfach mit Hilfe eines trockenen Tuchs reinigen<\/li>\n<li>Personalisiertes Design mit Fotos<\/li>\n<\/ul>\n","protected":false},"excerpt":{"rendered":"<p>Bewahre ihre sch\u00f6nsten Momente in einem St\u00fcck voller Bedeutung auf mit der Block-Platte f\u00fcr Mama  [&#8230;]<\/p>\n","protected":false},"featured_media":499066,"comment_status":"open","ping_status":"closed","template":"","meta":{"_acf_changed":false},"product_brand":[],"product_cat":[1775],"product_tag":[1787,1809],"ai-category":[],"class_list":{"0":"post-498898","1":"product","2":"type-product","3":"status-publish","4":"has-post-thumbnail","6":"product_cat-personalisierte-fotos-auf-acrylglas","7":"product_tag-muetter","8":"product_tag-neu","10":"first","11":"instock","12":"taxable","13":"shipping-taxable","14":"purchasable","15":"product-type-simple"},"acf":[],"df_price":15.99,"df_sale_price":"","df_regular_price":15.99,"df_image_link":"https:\/\/transparentgift.com\/de\/wp-content\/uploads\/2026\/04\/1-AL_Bloque-Metacrilato_Mama_1-1-300x300.jpg","_links":{"self":[{"href":"https:\/\/transparentgift.com\/de\/wp-json\/wp\/v2\/product\/498898","targetHints":{"allow":["GET"]}}],"collection":[{"href":"https:\/\/transparentgift.com\/de\/wp-json\/wp\/v2\/product"}],"about":[{"href":"https:\/\/transparentgift.com\/de\/wp-json\/wp\/v2\/types\/product"}],"replies":[{"embeddable":true,"href":"https:\/\/transparentgift.com\/de\/wp-json\/wp\/v2\/comments?post=498898"}],"wp:featuredmedia":[{"embeddable":true,"href":"https:\/\/transparentgift.com\/de\/wp-json\/wp\/v2\/media\/499066"}],"wp:attachment":[{"href":"https:\/\/transparentgift.com\/de\/wp-json\/wp\/v2\/media?parent=498898"}],"wp:term":[{"taxonomy":"product_brand","embeddable":true,"href":"https:\/\/transparentgift.com\/de\/wp-json\/wp\/v2\/product_brand?post=498898"},{"taxonomy":"product_cat","embeddable":true,"href":"https:\/\/transparentgift.com\/de\/wp-json\/wp\/v2\/product_cat?post=498898"},{"taxonomy":"product_tag","embeddable":true,"href":"https:\/\/transparentgift.com\/de\/wp-json\/wp\/v2\/product_tag?post=498898"},{"taxonomy":"ai-category","embeddable":true,"href":"https:\/\/transparentgift.com\/de\/wp-json\/wp\/v2\/ai-category?post=498898"}],"curies":[{"name":"wp","href":"https:\/\/api.w.org\/{rel}","templated":true}]}}