{"id":498899,"date":"2026-04-09T15:53:35","date_gmt":"2026-04-09T13:53:35","guid":{"rendered":"https:\/\/transparentgift.com\/de\/marco-para-mama-con-flores-y-fotos-personalizadas\/"},"modified":"2026-04-16T09:44:40","modified_gmt":"2026-04-16T07:44:40","slug":"rahmen-fuer-mama-mit-blumen-und-personalisierten-fotos","status":"publish","type":"product","link":"https:\/\/transparentgift.com\/de\/rahmen-fuer-mama-mit-blumen-und-personalisierten-fotos\/","title":{"rendered":"Rahmen f\u00fcr Mama mit Blumen und personalisierten Fotos"},"content":{"rendered":"<p><strong><span dir=\"auto\" style=\"vertical-align: inherit\"><span dir=\"auto\" style=\"vertical-align: inherit\">Verwandle eine Erinnerung in ein Detail, das wirklich das Herz ber\u00fchrt<\/span><\/span><\/strong><span dir=\"auto\" style=\"vertical-align: inherit\"><span dir=\"auto\" style=\"vertical-align: inherit\"> mit dem Rahmen f\u00fcr Mama mit personalisierten Blumen und Fotos, einem dekorativen St\u00fcck, das daf\u00fcr entworfen wurde, besondere Momente mit einem zarten und sehr sentimentalen Design zu bewahren.<\/span><\/span><\/p>\n<p><span dir=\"auto\" style=\"vertical-align: inherit\"><span dir=\"auto\" style=\"vertical-align: inherit\">Die Kombination aus Fotografie, personalisierter Botschaft und nat\u00fcrlichen Blumen im Inneren schafft eine bezaubernde Komposition, perfekt, um etwas Besonderes zu schenken, das in jeder Ecke eine einzigartige Wirkung hat.<\/span><\/span><\/p>\n<p><span dir=\"auto\" style=\"vertical-align: inherit\"><span dir=\"auto\" style=\"vertical-align: inherit\">Es ist eine ideale Option f\u00fcr alle, die <\/span><\/span><strong><span dir=\"auto\" style=\"vertical-align: inherit\"><span dir=\"auto\" style=\"vertical-align: inherit\">personalisierte Geschenke f\u00fcr Mama<\/span><\/span><\/strong><span dir=\"auto\" style=\"vertical-align: inherit\"><span dir=\"auto\" style=\"vertical-align: inherit\"> mit einem eleganten, nat\u00fcrlichen und emotionalen Stil suchen. Er ist perfekt, um sie an ihrem Geburtstag, zum Muttertag, zu Weihnachten oder als Dankesch\u00f6n zu jedem besonderen Anlass zu \u00fcberraschen. Sein Design macht ihn au\u00dferdem zu einer wundersch\u00f6nen Familienerinnerung, einer liebevollen Hommage oder zu einem dekorativen Element f\u00fcr Schlafzimmer, Wohnzimmer, Eingangsbereiche oder sogar einen Arbeitsplatz und verleiht eine warme und pers\u00f6nliche Note, die dazu einl\u00e4dt, gl\u00fcckliche Momente jedes Mal wieder aufleben zu lassen, wenn man ihn ansieht.<\/span><\/span><\/p>\n<h4><strong><span dir=\"auto\" style=\"vertical-align: inherit\"><span dir=\"auto\" style=\"vertical-align: inherit\">Eigenschaften:<\/span><\/span><\/strong><\/h4>\n<ul>\n<li><span dir=\"auto\" style=\"vertical-align: inherit\"><span dir=\"auto\" style=\"vertical-align: inherit\">Ma\u00dfe: 19,5 x 19,5 x 6,5 cm<\/span><\/span><\/li>\n<li><span dir=\"auto\" style=\"vertical-align: inherit\"><span dir=\"auto\" style=\"vertical-align: inherit\">Material: Holzrahmen<\/span><\/span><\/li>\n<li><span dir=\"auto\" style=\"vertical-align: inherit\"><span dir=\"auto\" style=\"vertical-align: inherit\">Nat\u00fcrliche Blumen im Inneren<\/span><\/span><\/li>\n<li><span dir=\"auto\" style=\"vertical-align: inherit\"><span dir=\"auto\" style=\"vertical-align: inherit\">Personalisiertes Design mit Foto<\/span><\/span><\/li>\n<li><span dir=\"auto\" style=\"vertical-align: inherit\"><span dir=\"auto\" style=\"vertical-align: inherit\">Dekoratives Format f\u00fcr Tisch oder Regal<\/span><\/span><\/li>\n<\/ul>\n","protected":false},"excerpt":{"rendered":"<p>Verwandle eine Erinnerung in ein Detail, das wirklich das Herz ber\u00fchrt mit dem Rahmen f\u00fcr Mama mit [&#8230;]<\/p>\n","protected":false},"featured_media":499141,"comment_status":"open","ping_status":"closed","template":"","meta":{"_acf_changed":false},"product_brand":[],"product_cat":[1789],"product_tag":[1787,1809],"ai-category":[],"class_list":{"0":"post-498899","1":"product","2":"type-product","3":"status-publish","4":"has-post-thumbnail","6":"product_cat-originelle-produkte","7":"product_tag-muetter","8":"product_tag-neu","10":"first","11":"instock","12":"taxable","13":"shipping-taxable","14":"purchasable","15":"product-type-simple"},"acf":[],"df_price":24.99,"df_sale_price":"","df_regular_price":24.99,"df_image_link":"https:\/\/transparentgift.com\/de\/wp-content\/uploads\/2026\/04\/AL_Cuadro-con-flores_1-300x300.jpg","_links":{"self":[{"href":"https:\/\/transparentgift.com\/de\/wp-json\/wp\/v2\/product\/498899","targetHints":{"allow":["GET"]}}],"collection":[{"href":"https:\/\/transparentgift.com\/de\/wp-json\/wp\/v2\/product"}],"about":[{"href":"https:\/\/transparentgift.com\/de\/wp-json\/wp\/v2\/types\/product"}],"replies":[{"embeddable":true,"href":"https:\/\/transparentgift.com\/de\/wp-json\/wp\/v2\/comments?post=498899"}],"wp:featuredmedia":[{"embeddable":true,"href":"https:\/\/transparentgift.com\/de\/wp-json\/wp\/v2\/media\/499141"}],"wp:attachment":[{"href":"https:\/\/transparentgift.com\/de\/wp-json\/wp\/v2\/media?parent=498899"}],"wp:term":[{"taxonomy":"product_brand","embeddable":true,"href":"https:\/\/transparentgift.com\/de\/wp-json\/wp\/v2\/product_brand?post=498899"},{"taxonomy":"product_cat","embeddable":true,"href":"https:\/\/transparentgift.com\/de\/wp-json\/wp\/v2\/product_cat?post=498899"},{"taxonomy":"product_tag","embeddable":true,"href":"https:\/\/transparentgift.com\/de\/wp-json\/wp\/v2\/product_tag?post=498899"},{"taxonomy":"ai-category","embeddable":true,"href":"https:\/\/transparentgift.com\/de\/wp-json\/wp\/v2\/ai-category?post=498899"}],"curies":[{"name":"wp","href":"https:\/\/api.w.org\/{rel}","templated":true}]}}