{"id":499190,"date":"2026-04-16T12:14:20","date_gmt":"2026-04-16T10:14:20","guid":{"rendered":"https:\/\/transparentgift.com\/de\/?post_type=product&#038;p=499190"},"modified":"2026-04-18T12:16:24","modified_gmt":"2026-04-18T10:16:24","slug":"geschenkpapier-mama-farben-mit-personalisiertem-namen-2","status":"publish","type":"product","link":"https:\/\/transparentgift.com\/de\/geschenkpapier-mama-farben-mit-personalisiertem-namen-2\/","title":{"rendered":"Geschenkpapier Mama Farben mit personalisiertem Namen"},"content":{"rendered":"<p>Verleihe deinen <strong>Geschenken zum Muttertag<\/strong> mit dieser <strong>Geschenkpapierrolle<\/strong> eine einzigartige Note, die du personalisieren kannst, indem du die gew\u00fcnschten Namen oder einen Text hinzuf\u00fcgst. Du kannst dieses Papier nicht nur verwenden, um Geschenke f\u00fcr diesen ganz besonderen Tag einzupacken, sondern auch f\u00fcr <strong>Geburtstagsgeschenke<\/strong> oder Weihnachten.<\/p>\n<p>Es ist vollst\u00e4ndig personalisierbar! Du musst lediglich <strong>den Text oder die besonderen Namen schreiben<\/strong>, und sie werden unter dem <strong>Wort \u201eMama\u201c in Farben<\/strong> auf dem gepunkteten Muster aufgedruckt. So kannst du die Geschenke f\u00fcr deine Mutter mit einer einzigartigen und pers\u00f6nlichen Note verpacken. Sie wird begeistert sein, ihre Geschenke zu \u00f6ffnen und auf der Verpackung ein Design zu entdecken, das ausschlie\u00dflich ihr gewidmet ist. Dieses lustige Geschenkpapier wird ihr ein gro\u00dfes L\u00e4cheln ins Gesicht zaubern!<\/p>\n<p>Diese Geschenkpapierrolle wird aus <strong>hochwertigen Materialien<\/strong> hergestellt, die dem Design gro\u00dfe Farbintensit\u00e4t und Sch\u00e4rfe verleihen.<\/p>\n<p>Verpasse nicht die originellste personalisierte Note zum Einpacken deiner Geschenke zum Muttertag. Es ist ideal, um Mama an diesem ganz besonderen Tag deine Zuneigung zu zeigen. Du wirst ihr das Gef\u00fchl geben, die gl\u00fccklichste Frau der Welt zu sein!<\/p>\n<p><strong>Eigenschaften:<\/strong><\/p>\n<ul>\n<li>Gr\u00f6\u00dfe: 100 x 61 cm<\/li>\n<li>Material: Papier mit 80 gr<\/li>\n<li>Extras: Wahlm\u00f6glichkeit zwischen 2 und 5 B\u00f6gen.<\/li>\n<\/ul>\n","protected":false},"excerpt":{"rendered":"<p>Verleihe deinen Geschenken zum Muttertag mit dieser Geschenkpapierrolle eine einzigartige Note, die  [&#8230;]<\/p>\n","protected":false},"featured_media":499226,"comment_status":"open","ping_status":"closed","template":"","meta":{"_acf_changed":false},"product_brand":[],"product_cat":[1819],"product_tag":[1787,1794],"ai-category":[],"class_list":{"0":"post-499190","1":"product","2":"type-product","3":"status-publish","4":"has-post-thumbnail","6":"product_cat-personalisierte-geschenkverpackung","7":"product_tag-muetter","8":"product_tag-weihnachten","10":"first","11":"instock","12":"taxable","13":"shipping-taxable","14":"purchasable","15":"product-type-simple"},"acf":[],"df_price":14.99,"df_sale_price":"","df_regular_price":14.99,"df_image_link":"https:\/\/transparentgift.com\/de\/wp-content\/uploads\/2026\/04\/al_cat-1-2-300x300.jpg","_links":{"self":[{"href":"https:\/\/transparentgift.com\/de\/wp-json\/wp\/v2\/product\/499190","targetHints":{"allow":["GET"]}}],"collection":[{"href":"https:\/\/transparentgift.com\/de\/wp-json\/wp\/v2\/product"}],"about":[{"href":"https:\/\/transparentgift.com\/de\/wp-json\/wp\/v2\/types\/product"}],"replies":[{"embeddable":true,"href":"https:\/\/transparentgift.com\/de\/wp-json\/wp\/v2\/comments?post=499190"}],"wp:featuredmedia":[{"embeddable":true,"href":"https:\/\/transparentgift.com\/de\/wp-json\/wp\/v2\/media\/499226"}],"wp:attachment":[{"href":"https:\/\/transparentgift.com\/de\/wp-json\/wp\/v2\/media?parent=499190"}],"wp:term":[{"taxonomy":"product_brand","embeddable":true,"href":"https:\/\/transparentgift.com\/de\/wp-json\/wp\/v2\/product_brand?post=499190"},{"taxonomy":"product_cat","embeddable":true,"href":"https:\/\/transparentgift.com\/de\/wp-json\/wp\/v2\/product_cat?post=499190"},{"taxonomy":"product_tag","embeddable":true,"href":"https:\/\/transparentgift.com\/de\/wp-json\/wp\/v2\/product_tag?post=499190"},{"taxonomy":"ai-category","embeddable":true,"href":"https:\/\/transparentgift.com\/de\/wp-json\/wp\/v2\/ai-category?post=499190"}],"curies":[{"name":"wp","href":"https:\/\/api.w.org\/{rel}","templated":true}]}}