{"id":499373,"date":"2026-04-23T14:11:30","date_gmt":"2026-04-23T12:11:30","guid":{"rendered":"https:\/\/transparentgift.com\/de\/?post_type=product&#038;p=499373"},"modified":"2026-04-26T10:34:18","modified_gmt":"2026-04-26T08:34:18","slug":"rahmen-mit-personalisiertem-3d-foto","status":"publish","type":"product","link":"https:\/\/transparentgift.com\/de\/rahmen-mit-personalisiertem-3d-foto\/","title":{"rendered":"Rahmen mit personalisiertem 3D-Foto"},"content":{"rendered":"<p><strong>Verwandle deine Erinnerungen in ein einzigartiges dekoratives St\u00fcck<\/strong> mit diesem Rahmen mit personalisiertem 3D-Foto. Eine originelle Art, deinen sch\u00f6nsten Momenten zu Hause oder an deinem Arbeitsplatz besondere Aufmerksamkeit zu verleihen.<\/p>\n<p>Seine visuelle Ausf\u00fchrung schafft ein auff\u00e4lligeres und besondereres Bild, ideal f\u00fcr alle, die ein personalisiertes Detail mit emotionalem Wert und ein Design suchen, das sich von einem herk\u00f6mmlichen Foto unterscheidet.<\/p>\n<p>Es ist eine perfekte Option als Geschenk f\u00fcr den Partner, f\u00fcr V\u00e4ter, M\u00fctter, Gro\u00dfeltern, Freunde oder Familien und auch zur Dekoration von Wohnzimmern, Schlafzimmern, B\u00fcros oder besonderen Ecken. Ideal als <strong>personalisiertes Geschenk<\/strong> zum Geburtstag, Jahrestag, Muttertag, Vatertag, Valentinstag, zu Weihnachten oder als Erinnerung an wichtige Momente.<\/p>\n<h4><strong>Eigenschaften:<\/strong><\/h4>\n<ul>\n<li>Gr\u00f6\u00dfe: 22 x 19 cm<\/li>\n<li>Material: hochwertiges Methacrylat<\/li>\n<li>Design: Rahmen mit personalisiertem 3D-Foto<\/li>\n<li>Extras: inklusive Geschenkverpackung<\/li>\n<li>Pflege: l\u00e4sst sich leicht mit einem trockenen Tuch reinigen<\/li>\n<\/ul>\n","protected":false},"excerpt":{"rendered":"<p>Verwandle deine Erinnerungen in ein einzigartiges dekoratives St\u00fcck mit diesem Rahmen mit personali [&#8230;]<\/p>\n","protected":false},"featured_media":499413,"comment_status":"open","ping_status":"closed","template":"","meta":{"_acf_changed":false},"product_brand":[],"product_cat":[1789],"product_tag":[1786,1776,1787,1809,1777],"class_list":{"0":"post-499373","1":"product","2":"type-product","3":"status-publish","4":"has-post-thumbnail","6":"product_cat-originelle-produkte","7":"product_tag-familie","8":"product_tag-generisch","9":"product_tag-muetter","10":"product_tag-neu","11":"product_tag-paare","13":"first","14":"instock","15":"taxable","16":"shipping-taxable","17":"purchasable","18":"product-type-simple"},"acf":[],"df_price":31.99,"df_sale_price":"","df_regular_price":31.99,"df_image_link":"https:\/\/transparentgift.com\/de\/wp-content\/uploads\/2026\/04\/portada-nueva-300x300.jpg","_links":{"self":[{"href":"https:\/\/transparentgift.com\/de\/wp-json\/wp\/v2\/product\/499373","targetHints":{"allow":["GET"]}}],"collection":[{"href":"https:\/\/transparentgift.com\/de\/wp-json\/wp\/v2\/product"}],"about":[{"href":"https:\/\/transparentgift.com\/de\/wp-json\/wp\/v2\/types\/product"}],"replies":[{"embeddable":true,"href":"https:\/\/transparentgift.com\/de\/wp-json\/wp\/v2\/comments?post=499373"}],"wp:featuredmedia":[{"embeddable":true,"href":"https:\/\/transparentgift.com\/de\/wp-json\/wp\/v2\/media\/499413"}],"wp:attachment":[{"href":"https:\/\/transparentgift.com\/de\/wp-json\/wp\/v2\/media?parent=499373"}],"wp:term":[{"taxonomy":"product_brand","embeddable":true,"href":"https:\/\/transparentgift.com\/de\/wp-json\/wp\/v2\/product_brand?post=499373"},{"taxonomy":"product_cat","embeddable":true,"href":"https:\/\/transparentgift.com\/de\/wp-json\/wp\/v2\/product_cat?post=499373"},{"taxonomy":"product_tag","embeddable":true,"href":"https:\/\/transparentgift.com\/de\/wp-json\/wp\/v2\/product_tag?post=499373"}],"curies":[{"name":"wp","href":"https:\/\/api.w.org\/{rel}","templated":true}]}}