{"id":499942,"date":"2026-05-05T11:05:35","date_gmt":"2026-05-05T09:05:35","guid":{"rendered":"https:\/\/transparentgift.com\/de\/?post_type=product&#038;p=499942"},"modified":"2026-05-12T13:08:38","modified_gmt":"2026-05-12T11:08:38","slug":"lampe-fussballspieler-mit-personalisiertem-namen","status":"publish","type":"product","link":"https:\/\/transparentgift.com\/de\/lampe-fussballspieler-mit-personalisiertem-namen\/","title":{"rendered":"Lampe Fu\u00dfballspieler mit personalisiertem Namen"},"content":{"rendered":"<p><strong>Lampe Fu\u00dfballspieler mit personalisiertem Namen<\/strong>. Ein einzigartiges Geschenk f\u00fcr Fu\u00dfballbegeisterte, das jeden Raum beleuchtet und personalisiert.<\/p>\n<p>Mit einem eleganten Design und der M\u00f6glichkeit, sie mit dem Namen des Empf\u00e4ngers zu personalisieren, wird diese Lampe zum perfekten Detail f\u00fcr jeden besonderen Anlass.<\/p>\n<p>Ideal f\u00fcr <strong>Kinder und Erwachsene<\/strong>, die Fu\u00dfball lieben, ist diese Lampe perfekt f\u00fcr <strong>Geburtstage, Jubil\u00e4en, Weihnachten<\/strong> oder als besonderes Geschenk zum <strong>Vatertag<\/strong>. \u00dcberrasche deine Liebsten und gib ihnen das Gef\u00fchl, etwas Besonderes zu sein \u2013 mit einem Geschenk, das sie auf ihrem <strong>Nachttisch<\/strong> oder <strong>Regal<\/strong> pr\u00e4sentieren k\u00f6nnen.<\/p>\n<h4><strong>Eigenschaften:<\/strong><\/h4>\n<ul>\n<li>Gr\u00f6\u00dfe:\n<ul>\n<li>Mit Sockel: 17 x 14,5 x 4,5 cm<\/li>\n<li>Mit Rahmen: 21 x 17 cm<\/li>\n<\/ul>\n<\/li>\n<li>Material:\n<ul>\n<li>Platte: hochwertiges Methacrylat.<\/li>\n<li>Sockel: hochwertiges Holz.<\/li>\n<\/ul>\n<\/li>\n<li>Enth\u00e4lt: warmes LED-Licht, USB-Kabel, Verpackung mit Geschenkbox.<\/li>\n<li>Pflege: l\u00e4sst sich einfach mit dem mitgelieferten Tuch reinigen.<\/li>\n<\/ul>\n","protected":false},"excerpt":{"rendered":"<p>Lampe Fu\u00dfballspieler mit personalisiertem Namen. Ein einzigartiges Geschenk f\u00fcr Fu\u00dfballbegeistert [&#8230;]<\/p>\n","protected":false},"featured_media":500613,"comment_status":"open","ping_status":"closed","template":"","meta":{"_acf_changed":false},"product_brand":[],"product_cat":[1781],"product_tag":[1807,1797],"class_list":{"0":"post-499942","1":"product","2":"type-product","3":"status-publish","4":"has-post-thumbnail","6":"product_cat-personalisierte-lampen","7":"product_tag-maenner","8":"product_tag-sport","10":"first","11":"instock","12":"sale","13":"taxable","14":"shipping-taxable","15":"purchasable","16":"product-type-simple"},"acf":[],"df_price":20.99,"df_sale_price":20.99,"df_regular_price":34.99,"df_image_link":"https:\/\/transparentgift.com\/de\/wp-content\/uploads\/2026\/05\/al_1-2-300x300.jpg","_links":{"self":[{"href":"https:\/\/transparentgift.com\/de\/wp-json\/wp\/v2\/product\/499942","targetHints":{"allow":["GET"]}}],"collection":[{"href":"https:\/\/transparentgift.com\/de\/wp-json\/wp\/v2\/product"}],"about":[{"href":"https:\/\/transparentgift.com\/de\/wp-json\/wp\/v2\/types\/product"}],"replies":[{"embeddable":true,"href":"https:\/\/transparentgift.com\/de\/wp-json\/wp\/v2\/comments?post=499942"}],"wp:featuredmedia":[{"embeddable":true,"href":"https:\/\/transparentgift.com\/de\/wp-json\/wp\/v2\/media\/500613"}],"wp:attachment":[{"href":"https:\/\/transparentgift.com\/de\/wp-json\/wp\/v2\/media?parent=499942"}],"wp:term":[{"taxonomy":"product_brand","embeddable":true,"href":"https:\/\/transparentgift.com\/de\/wp-json\/wp\/v2\/product_brand?post=499942"},{"taxonomy":"product_cat","embeddable":true,"href":"https:\/\/transparentgift.com\/de\/wp-json\/wp\/v2\/product_cat?post=499942"},{"taxonomy":"product_tag","embeddable":true,"href":"https:\/\/transparentgift.com\/de\/wp-json\/wp\/v2\/product_tag?post=499942"}],"curies":[{"name":"wp","href":"https:\/\/api.w.org\/{rel}","templated":true}]}}