{"id":499943,"date":"2026-05-05T11:05:36","date_gmt":"2026-05-05T09:05:36","guid":{"rendered":"https:\/\/transparentgift.com\/de\/?post_type=product&#038;p=499943"},"modified":"2026-05-12T13:08:39","modified_gmt":"2026-05-12T11:08:39","slug":"kinderlampe-mond-in-farbe-mit-personalisiertem-namen","status":"publish","type":"product","link":"https:\/\/transparentgift.com\/de\/kinderlampe-mond-in-farbe-mit-personalisiertem-namen\/","title":{"rendered":"Kinderlampe Mond in Farbe mit personalisiertem Namen"},"content":{"rendered":"<p>Mit dieser <strong>Nachtlichtlampe mit farbigem Monddesign<\/strong> kannst du dem Zimmer des kleinsten Familienmitglieds eine originelle und einzigartige Note verleihen. Sie ist das originellste Geschenk f\u00fcr <strong>den Geburtstag, Weihnachten, den Schulanfang<\/strong> oder jede andere Feier, die es verdient. Sie ist auch ein tolles Detail f\u00fcr <strong>Taufen oder Geburten<\/strong>. Wie auch immer \u2013 die Freude ist garantiert!<\/p>\n<p>Du kannst sie ganz einfach personalisieren, indem du <strong>den Namen<\/strong> des Jungen oder M\u00e4dchens an der angegebenen Stelle hinzuf\u00fcgst, der dann in die Wolke eingraviert wird, auf der der farbige Mond und die Sterne ruhen. Das Kind wird das Gef\u00fchl haben, dass die Lampe ausschlie\u00dflich ihm oder ihr gewidmet ist.<\/p>\n<p>Das sanfte Licht, das sie ausstrahlt, ist perfekt, um dem <strong>Kinderzimmer eine pers\u00f6nliche Note<\/strong> zu verleihen. Man kann sie auf den <strong>Nachttisch<\/strong>, den <strong>Schreibtisch<\/strong> oder ein <strong>Regal<\/strong> stellen. Au\u00dferdem hilft sie den Kleinen dank ihres Nachtlichts beim <strong>Einschlafen<\/strong>, wodurch sie zu einer echten Nachtlichtlampe wird. Das Licht l\u00e4sst sich ganz einfach \u00fcber den <strong>Ein-\/Ausschalter<\/strong> bedienen.<\/p>\n<p>Die Platte der Lampe ist aus <strong>hochwertigem Methacrylat<\/strong> gefertigt, was ihr Widerstandsf\u00e4higkeit und Langlebigkeit verleiht. Der <strong>Sockel<\/strong>, auf dem sie steht, ist aus <strong>Holz<\/strong> gefertigt, und gegen einen kleinen Aufpreis kannst du eine <strong>zus\u00e4tzliche Botschaft<\/strong> eingravieren lassen.<\/p>\n<p>Verpasse nicht das beste Geschenk, um die Kleinsten gl\u00fccklich zu machen. Personalisiere die Lampe nach ihrem Geschmack und lass das angenehme Licht und das auff\u00e4llige kindliche Design ihre N\u00e4chte viel sch\u00f6ner machen. Sie werden ihre neue Lampe lieben!<\/p>\n<p><strong>Eigenschaften:<\/strong><\/p>\n<ul>\n<li>Gr\u00f6\u00dfe: 18 \u00d7 14,5 x 4,5 cm<\/li>\n<li>Material:\n<ul>\n<li>Platte: hochwertiges Methacrylat.<\/li>\n<li>Sockel: hochwertiges Holz.<\/li>\n<\/ul>\n<\/li>\n<li>Enth\u00e4lt: RGB-LED-Licht, USB-Kabel, Verpackung mit Geschenkbox.<\/li>\n<li>Pflege: l\u00e4sst sich ganz einfach mit dem mitgelieferten Tuch reinigen.<\/li>\n<\/ul>\n","protected":false},"excerpt":{"rendered":"<p>Mit dieser Nachtlichtlampe mit farbigem Monddesign kannst du dem Zimmer des kleinsten Familienmitgli [&#8230;]<\/p>\n","protected":false},"featured_media":500619,"comment_status":"open","ping_status":"closed","template":"","meta":{"_acf_changed":false},"product_brand":[],"product_cat":[1781,1782],"product_tag":[1783,1784],"class_list":{"0":"post-499943","1":"product","2":"type-product","3":"status-publish","4":"has-post-thumbnail","6":"product_cat-personalisierte-lampen","7":"product_cat-personalisierte-nachtlichter-fuer-kinder","8":"product_tag-babys","9":"product_tag-kinder","11":"first","12":"instock","13":"sale","14":"taxable","15":"shipping-taxable","16":"purchasable","17":"product-type-simple"},"acf":[],"df_price":20.99,"df_sale_price":20.99,"df_regular_price":34.99,"df_image_link":"https:\/\/transparentgift.com\/de\/wp-content\/uploads\/2026\/05\/AL_1-4-300x300.jpg","_links":{"self":[{"href":"https:\/\/transparentgift.com\/de\/wp-json\/wp\/v2\/product\/499943","targetHints":{"allow":["GET"]}}],"collection":[{"href":"https:\/\/transparentgift.com\/de\/wp-json\/wp\/v2\/product"}],"about":[{"href":"https:\/\/transparentgift.com\/de\/wp-json\/wp\/v2\/types\/product"}],"replies":[{"embeddable":true,"href":"https:\/\/transparentgift.com\/de\/wp-json\/wp\/v2\/comments?post=499943"}],"wp:featuredmedia":[{"embeddable":true,"href":"https:\/\/transparentgift.com\/de\/wp-json\/wp\/v2\/media\/500619"}],"wp:attachment":[{"href":"https:\/\/transparentgift.com\/de\/wp-json\/wp\/v2\/media?parent=499943"}],"wp:term":[{"taxonomy":"product_brand","embeddable":true,"href":"https:\/\/transparentgift.com\/de\/wp-json\/wp\/v2\/product_brand?post=499943"},{"taxonomy":"product_cat","embeddable":true,"href":"https:\/\/transparentgift.com\/de\/wp-json\/wp\/v2\/product_cat?post=499943"},{"taxonomy":"product_tag","embeddable":true,"href":"https:\/\/transparentgift.com\/de\/wp-json\/wp\/v2\/product_tag?post=499943"}],"curies":[{"name":"wp","href":"https:\/\/api.w.org\/{rel}","templated":true}]}}