{"id":499945,"date":"2026-05-05T11:05:36","date_gmt":"2026-05-05T09:05:36","guid":{"rendered":"https:\/\/transparentgift.com\/de\/?post_type=product&#038;p=499945"},"modified":"2026-05-12T13:08:43","modified_gmt":"2026-05-12T11:08:43","slug":"personalisierte-tasse-bunte-haende-mit-namen-und-text","status":"publish","type":"product","link":"https:\/\/transparentgift.com\/de\/personalisierte-tasse-bunte-haende-mit-namen-und-text\/","title":{"rendered":"Personalisierte Tasse Bunte H\u00e4nde mit Namen und Text"},"content":{"rendered":"<p>\u00dcberrasche deine Lehrkraft mit der originellsten <strong>personalisierten Tasse<\/strong>, die du verschenken kannst. Dieses Modell hat ein Design, dem du die gew\u00fcnschten Namen und Texte hinzuf\u00fcgen kannst. Da es sich um eine personalisierbare Tasse handelt, wird jedes Modell einzigartig sein. So kann sie oder er jeden Tag Kaffee mit der sch\u00f6nsten Erinnerung trinken! Sie ist das beste <strong>Geschenk f\u00fcr deinen Lehrer oder deine Lehrerin<\/strong> bei einer <strong>Abschlussfeier<\/strong>, einem <strong>Schuljahresabschlussfest<\/strong> oder auch bei anderen Anl\u00e4ssen wie Geburtstag oder Weihnachten.<\/p>\n<p>Wie personalisiert man sie? Ganz einfach! Du musst nur <strong>einen bedeutungsvollen Text<\/strong>, einen Namen oder den Jahrgang dieses Schuljahres schreiben. Au\u00dferdem kannst du <strong>bis zu 25 Namen der Sch\u00fclerinnen und Sch\u00fcler<\/strong> auf den <strong>bunt bemalten Handabdr\u00fccken<\/strong> hinzuf\u00fcgen. Alles wird auf die Tasse gedruckt und sorgt f\u00fcr das beste Design. Man wird keine andere Tasse mehr benutzen wollen! Dieses originelle Geschenk ist eine der besten Ideen, um dem <strong>Fr\u00fchst\u00fcck<\/strong> oder <strong>Nachmittagskaffee<\/strong> mit einem guten <strong>Kaffee<\/strong> oder <strong>Tee<\/strong> den letzten Schliff zu geben.<\/p>\n<p>Sie ist aus <strong>hochwertiger Keramik<\/strong> gefertigt und mikrowellen- sowie sp\u00fclmaschinengeeignet. <strong>Sie hat einen Henkel<\/strong>, damit man sie sicher halten kann. Au\u00dferdem kannst du <strong>die Tasse gegen einen Aufpreis von 6 Euro mit Kinder-Schokolade f\u00fcllen<\/strong>. Du musst diese Option nur bei der Personalisierung ausw\u00e4hlen.<\/p>\n<p>Lass dir eines der besten originellen Geschenke nicht entgehen. Sie ist ideal, um dieser besonderen Person deine Zuneigung zu zeigen, die dich auf dieser <strong>schulischen Reise<\/strong> begleitet hat. Du wirst sie oder ihn zum gl\u00fccklichsten Menschen der Welt machen!<\/p>\n<p><strong>Eigenschaften:<\/strong><\/p>\n<ul>\n<li>Gr\u00f6\u00dfe: 9,5 x 8 cm<\/li>\n<li>Material: Keramik.<\/li>\n<li>Fassungsverm\u00f6gen: 333 ml<\/li>\n<li>Pflege: mikrowellen- und sp\u00fclmaschinengeeignet.<\/li>\n<li>Extras: Beutel mit Kinder.<\/li>\n<\/ul>\n","protected":false},"excerpt":{"rendered":"<p>\u00dcberrasche deine Lehrkraft mit der originellsten personalisierten Tasse, die du verschenken kannst. [&#8230;]<\/p>\n","protected":false},"featured_media":500653,"comment_status":"open","ping_status":"closed","template":"","meta":{"_acf_changed":false},"product_brand":[],"product_cat":[1910],"product_tag":[1802],"class_list":{"0":"post-499945","1":"product","2":"type-product","3":"status-publish","4":"has-post-thumbnail","6":"product_cat-personalisierte-tassen","7":"product_tag-lehrer","9":"first","10":"instock","11":"taxable","12":"shipping-taxable","13":"purchasable","14":"product-type-simple"},"acf":[],"df_price":10.99,"df_sale_price":"","df_regular_price":10.99,"df_image_link":"https:\/\/transparentgift.com\/de\/wp-content\/uploads\/2026\/05\/Taza_manos_1-1-300x300.jpg","_links":{"self":[{"href":"https:\/\/transparentgift.com\/de\/wp-json\/wp\/v2\/product\/499945","targetHints":{"allow":["GET"]}}],"collection":[{"href":"https:\/\/transparentgift.com\/de\/wp-json\/wp\/v2\/product"}],"about":[{"href":"https:\/\/transparentgift.com\/de\/wp-json\/wp\/v2\/types\/product"}],"replies":[{"embeddable":true,"href":"https:\/\/transparentgift.com\/de\/wp-json\/wp\/v2\/comments?post=499945"}],"wp:featuredmedia":[{"embeddable":true,"href":"https:\/\/transparentgift.com\/de\/wp-json\/wp\/v2\/media\/500653"}],"wp:attachment":[{"href":"https:\/\/transparentgift.com\/de\/wp-json\/wp\/v2\/media?parent=499945"}],"wp:term":[{"taxonomy":"product_brand","embeddable":true,"href":"https:\/\/transparentgift.com\/de\/wp-json\/wp\/v2\/product_brand?post=499945"},{"taxonomy":"product_cat","embeddable":true,"href":"https:\/\/transparentgift.com\/de\/wp-json\/wp\/v2\/product_cat?post=499945"},{"taxonomy":"product_tag","embeddable":true,"href":"https:\/\/transparentgift.com\/de\/wp-json\/wp\/v2\/product_tag?post=499945"}],"curies":[{"name":"wp","href":"https:\/\/api.w.org\/{rel}","templated":true}]}}