{"id":499946,"date":"2026-05-05T11:05:36","date_gmt":"2026-05-05T09:05:36","guid":{"rendered":"https:\/\/transparentgift.com\/de\/?post_type=product&#038;p=499946"},"modified":"2026-05-12T13:08:45","modified_gmt":"2026-05-12T11:08:45","slug":"personalisierte-suessigkeitenbox-mit-schuelerfotos-und-text","status":"publish","type":"product","link":"https:\/\/transparentgift.com\/de\/personalisierte-suessigkeitenbox-mit-schuelerfotos-und-text\/","title":{"rendered":"Personalisierte S\u00fc\u00dfigkeitenbox mit Sch\u00fclerfotos und Text"},"content":{"rendered":"<p><strong>\u00dcberrasche mit einer personalisierten S\u00fc\u00dfigkeitenbox mit Sch\u00fclerfotos und Text<\/strong>. Ein einzigartiges und unvergessliches Geschenk, das S\u00fc\u00dfe und Personalisierung vereint.<\/p>\n<p>Diese S\u00fc\u00dfigkeitenbox ist ein besonderes Detail, das du mit Fotos und Botschaften personalisieren kannst, wodurch ein einzigartiges und emotionales Design entsteht. Perfekt, um Dankbarkeit und Zuneigung auszudr\u00fccken.<\/p>\n<p>Ideal f\u00fcr Lehrerinnen und Lehrer zu Anl\u00e4ssen wie Schuljahresende, Geburtstagen oder Weihnachten. Sie ist auch ein originelles Geschenk f\u00fcr jeden Anlass, der eine s\u00fc\u00dfe und pers\u00f6nliche Note verdient.<\/p>\n<h4><strong>Eigenschaften:<\/strong><\/h4>\n<ul>\n<li>Gr\u00f6\u00dfe: 28 x 18,5 x 2,5 cm<\/li>\n<li>Material: hochwertiger Karton.<\/li>\n<li>Inhalt: mehrfarbige Fruchtgummis oder Fruchtgummis in Herzform.<\/li>\n<\/ul>\n<p><strong>BOX MIT FRUCHTGUMMIS IN HERZFORM<\/strong><\/p>\n<p><strong>Zutaten:<\/strong><br \/>\nGlukosesirup, Zucker, Wasser, Gelatine, Feuchthaltemittel: E420, S\u00e4uerungsmittel: E330, E270, Aromen, S\u00e4ureregulator: E325, Farbstoffe: E129.<\/p>\n<table style=\"border-collapse: collapse;width: 100%;max-width: 400px\" border=\"1\">\n<thead>\n<tr>\n<th style=\"padding: 6px\">N\u00e4hrstoff<\/th>\n<th style=\"padding: 6px\">Pro 100 g Mischung<\/th>\n<\/tr>\n<\/thead>\n<tbody>\n<tr>\n<td style=\"padding: 6px\">Energiewert<\/td>\n<td style=\"padding: 6px\">1.459 kJ \/ 345 kcal<\/td>\n<\/tr>\n<tr>\n<td style=\"padding: 6px\">Fett<\/td>\n<td style=\"padding: 6px\">0,2 g<\/td>\n<\/tr>\n<tr>\n<td style=\"padding: 6px\">\u2014 davon ges\u00e4ttigte Fetts\u00e4uren<\/td>\n<td style=\"padding: 6px\">0,1 g<\/td>\n<\/tr>\n<tr>\n<td style=\"padding: 6px\">Kohlenhydrate<\/td>\n<td style=\"padding: 6px\">79,5 g<\/td>\n<\/tr>\n<tr>\n<td style=\"padding: 6px\">\u2014 davon Zucker<\/td>\n<td style=\"padding: 6px\">49,4 g<\/td>\n<\/tr>\n<tr>\n<td style=\"padding: 6px\">Eiwei\u00df<\/td>\n<td style=\"padding: 6px\">4,5 g<\/td>\n<\/tr>\n<tr>\n<td style=\"padding: 6px\">Salz<\/td>\n<td style=\"padding: 6px\">0,02 g<\/td>\n<\/tr>\n<\/tbody>\n<\/table>\n<div style=\"font-family: sans-serif;line-height: 1.6;max-width: 600px\">\n<p><strong>BOX MIT MEHRFARBIGEN FRUCHTGUMMIS<\/strong><\/p>\n<p><strong>Zutaten:<\/strong><br \/>\nGlukosesirup, Zucker, Wasser, Gelatine, Feuchthaltemittel: E420, S\u00e4uerungsmittel: E330, E270, Geliermittel: Pektin, Aromen, S\u00e4ureregulator: E325, Farbstoffe: E129<\/p>\n<table style=\"border-collapse: collapse;width: 100%\" border=\"1\">\n<thead>\n<tr>\n<th style=\"padding: 6px;text-align: left\">N\u00e4hrstoff<\/th>\n<th style=\"padding: 6px;text-align: left\">Wert pro 100 g<\/th>\n<\/tr>\n<\/thead>\n<tbody>\n<tr>\n<td style=\"padding: 6px\">Energiewert<\/td>\n<td style=\"padding: 6px\">1.441 kJ \/ 344 kcal<\/td>\n<\/tr>\n<tr>\n<td style=\"padding: 6px\">Fett<\/td>\n<td style=\"padding: 6px\">0,2 g<\/td>\n<\/tr>\n<tr>\n<td style=\"padding: 6px\">\u2014 davon ges\u00e4ttigte Fetts\u00e4uren<\/td>\n<td style=\"padding: 6px\">0,1 g<\/td>\n<\/tr>\n<tr>\n<td style=\"padding: 6px\">Kohlenhydrate<\/td>\n<td style=\"padding: 6px\">80,2 g<\/td>\n<\/tr>\n<tr>\n<td style=\"padding: 6px\">\u2014 davon Zucker<\/td>\n<td style=\"padding: 6px\">49,7 g<\/td>\n<\/tr>\n<tr>\n<td style=\"padding: 6px\">Eiwei\u00df<\/td>\n<td style=\"padding: 6px\">3,8 g<\/td>\n<\/tr>\n<tr>\n<td style=\"padding: 6px\">Salz<\/td>\n<td style=\"padding: 6px\">0,02 g<\/td>\n<\/tr>\n<\/tbody>\n<\/table>\n<\/div>\n<div style=\"font-family: sans-serif;line-height: 1.6;max-width: 700px\">\n<p><strong>BOX MIT KINDER-SCHOKOLADEN<\/strong><\/p>\n<p><strong>Schoko-Bons:<\/strong> Extra-feine Milchschokolade 50% (Zucker, Vollmilchpulver, Kakaobutter, Kakaomasse, Emulgatoren: Lecithine (Soja), Aromen), Zucker. Magermilchpulver, Palmfett, Haseln\u00fcsse (5,8%), Butterreinfett, Zartbitterschokolade (Zucker, Kakaomasse, Kakaobutter, Emulgatoren: Lecithine (Soja); Aromen), \u00dcberzugsmittel (Gummi arabicum, Schellack), Glukosesirup, Emulgatoren: Lecithine (Soja), Aromen.<br \/>\n<em>Vom Gesamtanteil: Milchprodukte: 28%, Kakao: 16,5%.<\/em><\/p>\n<p><strong>Kinder Bueno:<\/strong> Milchschokolade 31% (Zucker, Kakaobutter, Kakaomasse, Magermilchpulver, Butterreinfett, Emulgatoren: Lecithine (Soja); Vanille), Zucker, Palmfett, Weizenmehl, Haseln\u00fcsse 10,8%, Magermilchpulver, Vollmilchpulver, Zartbitterschokolade (Zucker, Kakaomasse, Kakaobutter, Emulgatoren: Lecithine (Soja); Vanille), stark ent\u00f6ltes Kakaopulver, Emulgatoren: Lecithine (Soja); Backtriebmittel (Natriumhydrogencarbonat), Salz, Vanille.<br \/>\n<em>Vom Gesamtanteil: Milchprodukte 19%<\/em><\/p>\n<p><strong>Mini Kinder Chocolate:<\/strong><br \/>\nExtra-feine MILCHschokolade 40% (Zucker, VOLLMILCHpulver, Kakaobutter, Kakaomasse, Emulgatoren: Lecithine (SOJA), Vanillin), Zucker, MAGERMILCHpulver, Palmfett, BUTTERreinfett, Emulgatoren: Lecithine (SOJA), Vanillin.<br \/>\n<em>Vom Gesamtanteil: Milchprodukte 33% (Magermilchpulver, Vollmilchpulver: 27,5%, Butterreinfett 5,5%) &#8211; Kakao 13%.<\/em><\/p>\n<p><strong>GLUTENFREI<\/strong><\/p>\n<table style=\"border-collapse: collapse;width: 100%\" border=\"1\">\n<thead>\n<tr>\n<th style=\"padding: 6px;text-align: left\">N\u00e4hrstoff<\/th>\n<th style=\"padding: 6px;text-align: left\">Wert pro 100 g<\/th>\n<\/tr>\n<\/thead>\n<tbody>\n<tr>\n<td style=\"padding: 6px\">Energiewert<\/td>\n<td style=\"padding: 6px\">2.367 kJ \/ 566 kcal<\/td>\n<\/tr>\n<tr>\n<td style=\"padding: 6px\">Fett<\/td>\n<td style=\"padding: 6px\">35,1 g<\/td>\n<\/tr>\n<tr>\n<td style=\"padding: 6px\">\u2014 davon ges\u00e4ttigte Fetts\u00e4uren<\/td>\n<td style=\"padding: 6px\">21,6 g<\/td>\n<\/tr>\n<tr>\n<td style=\"padding: 6px\">Kohlenhydrate<\/td>\n<td style=\"padding: 6px\">51,6 g<\/td>\n<\/tr>\n<tr>\n<td style=\"padding: 6px\">\u2014 davon Zucker<\/td>\n<td style=\"padding: 6px\">51,7 g<\/td>\n<\/tr>\n<tr>\n<td style=\"padding: 6px\">Eiwei\u00df<\/td>\n<td style=\"padding: 6px\">7,8 g<\/td>\n<\/tr>\n<tr>\n<td style=\"padding: 6px\">Salz<\/td>\n<td style=\"padding: 6px\">0,2 g<\/td>\n<\/tr>\n<\/tbody>\n<\/table>\n<\/div>\n<div style=\"font-family: sans-serif;line-height: 1.6;max-width: 700px\">\n<p><strong>BOX MIT HERZ-SCHOKOLADEN<\/strong><\/p>\n<p><strong>Zutaten:<\/strong><br \/>\nZucker, Kakaobutter, pflanzliche \u00d6le und Fette (Palme, Palmkern und Soja in unterschiedlichen Verh\u00e4ltnissen), Molke, Kakaomasse, Vollmilchpulver, Haselnuss 3%, Milchfett, stark ent\u00f6ltes Kakaopulver, Emulgator E-322 (Sojalecithin), nat\u00fcrliches Haselnuss- und Vanillearoma.<br \/>\nKann Spuren von anderen Schalenfr\u00fcchten und Erdn\u00fcssen enthalten. GLUTENFREI.<br \/>\nKakao mind. &#8211; Milchschokolade: 35%<\/p>\n<table style=\"border-collapse: collapse;width: 100%\" border=\"1\">\n<thead>\n<tr>\n<th style=\"padding: 6px;text-align: left\">N\u00e4hrstoff<\/th>\n<th style=\"padding: 6px;text-align: left\">Wert pro 100 g<\/th>\n<\/tr>\n<\/thead>\n<tbody>\n<tr>\n<td style=\"padding: 6px\">Energiewert<\/td>\n<td style=\"padding: 6px\">2.344 kJ \/ 562 kcal<\/td>\n<\/tr>\n<tr>\n<td style=\"padding: 6px\">Fett<\/td>\n<td style=\"padding: 6px\">35 g<\/td>\n<\/tr>\n<tr>\n<td style=\"padding: 6px\">\u2014 davon ges\u00e4ttigte Fetts\u00e4uren<\/td>\n<td style=\"padding: 6px\">21,8 g<\/td>\n<\/tr>\n<tr>\n<td style=\"padding: 6px\">Kohlenhydrate<\/td>\n<td style=\"padding: 6px\">51,1 g<\/td>\n<\/tr>\n<tr>\n<td style=\"padding: 6px\">\u2014 davon Zucker<\/td>\n<td style=\"padding: 6px\">54,5 g<\/td>\n<\/tr>\n<tr>\n<td style=\"padding: 6px\">Eiwei\u00df<\/td>\n<td style=\"padding: 6px\">5,4 g<\/td>\n<\/tr>\n<tr>\n<td style=\"padding: 6px\">Salz<\/td>\n<td style=\"padding: 6px\">0,17 g<\/td>\n<\/tr>\n<\/tbody>\n<\/table>\n<hr style=\"margin: 30px 0\" \/>\n<\/div>\n","protected":false},"excerpt":{"rendered":"<p>\u00dcberrasche mit einer personalisierten S\u00fc\u00dfigkeitenbox mit Sch\u00fclerfotos und Text. Ein einzigartige [&#8230;]<\/p>\n","protected":false},"featured_media":500595,"comment_status":"closed","ping_status":"closed","template":"","meta":{"_acf_changed":false},"product_brand":[],"product_cat":[1818],"product_tag":[1802],"class_list":{"0":"post-499946","1":"product","2":"type-product","3":"status-publish","4":"has-post-thumbnail","6":"product_cat-personalisierte-suessigkeiten-und-pralinen","7":"product_tag-lehrer","9":"first","10":"instock","11":"taxable","12":"shipping-taxable","13":"purchasable","14":"product-type-simple"},"acf":[],"df_price":24.99,"df_sale_price":"","df_regular_price":24.99,"df_image_link":"https:\/\/transparentgift.com\/de\/wp-content\/uploads\/2026\/05\/CajaDulces_Fotos_1_PORTADA-300x300.jpg","_links":{"self":[{"href":"https:\/\/transparentgift.com\/de\/wp-json\/wp\/v2\/product\/499946","targetHints":{"allow":["GET"]}}],"collection":[{"href":"https:\/\/transparentgift.com\/de\/wp-json\/wp\/v2\/product"}],"about":[{"href":"https:\/\/transparentgift.com\/de\/wp-json\/wp\/v2\/types\/product"}],"replies":[{"embeddable":true,"href":"https:\/\/transparentgift.com\/de\/wp-json\/wp\/v2\/comments?post=499946"}],"wp:featuredmedia":[{"embeddable":true,"href":"https:\/\/transparentgift.com\/de\/wp-json\/wp\/v2\/media\/500595"}],"wp:attachment":[{"href":"https:\/\/transparentgift.com\/de\/wp-json\/wp\/v2\/media?parent=499946"}],"wp:term":[{"taxonomy":"product_brand","embeddable":true,"href":"https:\/\/transparentgift.com\/de\/wp-json\/wp\/v2\/product_brand?post=499946"},{"taxonomy":"product_cat","embeddable":true,"href":"https:\/\/transparentgift.com\/de\/wp-json\/wp\/v2\/product_cat?post=499946"},{"taxonomy":"product_tag","embeddable":true,"href":"https:\/\/transparentgift.com\/de\/wp-json\/wp\/v2\/product_tag?post=499946"}],"curies":[{"name":"wp","href":"https:\/\/api.w.org\/{rel}","templated":true}]}}