{"id":499948,"date":"2026-05-05T11:05:36","date_gmt":"2026-05-05T09:05:36","guid":{"rendered":"https:\/\/transparentgift.com\/de\/?post_type=product&#038;p=499948"},"modified":"2026-05-12T13:08:48","modified_gmt":"2026-05-12T11:08:48","slug":"notizblock-bunte-haende-mit-namen-und-personalisiertem-text","status":"publish","type":"product","link":"https:\/\/transparentgift.com\/de\/notizblock-bunte-haende-mit-namen-und-personalisiertem-text\/","title":{"rendered":"Notizblock Bunte H\u00e4nde mit Namen und personalisiertem Text"},"content":{"rendered":"<p>Mache eines der besten <strong>Geschenke f\u00fcr Lehrkr\u00e4fte<\/strong> mit diesem <strong>personalisierten Notizblock<\/strong> mit den Namen und dem Text deiner Wahl. Er ist eines der besten originellen Geschenke zum <strong>Schuljahresende<\/strong>, zu einem <strong>Geburtstag<\/strong> oder sogar zu <strong>Weihnachten<\/strong>. Es wird ein super n\u00fctzliches Geschenk mit einem einzigartigen Design sein!<\/p>\n<p>Dieses Notizbuch ist vollst\u00e4ndig personalisierbar. Du musst nur <strong>einen bedeutungsvollen Text, einen Namen oder den Jahrgang dieses Schuljahres schreiben<\/strong>. Au\u00dferdem kannst du <strong>bis zu 25 Namen der Sch\u00fclerinnen und Sch\u00fcler<\/strong> auf die <strong>bunt bemalten Handabdr\u00fccke<\/strong> hinzuf\u00fcgen. Alles wird aufgedruckt, schm\u00fcckt den Block und sorgt f\u00fcr das beste Design. Man wird kein anderes Notizbuch mehr benutzen wollen! Mit diesem besonders personalisierten Geschenk hat deine Lehrkraft das perfekte Hilfsmittel, um <strong>ihre Aufgaben zu notieren<\/strong> und schnelle Notizen festzuhalten. Er hat die ideale Gr\u00f6\u00dfe, um <strong>in der Tasche, in einer Handtasche oder in einer Aktentasche<\/strong> aufbewahrt und \u00fcberallhin mitgenommen zu werden. Au\u00dferdem ist er sehr praktisch, um an jedem Ort schreiben zu k\u00f6nnen.<\/p>\n<p>Der Notizblock ist aus <strong>hochwertigen Materialien<\/strong> gefertigt, die ihm Widerstandsf\u00e4higkeit und Langlebigkeit verleihen. Im Inneren <strong>enth\u00e4lt er 100 Blatt Papier<\/strong> und der gesamte Inhalt kann dank eines mitgelieferten <strong>Gummibands<\/strong> sicher verschlossen werden.<\/p>\n<p>Verpasse nicht eines der originellsten und praktischsten <strong>Geschenke f\u00fcr Lehrkr\u00e4fte<\/strong>. Er ist ideal, um Lehrerinnen im Kindergarten oder in der Grundschule bei jeder Feier deine Zuneigung zu zeigen. Du wirst sie zu den gl\u00fccklichsten Menschen der Welt machen!<\/p>\n<p><strong>Eigenschaften:<\/strong><\/p>\n<ul>\n<li>Gr\u00f6\u00dfe: 21 x 14,5 cm<\/li>\n<li>Material: harte Einb\u00e4nde aus RPET 600D.<\/li>\n<li>Enth\u00e4lt: 100 linierte Bl\u00e4tter. Gummiband und Lesezeichen.<\/li>\n<\/ul>\n","protected":false},"excerpt":{"rendered":"<p>Mache eines der besten Geschenke f\u00fcr Lehrkr\u00e4fte mit diesem personalisierten Notizblock mit den Nam [&#8230;]<\/p>\n","protected":false},"featured_media":500622,"comment_status":"open","ping_status":"closed","template":"","meta":{"_acf_changed":false},"product_brand":[],"product_cat":[1789],"product_tag":[1802],"class_list":{"0":"post-499948","1":"product","2":"type-product","3":"status-publish","4":"has-post-thumbnail","6":"product_cat-originelle-produkte","7":"product_tag-lehrer","9":"first","10":"instock","11":"taxable","12":"shipping-taxable","13":"purchasable","14":"product-type-simple"},"acf":[],"df_price":20.99,"df_sale_price":"","df_regular_price":20.99,"df_image_link":"https:\/\/transparentgift.com\/de\/wp-content\/uploads\/2026\/05\/Bloc-notas_Manos_1_Portada-300x300.jpg","_links":{"self":[{"href":"https:\/\/transparentgift.com\/de\/wp-json\/wp\/v2\/product\/499948","targetHints":{"allow":["GET"]}}],"collection":[{"href":"https:\/\/transparentgift.com\/de\/wp-json\/wp\/v2\/product"}],"about":[{"href":"https:\/\/transparentgift.com\/de\/wp-json\/wp\/v2\/types\/product"}],"replies":[{"embeddable":true,"href":"https:\/\/transparentgift.com\/de\/wp-json\/wp\/v2\/comments?post=499948"}],"wp:featuredmedia":[{"embeddable":true,"href":"https:\/\/transparentgift.com\/de\/wp-json\/wp\/v2\/media\/500622"}],"wp:attachment":[{"href":"https:\/\/transparentgift.com\/de\/wp-json\/wp\/v2\/media?parent=499948"}],"wp:term":[{"taxonomy":"product_brand","embeddable":true,"href":"https:\/\/transparentgift.com\/de\/wp-json\/wp\/v2\/product_brand?post=499948"},{"taxonomy":"product_cat","embeddable":true,"href":"https:\/\/transparentgift.com\/de\/wp-json\/wp\/v2\/product_cat?post=499948"},{"taxonomy":"product_tag","embeddable":true,"href":"https:\/\/transparentgift.com\/de\/wp-json\/wp\/v2\/product_tag?post=499948"}],"curies":[{"name":"wp","href":"https:\/\/api.w.org\/{rel}","templated":true}]}}