{"id":499955,"date":"2026-05-05T11:05:36","date_gmt":"2026-05-05T09:05:36","guid":{"rendered":"https:\/\/transparentgift.com\/de\/?post_type=product&#038;p=499955"},"modified":"2026-05-12T13:09:00","modified_gmt":"2026-05-12T11:09:00","slug":"suessigkeitenbox-herzen-mit-figuerchen-namen-und-personalisiertem-text","status":"publish","type":"product","link":"https:\/\/transparentgift.com\/de\/suessigkeitenbox-herzen-mit-figuerchen-namen-und-personalisiertem-text\/","title":{"rendered":"S\u00fc\u00dfigkeitenbox Herzen mit Fig\u00fcrchen, Namen und personalisiertem Text"},"content":{"rendered":"<p><strong>Ein s\u00fc\u00dfes und personalisiertes Geschenk, das direkt ins Herz trifft<\/strong>. Diese S\u00fc\u00dfigkeitenbox mit Herzdesign und Fig\u00fcrchen mit Namen ist das perfekte Detail f\u00fcr besondere Lehrkr\u00e4fte.<\/p>\n<p>Voller Farbe, Zuneigung und Geschmack enth\u00e4lt diese Box k\u00f6stliche Fruchtgummis und einen personalisierbaren Deckel mit den Namen der Sch\u00fcler und dem Namen der Lehrkraft, alles eingerahmt in ein gro\u00dfes illustriertes Herz. Ein liebevolles Design, das ber\u00fchrt und in Erinnerung bleibt.<\/p>\n<p>Ideal als Geschenk zum Schuljahresende f\u00fcr Lehrerinnen und Lehrer im Kindergarten und in der Grundschule. In zwei Gr\u00f6\u00dfen erh\u00e4ltlich, ist sie eine kreative und originelle Art, mit etwas S\u00fc\u00dfem f\u00fcr alles zu danken, was im Laufe des Jahres erlebt wurde. Perfekt, um mit einer emotionalen Botschaft und einem fr\u00f6hlichen Design zu \u00fcberraschen.<\/p>\n<h4><strong>Eigenschaften:<\/strong><\/h4>\n<ul>\n<li>Verf\u00fcgbare Gr\u00f6\u00dfen: \u00a0\u00a0\u2013 Gro\u00dfe Box: 28 x 18,5 x 2,5 cm \u00a0\u00a0\u2013 Kleine Box: 15 x 15 x 2,5 cm<\/li>\n<li>Inhalt: \u00a0\u00a0\u2013 Gro\u00dfe Box: Mehrfarbige Fruchtgummis und Herzen \u00a0\u00a0\u2013 Kleine Box: Gemischte Fruchtgummis<\/li>\n<li>Material: hochwertiger Karton<\/li>\n<li>Personalisierung: mit dem Namen der Lehrkraft und Fig\u00fcrchen mit den Namen der Sch\u00fcler<\/li>\n<li>\u00c4u\u00dferes Design in Herzform mit kindlichen Illustrationen<\/li>\n<\/ul>\n<p><strong>BOX MIT FRUCHTGUMMIS IN HERZFORM<\/strong><\/p>\n<p><strong>Zutaten:<\/strong><br \/>\nGlukosesirup, Zucker, Wasser, Gelatine, Feuchthaltemittel: E420, S\u00e4uerungsmittel: E330, E270, Aromen, S\u00e4ureregulator: E325, Farbstoffe: E129.<\/p>\n<table style=\"border-collapse: collapse;width: 100%;max-width: 400px\" border=\"1\">\n<thead>\n<tr>\n<th style=\"padding: 6px\">N\u00e4hrstoff<\/th>\n<th style=\"padding: 6px\">Pro 100 g Mischung<\/th>\n<\/tr>\n<\/thead>\n<tbody>\n<tr>\n<td style=\"padding: 6px\">Energiewert<\/td>\n<td style=\"padding: 6px\">1.459 kJ \/ 345 kcal<\/td>\n<\/tr>\n<tr>\n<td style=\"padding: 6px\">Fett<\/td>\n<td style=\"padding: 6px\">0,2 g<\/td>\n<\/tr>\n<tr>\n<td style=\"padding: 6px\">\u2014 davon ges\u00e4ttigte Fetts\u00e4uren<\/td>\n<td style=\"padding: 6px\">0,1 g<\/td>\n<\/tr>\n<tr>\n<td style=\"padding: 6px\">Kohlenhydrate<\/td>\n<td style=\"padding: 6px\">79,5 g<\/td>\n<\/tr>\n<tr>\n<td style=\"padding: 6px\">\u2014 davon Zucker<\/td>\n<td style=\"padding: 6px\">49,4 g<\/td>\n<\/tr>\n<tr>\n<td style=\"padding: 6px\">Eiwei\u00df<\/td>\n<td style=\"padding: 6px\">4,5 g<\/td>\n<\/tr>\n<tr>\n<td style=\"padding: 6px\">Salz<\/td>\n<td style=\"padding: 6px\">0,02 g<\/td>\n<\/tr>\n<\/tbody>\n<\/table>\n<div style=\"font-family: sans-serif;line-height: 1.6;max-width: 600px\">\n<p><strong>BOX MIT MEHRFARBIGEN FRUCHTGUMMIS<\/strong><\/p>\n<p><strong>Zutaten:<\/strong><br \/>\nGlukosesirup, Zucker, Wasser, Gelatine, Feuchthaltemittel: E420, S\u00e4uerungsmittel: E330, E270, Geliermittel: Pektin, Aromen, S\u00e4ureregulator: E325, Farbstoffe: E129<\/p>\n<table style=\"border-collapse: collapse;width: 100%\" border=\"1\">\n<thead>\n<tr>\n<th style=\"padding: 6px;text-align: left\">N\u00e4hrstoff<\/th>\n<th style=\"padding: 6px;text-align: left\">Wert pro 100 g<\/th>\n<\/tr>\n<\/thead>\n<tbody>\n<tr>\n<td style=\"padding: 6px\">Energiewert<\/td>\n<td style=\"padding: 6px\">1.441 kJ \/ 344 kcal<\/td>\n<\/tr>\n<tr>\n<td style=\"padding: 6px\">Fett<\/td>\n<td style=\"padding: 6px\">0,2 g<\/td>\n<\/tr>\n<tr>\n<td style=\"padding: 6px\">\u2014 davon ges\u00e4ttigte Fetts\u00e4uren<\/td>\n<td style=\"padding: 6px\">0,1 g<\/td>\n<\/tr>\n<tr>\n<td style=\"padding: 6px\">Kohlenhydrate<\/td>\n<td style=\"padding: 6px\">80,2 g<\/td>\n<\/tr>\n<tr>\n<td style=\"padding: 6px\">\u2014 davon Zucker<\/td>\n<td style=\"padding: 6px\">49,7 g<\/td>\n<\/tr>\n<tr>\n<td style=\"padding: 6px\">Eiwei\u00df<\/td>\n<td style=\"padding: 6px\">3,8 g<\/td>\n<\/tr>\n<tr>\n<td style=\"padding: 6px\">Salz<\/td>\n<td style=\"padding: 6px\">0,02 g<\/td>\n<\/tr>\n<\/tbody>\n<\/table>\n<\/div>\n<div style=\"font-family: sans-serif;line-height: 1.6;max-width: 700px\">\n<p><strong>BOX MIT KINDER-SCHOKOLADEN<\/strong><\/p>\n<p><strong>Schoko-Bons:<\/strong> Extra-feine Milchschokolade 50% (Zucker, Vollmilchpulver, Kakaobutter, Kakaomasse, Emulgatoren: Lecithine (Soja), Aromen), Zucker. Magermilchpulver, Palmfett, Haseln\u00fcsse (5,8%), Butterreinfett, Zartbitterschokolade (Zucker, Kakaomasse, Kakaobutter, Emulgatoren: Lecithine (Soja); Aromen), \u00dcberzugsmittel (Gummi arabicum, Schellack), Glukosesirup, Emulgatoren: Lecithine (Soja), Aromen.<br \/>\n<em>Vom Gesamtanteil: Milchprodukte: 28%, Kakao: 16,5%.<\/em><\/p>\n<p><strong>Kinder Bueno:<\/strong> Milchschokolade 31% (Zucker, Kakaobutter, Kakaomasse, Magermilchpulver, Butterreinfett, Emulgatoren: Lecithine (Soja); Vanille), Zucker, Palmfett, Weizenmehl, Haseln\u00fcsse 10,8%, Magermilchpulver, Vollmilchpulver, Zartbitterschokolade (Zucker, Kakaomasse, Kakaobutter, Emulgatoren: Lecithine (Soja); Vanille), stark ent\u00f6ltes Kakaopulver, Emulgatoren: Lecithine (Soja); Backtriebmittel (Natriumhydrogencarbonat), Salz, Vanille.<br \/>\n<em>Vom Gesamtanteil: Milchprodukte 19%<\/em><\/p>\n<p><strong>Mini Kinder Chocolate:<\/strong><br \/>\nExtra-feine MILCHschokolade 40% (Zucker, VOLLMILCHpulver, Kakaobutter, Kakaomasse, Emulgatoren: Lecithine (SOJA), Vanillin), Zucker, MAGERMILCHpulver, Palmfett, BUTTERreinfett, Emulgatoren: Lecithine (SOJA), Vanillin.<br \/>\n<em>Vom Gesamtanteil: Milchprodukte 33% (Magermilchpulver, Vollmilchpulver: 27,5%, Butterreinfett 5,5%) &#8211; Kakao 13%.<\/em><\/p>\n<p><strong>GLUTENFREI<\/strong><\/p>\n<table style=\"border-collapse: collapse;width: 100%\" border=\"1\">\n<thead>\n<tr>\n<th style=\"padding: 6px;text-align: left\">N\u00e4hrstoff<\/th>\n<th style=\"padding: 6px;text-align: left\">Wert pro 100 g<\/th>\n<\/tr>\n<\/thead>\n<tbody>\n<tr>\n<td style=\"padding: 6px\">Energiewert<\/td>\n<td style=\"padding: 6px\">2.367 kJ \/ 566 kcal<\/td>\n<\/tr>\n<tr>\n<td style=\"padding: 6px\">Fett<\/td>\n<td style=\"padding: 6px\">35,1 g<\/td>\n<\/tr>\n<tr>\n<td style=\"padding: 6px\">\u2014 davon ges\u00e4ttigte Fetts\u00e4uren<\/td>\n<td style=\"padding: 6px\">21,6 g<\/td>\n<\/tr>\n<tr>\n<td style=\"padding: 6px\">Kohlenhydrate<\/td>\n<td style=\"padding: 6px\">51,6 g<\/td>\n<\/tr>\n<tr>\n<td style=\"padding: 6px\">\u2014 davon Zucker<\/td>\n<td style=\"padding: 6px\">51,7 g<\/td>\n<\/tr>\n<tr>\n<td style=\"padding: 6px\">Eiwei\u00df<\/td>\n<td style=\"padding: 6px\">7,8 g<\/td>\n<\/tr>\n<tr>\n<td style=\"padding: 6px\">Salz<\/td>\n<td style=\"padding: 6px\">0,2 g<\/td>\n<\/tr>\n<\/tbody>\n<\/table>\n<\/div>\n<div style=\"font-family: sans-serif;line-height: 1.6;max-width: 700px\">\n<p><strong>BOX MIT HERZ-SCHOKOLADEN<\/strong><\/p>\n<p><strong>Zutaten:<\/strong><br \/>\nZucker, Kakaobutter, pflanzliche \u00d6le und Fette (Palme, Palmkern und Soja in unterschiedlichen Verh\u00e4ltnissen), Molke, Kakaomasse, Vollmilchpulver, Haselnuss 3%, Milchfett, stark ent\u00f6ltes Kakaopulver, Emulgator E-322 (Sojalecithin), nat\u00fcrliches Haselnuss- und Vanillearoma.<br \/>\nKann Spuren von anderen Schalenfr\u00fcchten und Erdn\u00fcssen enthalten. GLUTENFREI.<br \/>\nKakao mind. &#8211; Milchschokolade: 35%<\/p>\n<table style=\"border-collapse: collapse;width: 100%\" border=\"1\">\n<thead>\n<tr>\n<th style=\"padding: 6px;text-align: left\">N\u00e4hrstoff<\/th>\n<th style=\"padding: 6px;text-align: left\">Wert pro 100 g<\/th>\n<\/tr>\n<\/thead>\n<tbody>\n<tr>\n<td style=\"padding: 6px\">Energiewert<\/td>\n<td style=\"padding: 6px\">2.344 kJ \/ 562 kcal<\/td>\n<\/tr>\n<tr>\n<td style=\"padding: 6px\">Fett<\/td>\n<td style=\"padding: 6px\">35 g<\/td>\n<\/tr>\n<tr>\n<td style=\"padding: 6px\">\u2014 davon ges\u00e4ttigte Fetts\u00e4uren<\/td>\n<td style=\"padding: 6px\">21,8 g<\/td>\n<\/tr>\n<tr>\n<td style=\"padding: 6px\">Kohlenhydrate<\/td>\n<td style=\"padding: 6px\">51,1 g<\/td>\n<\/tr>\n<tr>\n<td style=\"padding: 6px\">\u2014 davon Zucker<\/td>\n<td style=\"padding: 6px\">54,5 g<\/td>\n<\/tr>\n<tr>\n<td style=\"padding: 6px\">Eiwei\u00df<\/td>\n<td style=\"padding: 6px\">5,4 g<\/td>\n<\/tr>\n<tr>\n<td style=\"padding: 6px\">Salz<\/td>\n<td style=\"padding: 6px\">0,17 g<\/td>\n<\/tr>\n<\/tbody>\n<\/table>\n<hr style=\"margin: 30px 0\" \/>\n<p><strong>BOX MIT FRUCHTGUMMIS<\/strong><\/p>\n<p><strong>Zutaten:<\/strong><br \/>\nGlukosesirup, Zucker, Wasser, Gelatine, Feuchthaltemittel: E420, S\u00e4uerungsmittel: E330, E270, Geliermittel: Pektin, Aromen, S\u00e4ureregulator: E325, Farbstoffe: E129<\/p>\n<table style=\"border-collapse: collapse;width: 100%\" border=\"1\">\n<thead>\n<tr>\n<th style=\"padding: 6px;text-align: left\">N\u00e4hrstoff<\/th>\n<th style=\"padding: 6px;text-align: left\">Wert pro 100 g<\/th>\n<\/tr>\n<\/thead>\n<tbody>\n<tr>\n<td style=\"padding: 6px\">Energiewert<\/td>\n<td style=\"padding: 6px\">1.490 kJ \/ 356 kcal<\/td>\n<\/tr>\n<tr>\n<td style=\"padding: 6px\">Fett<\/td>\n<td style=\"padding: 6px\">0,3 g<\/td>\n<\/tr>\n<tr>\n<td style=\"padding: 6px\">\u2014 davon ges\u00e4ttigte Fetts\u00e4uren<\/td>\n<td style=\"padding: 6px\">0,1 g<\/td>\n<\/tr>\n<tr>\n<td style=\"padding: 6px\">Kohlenhydrate<\/td>\n<td style=\"padding: 6px\">81,6 g<\/td>\n<\/tr>\n<tr>\n<td style=\"padding: 6px\">\u2014 davon Zucker<\/td>\n<td style=\"padding: 6px\">52,3 g<\/td>\n<\/tr>\n<tr>\n<td style=\"padding: 6px\">Eiwei\u00df<\/td>\n<td style=\"padding: 6px\">5,9 g<\/td>\n<\/tr>\n<tr>\n<td style=\"padding: 6px\">Salz<\/td>\n<td style=\"padding: 6px\">0,2 g<\/td>\n<\/tr>\n<\/tbody>\n<\/table>\n<\/div>\n","protected":false},"excerpt":{"rendered":"<p>Ein s\u00fc\u00dfes und personalisiertes Geschenk, das direkt ins Herz trifft. Diese S\u00fc\u00dfigkeitenbox mit He [&#8230;]<\/p>\n","protected":false},"featured_media":500590,"comment_status":"closed","ping_status":"closed","template":"","meta":{"_acf_changed":false},"product_brand":[],"product_cat":[1818],"product_tag":[1802],"class_list":{"0":"post-499955","1":"product","2":"type-product","3":"status-publish","4":"has-post-thumbnail","6":"product_cat-personalisierte-suessigkeiten-und-pralinen","7":"product_tag-lehrer","9":"first","10":"instock","11":"taxable","12":"shipping-taxable","13":"purchasable","14":"product-type-simple"},"acf":[],"df_price":14.99,"df_sale_price":"","df_regular_price":14.99,"df_image_link":"https:\/\/transparentgift.com\/de\/wp-content\/uploads\/2026\/05\/Caja-Dulces_corazon-munecos_1-300x300.jpg","_links":{"self":[{"href":"https:\/\/transparentgift.com\/de\/wp-json\/wp\/v2\/product\/499955","targetHints":{"allow":["GET"]}}],"collection":[{"href":"https:\/\/transparentgift.com\/de\/wp-json\/wp\/v2\/product"}],"about":[{"href":"https:\/\/transparentgift.com\/de\/wp-json\/wp\/v2\/types\/product"}],"replies":[{"embeddable":true,"href":"https:\/\/transparentgift.com\/de\/wp-json\/wp\/v2\/comments?post=499955"}],"wp:featuredmedia":[{"embeddable":true,"href":"https:\/\/transparentgift.com\/de\/wp-json\/wp\/v2\/media\/500590"}],"wp:attachment":[{"href":"https:\/\/transparentgift.com\/de\/wp-json\/wp\/v2\/media?parent=499955"}],"wp:term":[{"taxonomy":"product_brand","embeddable":true,"href":"https:\/\/transparentgift.com\/de\/wp-json\/wp\/v2\/product_brand?post=499955"},{"taxonomy":"product_cat","embeddable":true,"href":"https:\/\/transparentgift.com\/de\/wp-json\/wp\/v2\/product_cat?post=499955"},{"taxonomy":"product_tag","embeddable":true,"href":"https:\/\/transparentgift.com\/de\/wp-json\/wp\/v2\/product_tag?post=499955"}],"curies":[{"name":"wp","href":"https:\/\/api.w.org\/{rel}","templated":true}]}}