{"id":500562,"date":"2026-05-12T11:35:37","date_gmt":"2026-05-12T09:35:37","guid":{"rendered":"https:\/\/transparentgift.com\/de\/?post_type=product&#038;p=500562"},"modified":"2026-05-15T11:36:24","modified_gmt":"2026-05-15T09:36:24","slug":"poster-fuer-lehrkraefte-mit-blumen-und-personalisierten-fotos","status":"publish","type":"product","link":"https:\/\/transparentgift.com\/de\/poster-fuer-lehrkraefte-mit-blumen-und-personalisierten-fotos\/","title":{"rendered":"Poster f\u00fcr Lehrkr\u00e4fte mit Blumen und personalisierten Fotos"},"content":{"rendered":"<p><strong>Ein fr\u00f6hliches und liebevolles Geschenk<\/strong>, um dieser besonderen Lehrerin f\u00fcr alles zu danken, was im Laufe des Schuljahres gemeinsam erlebt wurde. Dieses Poster f\u00fcr Lehrkr\u00e4fte mit Blumen und personalisierten Fotos verwandelt die Erinnerungen der Klasse in einen dekorativen Druck mit einem liebevollen, farbenfrohen und sehr emotionalen Stil.<\/p>\n<p>Sein Design mit Blumen, die aus Fotografien gebildet werden, schafft eine originelle und sehr anschauliche Komposition, die daf\u00fcr gedacht ist, die ganze Gruppe in einem einzigen St\u00fcck zusammenzubringen. Es ist eine perfekte Idee, um mit einer sch\u00f6nen, pers\u00f6nlichen und leicht aufzubewahrenden Erinnerung zu \u00fcberraschen. Au\u00dferdem verleiht es dem Ganzen eine s\u00fc\u00dfe, schulische Ausstrahlung, die in jede Ecke passt und dabei hilft, gemeinsam erlebte Momente auf visuelle Weise wieder aufleben zu lassen.<\/p>\n<p>Es wurde besonders f\u00fcr Familien, Sch\u00fclerinnen und Sch\u00fcler sowie Schulgruppen entworfen, die ein <strong>personalisiertes Geschenk<\/strong> f\u00fcr Lehrerinnen, Lehrer, Klassenleitungen oder Erziehende zum Schuljahresende, zum Abschied aus der Klasse, zu Abschlussfeiern oder Schulfeiern suchen. Dank seiner kindlichen \u00c4sthetik und seiner floralen Komposition eignet es sich auch hervorragend als gemeinsames Klassengeschenk und als Erinnerung f\u00fcr zu Hause, das B\u00fcro oder das Klassenzimmer. Die Kombination aus Bildern und Design macht dieses Poster zu einer ganz besonderen visuellen W\u00fcrdigung, ideal, um zu ber\u00fchren und eine gemeinsam erlebte Zeit voller Lernen, Zuneigung und sch\u00f6ner Momente festzuhalten.<\/p>\n<h4><strong>Eigenschaften:<\/strong><\/h4>\n<ul>\n<li>240 g satiniertes Papier<\/li>\n<li>Verf\u00fcgbare Gr\u00f6\u00dfe: 21 x 29,7 cm<\/li>\n<li>Verf\u00fcgbare Gr\u00f6\u00dfe: 30 x 40 cm<\/li>\n<li>Verf\u00fcgbare Gr\u00f6\u00dfe: 42 x 59,5 cm<\/li>\n<li>Personalisierbar mit Fotos<\/li>\n<\/ul>\n","protected":false},"excerpt":{"rendered":"<p>Ein fr\u00f6hliches und liebevolles Geschenk, um dieser besonderen Lehrerin f\u00fcr alles zu danken, was im [&#8230;]<\/p>\n","protected":false},"featured_media":500784,"comment_status":"open","ping_status":"closed","template":"","meta":{"_acf_changed":false},"product_brand":[],"product_cat":[1833],"product_tag":[1802,1809],"class_list":{"0":"post-500562","1":"product","2":"type-product","3":"status-publish","4":"has-post-thumbnail","6":"product_cat-personalisierte-poster","7":"product_tag-lehrer","8":"product_tag-neu","10":"first","11":"instock","12":"taxable","13":"shipping-taxable","14":"purchasable","15":"product-type-simple"},"acf":[],"df_price":23.99,"df_sale_price":"","df_regular_price":23.99,"df_image_link":"https:\/\/transparentgift.com\/de\/wp-content\/uploads\/2026\/05\/1-1-300x300.jpg","_links":{"self":[{"href":"https:\/\/transparentgift.com\/de\/wp-json\/wp\/v2\/product\/500562","targetHints":{"allow":["GET"]}}],"collection":[{"href":"https:\/\/transparentgift.com\/de\/wp-json\/wp\/v2\/product"}],"about":[{"href":"https:\/\/transparentgift.com\/de\/wp-json\/wp\/v2\/types\/product"}],"replies":[{"embeddable":true,"href":"https:\/\/transparentgift.com\/de\/wp-json\/wp\/v2\/comments?post=500562"}],"wp:featuredmedia":[{"embeddable":true,"href":"https:\/\/transparentgift.com\/de\/wp-json\/wp\/v2\/media\/500784"}],"wp:attachment":[{"href":"https:\/\/transparentgift.com\/de\/wp-json\/wp\/v2\/media?parent=500562"}],"wp:term":[{"taxonomy":"product_brand","embeddable":true,"href":"https:\/\/transparentgift.com\/de\/wp-json\/wp\/v2\/product_brand?post=500562"},{"taxonomy":"product_cat","embeddable":true,"href":"https:\/\/transparentgift.com\/de\/wp-json\/wp\/v2\/product_cat?post=500562"},{"taxonomy":"product_tag","embeddable":true,"href":"https:\/\/transparentgift.com\/de\/wp-json\/wp\/v2\/product_tag?post=500562"}],"curies":[{"name":"wp","href":"https:\/\/api.w.org\/{rel}","templated":true}]}}