{"id":176437,"date":"2023-11-13T18:11:36","date_gmt":"2023-11-13T17:11:36","guid":{"rendered":"https:\/\/transparentgift.com\/?page_id=176437"},"modified":"2026-03-31T15:51:32","modified_gmt":"2026-03-31T13:51:32","slug":"produits","status":"publish","type":"page","link":"https:\/\/transparentgift.com\/fr\/produits\/","title":{"rendered":"Produits"},"content":{"rendered":"<h2><strong>Nos produits personnalis\u00e9s<\/strong><\/h2>\n<p>Dans cette section vous pouvez d\u00e9couvrir l ensemble des cat\u00e9gories de produits personnalis\u00e9s disponibles sur Transparent Gift. Parcourez les collections pour trouver l id\u00e9e de cadeau qui correspond le mieux \u00e0 chaque occasion.<\/p>\n","protected":false},"excerpt":{"rendered":"<p>Nos produits personnalis\u00e9s Dans cette section vous pouvez d\u00e9couvrir l ensemble des cat\u00e9gories de  [&#8230;]<\/p>\n","protected":false},"author":2,"featured_media":0,"parent":0,"menu_order":0,"comment_status":"closed","ping_status":"closed","template":"landing-page-catalogo.php","meta":{"_acf_changed":false,"footnotes":""},"class_list":["post-176437","page","type-page","status-publish","hentry"],"acf":[],"_links":{"self":[{"href":"https:\/\/transparentgift.com\/fr\/wp-json\/wp\/v2\/pages\/176437","targetHints":{"allow":["GET"]}}],"collection":[{"href":"https:\/\/transparentgift.com\/fr\/wp-json\/wp\/v2\/pages"}],"about":[{"href":"https:\/\/transparentgift.com\/fr\/wp-json\/wp\/v2\/types\/page"}],"author":[{"embeddable":true,"href":"https:\/\/transparentgift.com\/fr\/wp-json\/wp\/v2\/users\/2"}],"replies":[{"embeddable":true,"href":"https:\/\/transparentgift.com\/fr\/wp-json\/wp\/v2\/comments?post=176437"}],"version-history":[{"count":9,"href":"https:\/\/transparentgift.com\/fr\/wp-json\/wp\/v2\/pages\/176437\/revisions"}],"predecessor-version":[{"id":501352,"href":"https:\/\/transparentgift.com\/fr\/wp-json\/wp\/v2\/pages\/176437\/revisions\/501352"}],"wp:attachment":[{"href":"https:\/\/transparentgift.com\/fr\/wp-json\/wp\/v2\/media?parent=176437"}],"curies":[{"name":"wp","href":"https:\/\/api.w.org\/{rel}","templated":true}]}}