{"id":2891,"date":"2021-09-23T07:59:23","date_gmt":"2021-09-23T07:59:23","guid":{"rendered":"https:\/\/transparentgift.com\/?page_id=2891"},"modified":"2026-01-14T20:13:02","modified_gmt":"2026-01-14T19:13:02","slug":"mentions-legales","status":"publish","type":"page","link":"https:\/\/transparentgift.com\/fr\/mentions-legales\/","title":{"rendered":"Mentions l\u00e9gales"},"content":{"rendered":"<p><strong>Conform\u00e9ment \u00e0 l\u2019article 10 de la Loi 34\/2002, du 11 juillet, relative aux services de la soci\u00e9t\u00e9 de l\u2019information et du commerce \u00e9lectronique (LSSICE), les informations suivantes sont <span dir=\"ltr\" role=\"presentation\">port\u00e9es \u00e0 la<\/span><br role=\"presentation\" \/><span dir=\"ltr\" role=\"presentation\">connaissance des utilisateurs<\/span> :<\/strong><\/p>\n<p><strong>D\u00e9nomination sociale :<\/strong> Transparent Gift S.L.U<br \/>\n<strong>NIF :<\/strong> B02685584<br \/>\n<strong>Adresse :<\/strong> Carrer Joan XXIII, 3, 46869 \u2013 Atzeneta D\u2019Albaida (Valence), Espagne<br \/>\n<strong>Inscription :<\/strong> Registre du Commerce de VALENCE, Tome 10886, Feuille 203, Section 8, Fiche n\u00b0 V-194910, Inscription 1<\/p>\n<h3>Responsabilit\u00e9<\/h3>\n<p>Dans les limites pr\u00e9vues par la loi, <strong>Transparent Gift S.L.U<\/strong> ne peut \u00eatre tenue responsable d\u2019un manque de v\u00e9racit\u00e9, d\u2019exhaustivit\u00e9, <span dir=\"ltr\" role=\"presentation\">de mise \u00e0<\/span><br role=\"presentation\" \/><span dir=\"ltr\" role=\"presentation\">jour<\/span> ou d\u2019exactitude des donn\u00e9es ou des informations contenues dans ses sites Internet.<\/p>\n<p>Les contenus et informations ne constituent ni des offres contractuelles, ni des conseils ou une assistance juridique de quelque nature que ce soit, mais <span dir=\"ltr\" role=\"presentation\">sont fournis \u00e0 titre<\/span> purement informatif.<\/p>\n<h3>Liens vers des sites tiers<\/h3>\n<p>Les pages Internet de <strong>Transparent Gift S.L.U<\/strong> peuvent contenir des liens vers d\u2019autres sites appartenant \u00e0 des tiers, sur lesquels <strong>Transparent Gift S.L.U<\/strong> n\u2019exerce aucun contr\u00f4le. Par cons\u00e9quent, <strong>Transparent Gift S.L.U<\/strong> d\u00e9cline toute responsabilit\u00e9 quant aux contenus pouvant figurer sur ces sites tiers.<\/p>\n<h3>Propri\u00e9t\u00e9 intellectuelle<\/h3>\n<p>Les textes, images, sons, animations, logiciels et autres contenus de ce site sont la propri\u00e9t\u00e9 exclusive de <strong>Transparent Gift S.L.U<\/strong> ou de ses conc\u00e9dants de licence.<\/p>\n<p>Toute reproduction, transmission, distribution, communication publique, stockage ou utilisation, totale ou partielle, doit faire l\u2019objet de l\u2019autorisation pr\u00e9alable et expresse de <strong>Transparent Gift S.L.U<\/strong>.<\/p>\n<h3>Protection des donn\u00e9es personnelles<\/h3>\n<p>Pour acc\u00e9der \u00e0 certains services propos\u00e9s par <strong>Transparent Gift S.L.U<\/strong> via ce site web, il peut \u00eatre n\u00e9cessaire de fournir des donn\u00e9es \u00e0 caract\u00e8re personnel.<\/p>\n<p>Conform\u00e9ment au <strong>R\u00e8glement (UE) 2016\/679<\/strong> du Parlement europ\u00e9en et du Conseil du 27 avril 2016 (RGPD), nous vous informons que les donn\u00e9es personnelles fournies \u00e0 travers les formulaires de ce site seront int\u00e9gr\u00e9es aux syst\u00e8mes de <strong>Transparent Gift S.L.U<\/strong> et trait\u00e9es afin de pouvoir fournir nos services et vous informer des am\u00e9liorations et nouveaut\u00e9s du site.<\/p>\n<h3>Droits des personnes concern\u00e9es<\/h3>\n<p>Vous pouvez exercer \u00e0 tout moment et gratuitement vos droits d\u2019<strong>acc\u00e8s<\/strong>, de <strong>rectification<\/strong>, d\u2019<strong>effacement<\/strong>, de <strong>limitation du traitement<\/strong>, d\u2019<strong>opposition<\/strong> et de <strong>portabilit\u00e9<\/strong> de vos donn\u00e9es personnelles, par les moyens suivants :<\/p>\n<ul>\n<li><strong>E-mail :<\/strong> <a href=\"mailto:hola@transparentgift.com\">hola@transparentgift.com<\/a><\/li>\n<li><strong>Adresse postale :<\/strong> Carrer Joan XXIII, 3, 46869 \u2013 Atzeneta D\u2019Albaida (Valencia), Espagne<\/li>\n<\/ul>\n","protected":false},"excerpt":{"rendered":"<p>Conform\u00e9ment \u00e0 l\u2019article 10 de la Loi 34\/2002, du 11 juillet, relative aux services de la soci\u00e9 [&#8230;]<\/p>\n","protected":false},"author":2,"featured_media":0,"parent":0,"menu_order":0,"comment_status":"closed","ping_status":"closed","template":"","meta":{"_acf_changed":false,"footnotes":""},"class_list":["post-2891","page","type-page","status-publish","hentry"],"acf":[],"_links":{"self":[{"href":"https:\/\/transparentgift.com\/fr\/wp-json\/wp\/v2\/pages\/2891","targetHints":{"allow":["GET"]}}],"collection":[{"href":"https:\/\/transparentgift.com\/fr\/wp-json\/wp\/v2\/pages"}],"about":[{"href":"https:\/\/transparentgift.com\/fr\/wp-json\/wp\/v2\/types\/page"}],"author":[{"embeddable":true,"href":"https:\/\/transparentgift.com\/fr\/wp-json\/wp\/v2\/users\/2"}],"replies":[{"embeddable":true,"href":"https:\/\/transparentgift.com\/fr\/wp-json\/wp\/v2\/comments?post=2891"}],"version-history":[{"count":10,"href":"https:\/\/transparentgift.com\/fr\/wp-json\/wp\/v2\/pages\/2891\/revisions"}],"predecessor-version":[{"id":499750,"href":"https:\/\/transparentgift.com\/fr\/wp-json\/wp\/v2\/pages\/2891\/revisions\/499750"}],"wp:attachment":[{"href":"https:\/\/transparentgift.com\/fr\/wp-json\/wp\/v2\/media?parent=2891"}],"curies":[{"name":"wp","href":"https:\/\/api.w.org\/{rel}","templated":true}]}}