{"id":2901,"date":"2021-09-23T08:02:49","date_gmt":"2021-09-23T08:02:49","guid":{"rendered":"https:\/\/transparentgift.com\/?page_id=2901"},"modified":"2025-11-20T21:53:54","modified_gmt":"2025-11-20T20:53:54","slug":"politique-de-cookies","status":"publish","type":"page","link":"https:\/\/transparentgift.com\/fr\/politique-de-cookies\/","title":{"rendered":"Politique de cookies"},"content":{"rendered":"<p id=\"CookieDeclaration\">\n<h3>Acceptation de cette politique de cookies<\/h3>\n<p>Si vous continuez \u00e0 naviguer sur transparentgift.com, nous consid\u00e9rerons que vous acceptez la pr\u00e9sente politique de cookies.<\/p>\n<p>Pour toute question ou information compl\u00e9mentaire concernant l\u2019utilisation des cookies, vous pouvez nous contacter \u00e0 l\u2019adresse suivante : <strong>hola@transparentgift.com<\/strong>.<\/p>\n","protected":false},"excerpt":{"rendered":"<p>Acceptation de cette politique de cookies Si vous continuez \u00e0 naviguer sur transparentgift.com, nou [&#8230;]<\/p>\n","protected":false},"author":2,"featured_media":0,"parent":0,"menu_order":0,"comment_status":"closed","ping_status":"closed","template":"","meta":{"_acf_changed":false,"footnotes":""},"class_list":["post-2901","page","type-page","status-publish","hentry"],"acf":[],"_links":{"self":[{"href":"https:\/\/transparentgift.com\/fr\/wp-json\/wp\/v2\/pages\/2901","targetHints":{"allow":["GET"]}}],"collection":[{"href":"https:\/\/transparentgift.com\/fr\/wp-json\/wp\/v2\/pages"}],"about":[{"href":"https:\/\/transparentgift.com\/fr\/wp-json\/wp\/v2\/types\/page"}],"author":[{"embeddable":true,"href":"https:\/\/transparentgift.com\/fr\/wp-json\/wp\/v2\/users\/2"}],"replies":[{"embeddable":true,"href":"https:\/\/transparentgift.com\/fr\/wp-json\/wp\/v2\/comments?post=2901"}],"version-history":[{"count":10,"href":"https:\/\/transparentgift.com\/fr\/wp-json\/wp\/v2\/pages\/2901\/revisions"}],"predecessor-version":[{"id":497691,"href":"https:\/\/transparentgift.com\/fr\/wp-json\/wp\/v2\/pages\/2901\/revisions\/497691"}],"wp:attachment":[{"href":"https:\/\/transparentgift.com\/fr\/wp-json\/wp\/v2\/media?parent=2901"}],"curies":[{"name":"wp","href":"https:\/\/api.w.org\/{rel}","templated":true}]}}