{"id":372581,"date":"2024-11-16T13:31:17","date_gmt":"2024-11-16T12:31:17","guid":{"rendered":"https:\/\/transparentgift.com\/?page_id=372581"},"modified":"2025-11-20T22:08:45","modified_gmt":"2025-11-20T21:08:45","slug":"produits-spotify-personnalises","status":"publish","type":"page","link":"https:\/\/transparentgift.com\/fr\/produits-spotify-personnalises\/","title":{"rendered":"Produits Spotify personnalis\u00e9s"},"content":{"rendered":"<h2><strong>Produits Spotify personnalis\u00e9s<\/strong><\/h2>\n<p>Avec nos produits Spotify personnalis\u00e9s vous pouvez transformer une chanson importante en cadeau original. Nous imprimons la pochette, le titre, le nom de l artiste et le code Spotify sur des plaques en acrylique, des cadres ou d autres supports d\u00e9coratifs.<\/p>\n<p>C est une excellente id\u00e9e pour c\u00e9l\u00e9brer un moment cl\u00e9 avec votre partenaire, vos amis ou votre famille en gardant toujours sous les yeux la musique qui vous relie.<\/p>\n","protected":false},"excerpt":{"rendered":"<p>Produits Spotify personnalis\u00e9s Avec nos produits Spotify personnalis\u00e9s vous pouvez transformer une [&#8230;]<\/p>\n","protected":false},"author":2,"featured_media":497860,"parent":0,"menu_order":0,"comment_status":"closed","ping_status":"closed","template":"landing-page.php","meta":{"_acf_changed":false,"footnotes":""},"class_list":["post-372581","page","type-page","status-publish","has-post-thumbnail","hentry"],"acf":[],"_links":{"self":[{"href":"https:\/\/transparentgift.com\/fr\/wp-json\/wp\/v2\/pages\/372581","targetHints":{"allow":["GET"]}}],"collection":[{"href":"https:\/\/transparentgift.com\/fr\/wp-json\/wp\/v2\/pages"}],"about":[{"href":"https:\/\/transparentgift.com\/fr\/wp-json\/wp\/v2\/types\/page"}],"author":[{"embeddable":true,"href":"https:\/\/transparentgift.com\/fr\/wp-json\/wp\/v2\/users\/2"}],"replies":[{"embeddable":true,"href":"https:\/\/transparentgift.com\/fr\/wp-json\/wp\/v2\/comments?post=372581"}],"version-history":[{"count":3,"href":"https:\/\/transparentgift.com\/fr\/wp-json\/wp\/v2\/pages\/372581\/revisions"}],"predecessor-version":[{"id":497695,"href":"https:\/\/transparentgift.com\/fr\/wp-json\/wp\/v2\/pages\/372581\/revisions\/497695"}],"wp:featuredmedia":[{"embeddable":true,"href":"https:\/\/transparentgift.com\/fr\/wp-json\/wp\/v2\/media\/497860"}],"wp:attachment":[{"href":"https:\/\/transparentgift.com\/fr\/wp-json\/wp\/v2\/media?parent=372581"}],"curies":[{"name":"wp","href":"https:\/\/api.w.org\/{rel}","templated":true}]}}