{"id":406052,"date":"2025-01-09T21:16:57","date_gmt":"2025-01-09T20:16:57","guid":{"rendered":"https:\/\/transparentgift.com\/?page_id=406052"},"modified":"2026-01-14T20:06:08","modified_gmt":"2026-01-14T19:06:08","slug":"funko-pop-personnalises","status":"publish","type":"page","link":"https:\/\/transparentgift.com\/fr\/funko-pop-personnalises\/","title":{"rendered":"Funko Pop personnalis\u00e9s"},"content":{"rendered":"<h2 class=\"wp-block-heading\">Funko Pop personnalis\u00e9s pour un cadeau original<\/h2>\n<p>Les Funko Pop personnalis\u00e9s sont une mani\u00e8re amusante de repr\u00e9senter une personne ou un animal de compagnie sous forme de figurine. Avec Transparent Gift vous pouvez cr\u00e9er votre personnage style Funko et l imprimer sur des coussins, pyjamas, lampes, cadres et bien d<span dir=\"ltr\" role=\"presentation\">\u2019<\/span>autres produits.<\/p>\n<h2 class=\"wp-block-heading\">Comment se d\u00e9roule la personnalisation<\/h2>\n<p>Vous choisissez les principaux d\u00e9tails comme la couleur et la coupe des cheveux, les v\u00eatements et les accessoires. \u00c0 partir de ces informations<span dir=\"ltr\" role=\"presentation\">,<\/span> nous r\u00e9alisons une illustration unique qui sera appliqu\u00e9e sur le produit s\u00e9lectionn\u00e9 pour obtenir un r\u00e9sultat fid\u00e8le \u00e0 la r\u00e9alit\u00e9.<\/p>\n<h2 class=\"wp-block-heading\">Id\u00e9es cadeaux avec Funko Pop personnalis\u00e9s<\/h2>\n<p>Ces cr\u00e9ations sont parfaites pour un anniversaire, No\u00ebl, la f\u00eate des m\u00e8res, la f\u00eate des p\u00e8res ou pour surprendre un ami proche. Vous pouvez aussi imaginer une version de toute la famille, animaux inclus, pour d\u00e9corer la maison avec une touche ludique et tr\u00e8s personnelle.<\/p>\n<p>Si vous recherchez un cadeau vraiment diff\u00e9rent, un Funko Pop personnalis\u00e9 deviendra un souvenir plein de personnalit\u00e9 et de bonne humeur.<\/p>\n","protected":false},"excerpt":{"rendered":"<p>Funko Pop personnalis\u00e9s pour un cadeau original Les Funko Pop personnalis\u00e9s sont une mani\u00e8re amus [&#8230;]<\/p>\n","protected":false},"author":122,"featured_media":497861,"parent":0,"menu_order":0,"comment_status":"closed","ping_status":"closed","template":"landing-page.php","meta":{"_acf_changed":false,"footnotes":""},"class_list":["post-406052","page","type-page","status-publish","has-post-thumbnail","hentry"],"acf":[],"_links":{"self":[{"href":"https:\/\/transparentgift.com\/fr\/wp-json\/wp\/v2\/pages\/406052","targetHints":{"allow":["GET"]}}],"collection":[{"href":"https:\/\/transparentgift.com\/fr\/wp-json\/wp\/v2\/pages"}],"about":[{"href":"https:\/\/transparentgift.com\/fr\/wp-json\/wp\/v2\/types\/page"}],"author":[{"embeddable":true,"href":"https:\/\/transparentgift.com\/fr\/wp-json\/wp\/v2\/users\/122"}],"replies":[{"embeddable":true,"href":"https:\/\/transparentgift.com\/fr\/wp-json\/wp\/v2\/comments?post=406052"}],"version-history":[{"count":9,"href":"https:\/\/transparentgift.com\/fr\/wp-json\/wp\/v2\/pages\/406052\/revisions"}],"predecessor-version":[{"id":499749,"href":"https:\/\/transparentgift.com\/fr\/wp-json\/wp\/v2\/pages\/406052\/revisions\/499749"}],"wp:featuredmedia":[{"embeddable":true,"href":"https:\/\/transparentgift.com\/fr\/wp-json\/wp\/v2\/media\/497861"}],"wp:attachment":[{"href":"https:\/\/transparentgift.com\/fr\/wp-json\/wp\/v2\/media?parent=406052"}],"curies":[{"name":"wp","href":"https:\/\/api.w.org\/{rel}","templated":true}]}}