{"id":420424,"date":"2025-02-10T10:28:43","date_gmt":"2025-02-10T09:28:43","guid":{"rendered":"https:\/\/transparentgift.com\/?page_id=420424"},"modified":"2026-01-14T19:49:33","modified_gmt":"2026-01-14T18:49:33","slug":"politique-de-confidentialite","status":"publish","type":"page","link":"https:\/\/transparentgift.com\/fr\/politique-de-confidentialite\/","title":{"rendered":"Politique de confidentialit\u00e9"},"content":{"rendered":"<p><strong>Responsable du traitement des donn\u00e9es<\/strong><\/p>\n<p>Le responsable du traitement des donn\u00e9es personnelles collect\u00e9es via ce site est Transparent Gift S.L.U, Carrer Joan XXIII, 3, 46869 \u2013 Atzeneta D\u2019Albaida (Valence), Espagne, NIF B02685584, e-mail : <a href=\"mailto:hola@transparentgift.com\">hola@transparentgift.com<\/a>.<\/p>\n<p><strong>Finalit\u00e9s du traitement<\/strong><\/p>\n<p>Nous traitons les donn\u00e9es personnelles de l\u2019UTILISATEUR afin de g\u00e9rer les demandes d\u2019information, la gestion des comptes clients, le traitement des commandes, la facturation, l\u2019envoi de communications li\u00e9es \u00e0 la commande et, sous r\u00e9serve du consentement de l\u2019UTILISATEUR, l\u2019envoi de communications commerciales concernant des produits ou services de Transparent Gift S.L.U.<\/p>\n<p><strong>Base l\u00e9gale<\/strong><\/p>\n<p>Le traitement repose sur les bases juridiques suivantes : le consentement de l\u2019UTILISATEUR, l\u2019ex\u00e9cution d\u2019un contrat de vente, le respect des obligations l\u00e9gales incombant au PRESTATAIRE et l\u2019int\u00e9r\u00eat l\u00e9gitime \u00e0 am\u00e9liorer les services et \u00e0 garantir la s\u00e9curit\u00e9 du site.<\/p>\n<p><strong>Dur\u00e9e de conservation<\/strong><\/p>\n<p>Les donn\u00e9es personnelles sont conserv\u00e9es pendant la dur\u00e9e n\u00e9cessaire \u00e0 la r\u00e9alisation des finalit\u00e9s pour lesquelles elles ont \u00e9t\u00e9 collect\u00e9es et pour la d\u00e9termination d\u2019\u00e9ventuelles responsabilit\u00e9s. En particulier, les donn\u00e9es relatives aux commandes sont conserv\u00e9es pendant les d\u00e9lais pr\u00e9vus par la l\u00e9gislation fiscale et comptable <span dir=\"ltr\" role=\"presentation\">en vigueur<\/span>.<\/p>\n<p><strong>Destinataires<\/strong><\/p>\n<p>Les donn\u00e9es peuvent \u00eatre communiqu\u00e9es, lorsque cela est n\u00e9cessaire, aux \u00e9tablissements financiers pour la gestion des paiements, aux prestataires de services de logistique et de transport pour la livraison des commandes, aux prestataires de services techniques (h\u00e9bergement, outils d\u2019e-mailing, plateformes marketing) ainsi qu\u2019aux administrations publiques comp\u00e9tentes, dans les cas pr\u00e9vus par la loi. Ces destinataires traiteront toujours les donn\u00e9es pour le compte de Transparent Gift S.L.U et dans le cadre de contrats conformes \u00e0 la r\u00e8glementation applicable.<\/p>\n<p><strong>Transferts internationaux<\/strong><\/p>\n<p>Si certains de nos prestataires de services sont situ\u00e9s en dehors de l\u2019Espace \u00e9conomique europ\u00e9en, nous veillerons \u00e0 ce qu\u2019ils offrent un niveau de protection ad\u00e9quat ou qu\u2019ils disposent de garanties appropri\u00e9es, telles que les clauses contractuelles types approuv\u00e9es par la Commission europ\u00e9enne.<\/p>\n<p><strong>Droits de l\u2019UTILISATEUR<\/strong><\/p>\n<p>L\u2019UTILISATEUR peut exercer \u00e0 tout moment ses droits d\u2019acc\u00e8s, de rectification, d\u2019effacement, de limitation du traitement, d\u2019opposition et de portabilit\u00e9 de ses donn\u00e9es personnelles, conform\u00e9ment \u00e0 la <span dir=\"ltr\" role=\"presentation\">r\u00e8glementation<\/span> en vigueur.<\/p>\n<p>Pour exercer ces droits, l\u2019UTILISATEUR peut envoyer une demande, accompagn\u00e9e d\u2019une copie d\u2019une pi\u00e8ce d\u2019identit\u00e9, par l\u2019un des moyens suivants :<\/p>\n<ul>\n<li>E-mail : <a href=\"mailto:hola@transparentgift.com\">hola@transparentgift.com<\/a><\/li>\n<li>Courrier postal : Carrer Joan XXIII, 3, 46869 \u2013 Atzeneta D\u2019Albaida (Valencia), Espagne<\/li>\n<\/ul>\n<p><strong>Communications commerciales<\/strong><\/p>\n<p>Conform\u00e9ment \u00e0 la r\u00e9glementation <span dir=\"ltr\" role=\"presentation\">relative aux<\/span> services de la soci\u00e9t\u00e9 de l\u2019information, Transparent Gift S.L.U n\u2019enverra pas de communications commerciales par voie \u00e9lectronique qui n\u2019aient pas \u00e9t\u00e9 pr\u00e9alablement sollicit\u00e9es ou express\u00e9ment autoris\u00e9es par l\u2019UTILISATEUR. Dans chaque communication, l\u2019UTILISATEUR pourra s\u2019opposer \u00e0 la r\u00e9ception de nouveaux messages via les m\u00e9canismes pr\u00e9vus \u00e0 cet effet.<\/p>\n<p><strong>Mesures de s\u00e9curit\u00e9<\/strong><\/p>\n<p>Transparent Gift S.L.U applique des mesures techniques et organisationnelles appropri\u00e9es afin de garantir un niveau de s\u00e9curit\u00e9 adapt\u00e9 au risque, pour \u00e9viter la perte, l\u2019utilisation abusive, l\u2019alt\u00e9ration, l\u2019acc\u00e8s non autoris\u00e9 ou le vol des donn\u00e9es personnelles fournies par l\u2019UTILISATEUR.<\/p>\n<p><strong>Modifications de la politique de confidentialit\u00e9<\/strong><\/p>\n<p>Transparent Gift S.L.U se r\u00e9serve le droit de modifier la pr\u00e9sente politique de confidentialit\u00e9 afin de l\u2019adapter aux \u00e9volutions l\u00e9gislatives ou jurisprudentielles, ainsi qu\u2019aux pratiques du secteur. <span dir=\"ltr\" role=\"presentation\">Toute modification substantielle sera port\u00e9e \u00e0 <\/span><span dir=\"ltr\" role=\"presentation\">la connaissance des utilisateurs par le biais du site, dans un d\u00e9lai <\/span><span dir=\"ltr\" role=\"presentation\">raisonnable<\/span>.<\/p>\n","protected":false},"excerpt":{"rendered":"<p>Responsable du traitement des donn\u00e9es Le responsable du traitement des donn\u00e9es personnelles collec [&#8230;]<\/p>\n","protected":false},"author":2,"featured_media":0,"parent":0,"menu_order":0,"comment_status":"closed","ping_status":"closed","template":"","meta":{"_acf_changed":false,"footnotes":""},"class_list":["post-420424","page","type-page","status-publish","hentry"],"acf":[],"_links":{"self":[{"href":"https:\/\/transparentgift.com\/fr\/wp-json\/wp\/v2\/pages\/420424","targetHints":{"allow":["GET"]}}],"collection":[{"href":"https:\/\/transparentgift.com\/fr\/wp-json\/wp\/v2\/pages"}],"about":[{"href":"https:\/\/transparentgift.com\/fr\/wp-json\/wp\/v2\/types\/page"}],"author":[{"embeddable":true,"href":"https:\/\/transparentgift.com\/fr\/wp-json\/wp\/v2\/users\/2"}],"replies":[{"embeddable":true,"href":"https:\/\/transparentgift.com\/fr\/wp-json\/wp\/v2\/comments?post=420424"}],"version-history":[{"count":4,"href":"https:\/\/transparentgift.com\/fr\/wp-json\/wp\/v2\/pages\/420424\/revisions"}],"predecessor-version":[{"id":499744,"href":"https:\/\/transparentgift.com\/fr\/wp-json\/wp\/v2\/pages\/420424\/revisions\/499744"}],"wp:attachment":[{"href":"https:\/\/transparentgift.com\/fr\/wp-json\/wp\/v2\/media?parent=420424"}],"curies":[{"name":"wp","href":"https:\/\/api.w.org\/{rel}","templated":true}]}}